{"id":3399,"date":"2021-05-07T16:08:25","date_gmt":"2021-05-07T14:08:25","guid":{"rendered":"https:\/\/mobishop-posusje.com\/?post_type=product&#038;p=3399"},"modified":"2025-10-22T08:00:14","modified_gmt":"2025-10-22T08:00:14","slug":"panasonic-bezicni-kucni-telefon-kx-tg1612fx","status":"publish","type":"product","link":"https:\/\/mobishop-posusje.com\/en\/svi-proizvodi\/mobiteli-i-oprema\/kucni-telefoni\/panasonic-bezicni-kucni-telefon-kx-tg1612fx\/","title":{"rendered":"Panasonic Be\u017ei\u010dni Ku\u0107ni Telefon KX-TG1612FX"},"content":{"rendered":"","protected":false},"excerpt":{"rendered":"<div class=\"gem-list gem-list-type-check-style-1 gem-list-color-14\">\n<ul>\n<li>Podr\u0161ka za vi\u0161e slu\u0161alica<\/li>\n<li>Identifikacija pozivatelja uz popis 50 posljednjih brojeva i imena<\/li>\n<li>Osvijetljeni LCD zaslon<\/li>\n<li>Trenuta\u010dno ponovno pozivanje iz imenika s 50 imena i brojeva<\/li>\n<li>Standby vrijeme od 150 sati, vrijeme razgovora od 17 sati<\/li>\n<li>Biranje jednim dodirom do 9 brojeva<\/li>\n<li>Sat i alarm<\/li>\n<\/ul>\n<\/div>","protected":false},"featured_media":30279,"comment_status":"closed","ping_status":"closed","template":"","meta":{"_themeisle_gutenberg_block_has_review":false},"product_brand":[],"product_cat":[355,364,288],"product_tag":[],"class_list":{"0":"post-3399","1":"product","2":"type-product","3":"status-publish","4":"has-post-thumbnail","6":"product_cat-mobiteli-i-oprema","7":"product_cat-kucni-telefoni","8":"product_cat-svi-proizvodi","10":"first","11":"instock","12":"purchasable","13":"product-type-simple","14":"add-to-wishlist-after_add_to_cart"},"_links":{"self":[{"href":"https:\/\/mobishop-posusje.com\/en\/wp-json\/wp\/v2\/product\/3399","targetHints":{"allow":["GET"]}}],"collection":[{"href":"https:\/\/mobishop-posusje.com\/en\/wp-json\/wp\/v2\/product"}],"about":[{"href":"https:\/\/mobishop-posusje.com\/en\/wp-json\/wp\/v2\/types\/product"}],"replies":[{"embeddable":true,"href":"https:\/\/mobishop-posusje.com\/en\/wp-json\/wp\/v2\/comments?post=3399"}],"version-history":[{"count":2,"href":"https:\/\/mobishop-posusje.com\/en\/wp-json\/wp\/v2\/product\/3399\/revisions"}],"predecessor-version":[{"id":7079,"href":"https:\/\/mobishop-posusje.com\/en\/wp-json\/wp\/v2\/product\/3399\/revisions\/7079"}],"wp:featuredmedia":[{"embeddable":true,"href":"https:\/\/mobishop-posusje.com\/en\/wp-json\/wp\/v2\/media\/30279"}],"wp:attachment":[{"href":"https:\/\/mobishop-posusje.com\/en\/wp-json\/wp\/v2\/media?parent=3399"}],"wp:term":[{"taxonomy":"product_brand","embeddable":true,"href":"https:\/\/mobishop-posusje.com\/en\/wp-json\/wp\/v2\/product_brand?post=3399"},{"taxonomy":"product_cat","embeddable":true,"href":"https:\/\/mobishop-posusje.com\/en\/wp-json\/wp\/v2\/product_cat?post=3399"},{"taxonomy":"product_tag","embeddable":true,"href":"https:\/\/mobishop-posusje.com\/en\/wp-json\/wp\/v2\/product_tag?post=3399"}],"curies":[{"name":"wp","href":"https:\/\/api.w.org\/{rel}","templated":true}]}}