{"id":3454,"date":"2021-05-11T10:20:32","date_gmt":"2021-05-11T08:20:32","guid":{"rendered":"https:\/\/mobishop-posusje.com\/?post_type=product&#038;p=3454"},"modified":"2025-04-15T12:44:53","modified_gmt":"2025-04-15T12:44:53","slug":"xiaomi-mi-alot-router-ac2350","status":"publish","type":"product","link":"https:\/\/mobishop-posusje.com\/en\/svi-proizvodi\/racunari\/mrezna-oprema-i-hardver\/xiaomi-mi-alot-router-ac2350\/","title":{"rendered":"Xiaomi Mi AloT Router AC2350"},"content":{"rendered":"","protected":false},"excerpt":{"rendered":"<div class=\"gem-list gem-list-type-check-style-1 gem-list-color-14\">\n<ul>\n<li><strong>7 vanjskih antena i poja\u010dala poja\u010davaju Wi-Fi signale u svaki kutak va\u0161eg doma.<\/strong><\/li>\n<li>Usmjeriva\u010d koji se isti\u010de po svojih 7 vanjskih antena s neovisnim poja\u010dalima, \u0161to jam\u010di dobru pokrivenost be\u017ei\u010dne mre\u017ee.<\/li>\n<li>Podr\u017eava do 128 ure\u0111aja spojenih istovremeno.<\/li>\n<li>Uklju\u010duje specifi\u010dnu antenu za AIoT ure\u0111aje.<\/li>\n<\/ul>\n<\/div>","protected":false},"featured_media":30466,"comment_status":"closed","ping_status":"closed","template":"","meta":{"_themeisle_gutenberg_block_has_review":false},"product_brand":[],"product_cat":[335,337,288],"product_tag":[],"class_list":{"0":"post-3454","1":"product","2":"type-product","3":"status-publish","4":"has-post-thumbnail","6":"product_cat-racunari","7":"product_cat-mrezna-oprema-i-hardver","8":"product_cat-svi-proizvodi","10":"first","11":"instock","12":"purchasable","13":"product-type-simple","14":"add-to-wishlist-after_add_to_cart"},"_links":{"self":[{"href":"https:\/\/mobishop-posusje.com\/en\/wp-json\/wp\/v2\/product\/3454","targetHints":{"allow":["GET"]}}],"collection":[{"href":"https:\/\/mobishop-posusje.com\/en\/wp-json\/wp\/v2\/product"}],"about":[{"href":"https:\/\/mobishop-posusje.com\/en\/wp-json\/wp\/v2\/types\/product"}],"replies":[{"embeddable":true,"href":"https:\/\/mobishop-posusje.com\/en\/wp-json\/wp\/v2\/comments?post=3454"}],"version-history":[{"count":3,"href":"https:\/\/mobishop-posusje.com\/en\/wp-json\/wp\/v2\/product\/3454\/revisions"}],"predecessor-version":[{"id":7069,"href":"https:\/\/mobishop-posusje.com\/en\/wp-json\/wp\/v2\/product\/3454\/revisions\/7069"}],"wp:featuredmedia":[{"embeddable":true,"href":"https:\/\/mobishop-posusje.com\/en\/wp-json\/wp\/v2\/media\/30466"}],"wp:attachment":[{"href":"https:\/\/mobishop-posusje.com\/en\/wp-json\/wp\/v2\/media?parent=3454"}],"wp:term":[{"taxonomy":"product_brand","embeddable":true,"href":"https:\/\/mobishop-posusje.com\/en\/wp-json\/wp\/v2\/product_brand?post=3454"},{"taxonomy":"product_cat","embeddable":true,"href":"https:\/\/mobishop-posusje.com\/en\/wp-json\/wp\/v2\/product_cat?post=3454"},{"taxonomy":"product_tag","embeddable":true,"href":"https:\/\/mobishop-posusje.com\/en\/wp-json\/wp\/v2\/product_tag?post=3454"}],"curies":[{"name":"wp","href":"https:\/\/api.w.org\/{rel}","templated":true}]}}