{"id":3456,"date":"2021-05-11T10:28:06","date_gmt":"2021-05-11T08:28:06","guid":{"rendered":"https:\/\/mobishop-posusje.com\/?post_type=product&#038;p=3456"},"modified":"2025-04-15T12:48:21","modified_gmt":"2025-04-15T12:48:21","slug":"xiaomi-mi-router-4c","status":"publish","type":"product","link":"https:\/\/mobishop-posusje.com\/en\/svi-proizvodi\/racunari\/mrezna-oprema-i-hardver\/xiaomi-mi-router-4c\/","title":{"rendered":"Xiaomi Mi Router 4C"},"content":{"rendered":"","protected":false},"excerpt":{"rendered":"<div class=\"gem-list gem-list-type-check-style-1 gem-list-color-14\">\n<ul>\n<li><strong>4 vanjske antene s poja\u010danjem signala od 5dBi<\/strong><\/li>\n<li>Mo\u017eete dopustiti Mi Router-u 4C da provede inteligentnu optimizaciju tako da imate jednostavnije iskustvo igranja igara, gledanja videozapisa ili pregledavanja interneta.<\/li>\n<li>Radi boljeg mre\u017enog iskustva mo\u017eete prioritetno odrediti \u0161irinu mre\u017ee za jedan ure\u0111aj.<\/li>\n<li>Mo\u017eete upravljati ku\u0107nom mre\u017eom u bilo kojem trenutku pomo\u0107u Mi WiFi aplikacije koja Vam omogu\u0107ava da provjerite status svoje ku\u0107ne mre\u017ee \u010dak i kada niste ku\u0107i.<\/li>\n<\/ul>\n<\/div>","protected":false},"featured_media":30469,"comment_status":"closed","ping_status":"closed","template":"","meta":{"_themeisle_gutenberg_block_has_review":false},"product_brand":[],"product_cat":[335,337,288],"product_tag":[],"class_list":{"0":"post-3456","1":"product","2":"type-product","3":"status-publish","4":"has-post-thumbnail","6":"product_cat-racunari","7":"product_cat-mrezna-oprema-i-hardver","8":"product_cat-svi-proizvodi","10":"first","11":"outofstock","12":"purchasable","13":"product-type-simple","14":"add-to-wishlist-after_add_to_cart"},"_links":{"self":[{"href":"https:\/\/mobishop-posusje.com\/en\/wp-json\/wp\/v2\/product\/3456","targetHints":{"allow":["GET"]}}],"collection":[{"href":"https:\/\/mobishop-posusje.com\/en\/wp-json\/wp\/v2\/product"}],"about":[{"href":"https:\/\/mobishop-posusje.com\/en\/wp-json\/wp\/v2\/types\/product"}],"replies":[{"embeddable":true,"href":"https:\/\/mobishop-posusje.com\/en\/wp-json\/wp\/v2\/comments?post=3456"}],"version-history":[{"count":2,"href":"https:\/\/mobishop-posusje.com\/en\/wp-json\/wp\/v2\/product\/3456\/revisions"}],"predecessor-version":[{"id":7067,"href":"https:\/\/mobishop-posusje.com\/en\/wp-json\/wp\/v2\/product\/3456\/revisions\/7067"}],"wp:featuredmedia":[{"embeddable":true,"href":"https:\/\/mobishop-posusje.com\/en\/wp-json\/wp\/v2\/media\/30469"}],"wp:attachment":[{"href":"https:\/\/mobishop-posusje.com\/en\/wp-json\/wp\/v2\/media?parent=3456"}],"wp:term":[{"taxonomy":"product_brand","embeddable":true,"href":"https:\/\/mobishop-posusje.com\/en\/wp-json\/wp\/v2\/product_brand?post=3456"},{"taxonomy":"product_cat","embeddable":true,"href":"https:\/\/mobishop-posusje.com\/en\/wp-json\/wp\/v2\/product_cat?post=3456"},{"taxonomy":"product_tag","embeddable":true,"href":"https:\/\/mobishop-posusje.com\/en\/wp-json\/wp\/v2\/product_tag?post=3456"}],"curies":[{"name":"wp","href":"https:\/\/api.w.org\/{rel}","templated":true}]}}