{"id":3460,"date":"2021-05-11T10:39:05","date_gmt":"2021-05-11T08:39:05","guid":{"rendered":"https:\/\/mobishop-posusje.com\/?post_type=product&#038;p=3460"},"modified":"2025-04-24T18:50:21","modified_gmt":"2025-04-24T18:50:21","slug":"xiaomi-18w-mi-car-charger-pro-brzo-punjenje","status":"publish","type":"product","link":"https:\/\/mobishop-posusje.com\/en\/svi-proizvodi\/mobiteli-i-oprema\/punjaci\/auto-punjaci-za-telefone\/xiaomi-18w-mi-car-charger-pro-brzo-punjenje\/","title":{"rendered":"Xiaomi 18w Mi Car Charger Pro \/ Brzo Punjenje"},"content":{"rendered":"","protected":false},"excerpt":{"rendered":"<div class=\"gem-list gem-list-type-check-style-1 gem-list-color-14\">\n<ul>\n<li>Maksimalna snaga punjenja od 36 W, optimizirano brzo punjenje<\/li>\n<li>Dvostruki USB priklju\u010dci QC 3.0<\/li>\n<li>Kompatibilno sa iOS i Android ure\u0111ajima<\/li>\n<li>Svijetla LED svjetla, elegantan dizajn i dobra vidljivost \u010dak i no\u0107u<\/li>\n<li>Razni za\u0161titni mehanizmi (prenapon, preoptere\u0107enje, prekomjerna struja, pregrijavanje, kratki spoj, za\u0161tita od elektromagnetskih smetnji)<\/li>\n<li>Originalni automobilski punja\u010d Xiaomi Mi Pro od 18 W s dva USB priklju\u010dka<\/li>\n<li>Zahvaljuju\u0107i izlaznoj snazi od 2 x 2,4A, osigurava brzo punjenje<\/li>\n<li>Xiaomi Mi punja\u010d za automobil omogu\u0107uje vam istovremeno punjenje dva ure\u0111aja<\/li>\n<li>Pametni \u010dip identificira va\u0161 ure\u0111aj i pru\u017ea optimalno rje\u0161enje za punjenje<\/li>\n<li>LED indikator punjenja osigurava bolju vidljivost u uvjetima slabog osvjetljenja<\/li>\n<li>Kompatibilno s ve\u0107inom ure\u0111aja s napajanjem putem USB-a (kabel za punjenje nije uklju\u010den)<\/li>\n<\/ul><\/div>","protected":false},"featured_media":30270,"comment_status":"closed","ping_status":"closed","template":"","meta":{"_themeisle_gutenberg_block_has_review":false},"product_brand":[],"product_cat":[355,360,358,288],"product_tag":[],"class_list":{"0":"post-3460","1":"product","2":"type-product","3":"status-publish","4":"has-post-thumbnail","6":"product_cat-mobiteli-i-oprema","7":"product_cat-auto-punjaci-za-telefone","8":"product_cat-punjaci","9":"product_cat-svi-proizvodi","11":"first","12":"instock","13":"purchasable","14":"product-type-simple","15":"add-to-wishlist-after_add_to_cart"},"_links":{"self":[{"href":"https:\/\/mobishop-posusje.com\/en\/wp-json\/wp\/v2\/product\/3460","targetHints":{"allow":["GET"]}}],"collection":[{"href":"https:\/\/mobishop-posusje.com\/en\/wp-json\/wp\/v2\/product"}],"about":[{"href":"https:\/\/mobishop-posusje.com\/en\/wp-json\/wp\/v2\/types\/product"}],"replies":[{"embeddable":true,"href":"https:\/\/mobishop-posusje.com\/en\/wp-json\/wp\/v2\/comments?post=3460"}],"version-history":[{"count":4,"href":"https:\/\/mobishop-posusje.com\/en\/wp-json\/wp\/v2\/product\/3460\/revisions"}],"predecessor-version":[{"id":30271,"href":"https:\/\/mobishop-posusje.com\/en\/wp-json\/wp\/v2\/product\/3460\/revisions\/30271"}],"wp:featuredmedia":[{"embeddable":true,"href":"https:\/\/mobishop-posusje.com\/en\/wp-json\/wp\/v2\/media\/30270"}],"wp:attachment":[{"href":"https:\/\/mobishop-posusje.com\/en\/wp-json\/wp\/v2\/media?parent=3460"}],"wp:term":[{"taxonomy":"product_brand","embeddable":true,"href":"https:\/\/mobishop-posusje.com\/en\/wp-json\/wp\/v2\/product_brand?post=3460"},{"taxonomy":"product_cat","embeddable":true,"href":"https:\/\/mobishop-posusje.com\/en\/wp-json\/wp\/v2\/product_cat?post=3460"},{"taxonomy":"product_tag","embeddable":true,"href":"https:\/\/mobishop-posusje.com\/en\/wp-json\/wp\/v2\/product_tag?post=3460"}],"curies":[{"name":"wp","href":"https:\/\/api.w.org\/{rel}","templated":true}]}}