{"id":3474,"date":"2021-05-11T11:53:57","date_gmt":"2021-05-11T09:53:57","guid":{"rendered":"https:\/\/mobishop-posusje.com\/?post_type=product&#038;p=3474"},"modified":"2025-05-12T11:01:26","modified_gmt":"2025-05-12T11:01:26","slug":"xiaomi-mi-smart-band-5","status":"publish","type":"product","link":"https:\/\/mobishop-posusje.com\/en\/svi-proizvodi\/pametni-satovi\/xiaomi-sat\/xiaomi-mi-smart-band-5\/","title":{"rendered":"Xiaomi Smart Band 5"},"content":{"rendered":"","protected":false},"excerpt":{"rendered":"<div class=\"gem-list gem-list-type-check-style-1 gem-list-color-14\">\n<ul>\n<li>Nova Xiaomi narukvica savr\u0161ena za rekreativce<\/li>\n<li>Najve\u0107i ekran do sada &#8211; 1,2\u201c OLED ekran u boji osjetljiv na dodir<\/li>\n<li>Prati promet, gu\u017evu na cesti i navigaciju<\/li>\n<li>Povezivanje s aplikacijom PAI Health za pra\u0107enje aktivnosti<\/li>\n<li>Pra\u0107enje 11 razli\u010ditih aktivnosti, uklju\u010duju\u0107i 5 novih poput yoge i preskakanja u\u017eeta<\/li>\n<li>Pra\u0107enje menstrualnog ciklusa<\/li>\n<li>Kontrola kamere na pametnom telefonu<\/li>\n<li>Opcija &#8220;Ne smetaj&#8221; za definiranje razdoblja bez obavijesti<\/li>\n<li>Baterija koja traje do 20 dana<\/li>\n<li>Magnetni punja\u010d za prakti\u010dno punjenje<\/li>\n<\/ul>\n<\/div>","protected":false},"featured_media":30318,"comment_status":"closed","ping_status":"closed","template":"","meta":{"_themeisle_gutenberg_block_has_review":false},"product_brand":[],"product_cat":[346,352,288],"product_tag":[],"class_list":{"0":"post-3474","1":"product","2":"type-product","3":"status-publish","4":"has-post-thumbnail","6":"product_cat-pametni-satovi","7":"product_cat-xiaomi-sat","8":"product_cat-svi-proizvodi","10":"first","11":"instock","12":"purchasable","13":"product-type-simple","14":"add-to-wishlist-after_add_to_cart"},"_links":{"self":[{"href":"https:\/\/mobishop-posusje.com\/en\/wp-json\/wp\/v2\/product\/3474","targetHints":{"allow":["GET"]}}],"collection":[{"href":"https:\/\/mobishop-posusje.com\/en\/wp-json\/wp\/v2\/product"}],"about":[{"href":"https:\/\/mobishop-posusje.com\/en\/wp-json\/wp\/v2\/types\/product"}],"replies":[{"embeddable":true,"href":"https:\/\/mobishop-posusje.com\/en\/wp-json\/wp\/v2\/comments?post=3474"}],"version-history":[{"count":3,"href":"https:\/\/mobishop-posusje.com\/en\/wp-json\/wp\/v2\/product\/3474\/revisions"}],"predecessor-version":[{"id":30747,"href":"https:\/\/mobishop-posusje.com\/en\/wp-json\/wp\/v2\/product\/3474\/revisions\/30747"}],"wp:featuredmedia":[{"embeddable":true,"href":"https:\/\/mobishop-posusje.com\/en\/wp-json\/wp\/v2\/media\/30318"}],"wp:attachment":[{"href":"https:\/\/mobishop-posusje.com\/en\/wp-json\/wp\/v2\/media?parent=3474"}],"wp:term":[{"taxonomy":"product_brand","embeddable":true,"href":"https:\/\/mobishop-posusje.com\/en\/wp-json\/wp\/v2\/product_brand?post=3474"},{"taxonomy":"product_cat","embeddable":true,"href":"https:\/\/mobishop-posusje.com\/en\/wp-json\/wp\/v2\/product_cat?post=3474"},{"taxonomy":"product_tag","embeddable":true,"href":"https:\/\/mobishop-posusje.com\/en\/wp-json\/wp\/v2\/product_tag?post=3474"}],"curies":[{"name":"wp","href":"https:\/\/api.w.org\/{rel}","templated":true}]}}