{"id":3500,"date":"2021-05-11T14:17:52","date_gmt":"2021-05-11T12:17:52","guid":{"rendered":"https:\/\/mobishop-posusje.com\/?post_type=product&#038;p=3500"},"modified":"2025-04-24T06:55:11","modified_gmt":"2025-04-24T06:55:11","slug":"xiaomi-1000mah-wireless-power-bank-essential","status":"publish","type":"product","link":"https:\/\/mobishop-posusje.com\/en\/svi-proizvodi\/mobiteli-i-oprema\/powerbank\/xiaomi-1000mah-wireless-power-bank-essential\/","title":{"rendered":"Xiaomi 1000mAh Wireless Power Bank Essential"},"content":{"rendered":"","protected":false},"excerpt":{"rendered":"<div class=\"gem-list gem-list-type-check-style-1 gem-list-color-14\">\n<ul>\n<li>S novim Xiaomi Mi Wireless Power Bank Essential 10000 mAh nikada ne\u0107ete potro\u0161iti bateriju!<\/li>\n<li>Zahvaljuju\u0107i profinjenom i minimalisti\u010dkom izgledu Xiaomi Mi Wireless Power Bank Essential 10000 mAh mo\u0107i \u0107ete koristiti na putovanjima i napuniti sve ure\u0111aje gdje god se nalazili.<\/li>\n<li>Kompaktnom veli\u010dinom i sa svojih 10000 mAh, ovaj model nudi vrlo visok kapacitet kori\u0161tenja \u0161to \u0107e vam omogu\u0107iti da ga koristite dugo vremena s istim punjenjem.<\/li>\n<li>Uz 18W USB punjenje ovaj prijenosni punja\u010d ima i be\u017ei\u010dno punjenje od 10W koje \u0107e vam omogu\u0107iti da napunite svoje kompatibilne ure\u0111aje.<\/li>\n<\/ul>\n<\/div>","protected":false},"featured_media":30266,"comment_status":"closed","ping_status":"closed","template":"","meta":{"_themeisle_gutenberg_block_has_review":false},"product_brand":[],"product_cat":[355,357,288],"product_tag":[],"class_list":{"0":"post-3500","1":"product","2":"type-product","3":"status-publish","4":"has-post-thumbnail","6":"product_cat-mobiteli-i-oprema","7":"product_cat-powerbank","8":"product_cat-svi-proizvodi","10":"first","11":"instock","12":"purchasable","13":"product-type-simple","14":"add-to-wishlist-after_add_to_cart"},"_links":{"self":[{"href":"https:\/\/mobishop-posusje.com\/en\/wp-json\/wp\/v2\/product\/3500","targetHints":{"allow":["GET"]}}],"collection":[{"href":"https:\/\/mobishop-posusje.com\/en\/wp-json\/wp\/v2\/product"}],"about":[{"href":"https:\/\/mobishop-posusje.com\/en\/wp-json\/wp\/v2\/types\/product"}],"replies":[{"embeddable":true,"href":"https:\/\/mobishop-posusje.com\/en\/wp-json\/wp\/v2\/comments?post=3500"}],"version-history":[{"count":2,"href":"https:\/\/mobishop-posusje.com\/en\/wp-json\/wp\/v2\/product\/3500\/revisions"}],"predecessor-version":[{"id":7049,"href":"https:\/\/mobishop-posusje.com\/en\/wp-json\/wp\/v2\/product\/3500\/revisions\/7049"}],"wp:featuredmedia":[{"embeddable":true,"href":"https:\/\/mobishop-posusje.com\/en\/wp-json\/wp\/v2\/media\/30266"}],"wp:attachment":[{"href":"https:\/\/mobishop-posusje.com\/en\/wp-json\/wp\/v2\/media?parent=3500"}],"wp:term":[{"taxonomy":"product_brand","embeddable":true,"href":"https:\/\/mobishop-posusje.com\/en\/wp-json\/wp\/v2\/product_brand?post=3500"},{"taxonomy":"product_cat","embeddable":true,"href":"https:\/\/mobishop-posusje.com\/en\/wp-json\/wp\/v2\/product_cat?post=3500"},{"taxonomy":"product_tag","embeddable":true,"href":"https:\/\/mobishop-posusje.com\/en\/wp-json\/wp\/v2\/product_tag?post=3500"}],"curies":[{"name":"wp","href":"https:\/\/api.w.org\/{rel}","templated":true}]}}