{"id":3515,"date":"2021-05-11T15:22:32","date_gmt":"2021-05-11T13:22:32","guid":{"rendered":"https:\/\/mobishop-posusje.com\/?post_type=product&#038;p=3515"},"modified":"2025-04-24T07:08:25","modified_gmt":"2025-04-24T07:08:25","slug":"xiaomi-mi-body-composition-scale-2-pametna-vaga","status":"publish","type":"product","link":"https:\/\/mobishop-posusje.com\/en\/svi-proizvodi\/mali-kucni-aparati\/vage\/xiaomi-mi-body-composition-scale-2-pametna-vaga\/","title":{"rendered":"Xiaomi Mi Body Composition Scale 2 Pametna Vaga"},"content":{"rendered":"","protected":false},"excerpt":{"rendered":"<div class=\"gem-list gem-list-type-check-style-1 gem-list-color-14\">\n<ul>\n<li>Upoznajte se bolje s 10 preciznih podataka<\/li>\n<li>S razlogom ovaj ure\u0111aj nazivamo najpouzdanijim trenerom za cijelu obitelj.<\/li>\n<li>Omogu\u0107uje precizne statisti\u010dke podatke: tjelesna te\u017eina, BMI, tjelesna masno\u0107a, udio vode, bazalni metabolizam, visceralna masno\u0107a, mi\u0161i\u0107i, ko\u0161tana masa, tip tijela te ukupni tjelesni rezultat.<\/li>\n<li>Prava snaga ove inteligentne vage je u Mi Fit aplikaciji koja \u0107e pomno pratiti sve va\u0161e parametre te Vas savjetovati \u0161to trebate napraviti.<\/li>\n<li>Privla\u010dan dizajn, elegantna bijela boja i jednostavno rukovanje ure\u0111aja \u010dine ga neizostavnim u Xiaomi obitelji.<\/li>\n<\/ul>\n<\/div>","protected":false},"featured_media":30574,"comment_status":"closed","ping_status":"closed","template":"","meta":{"_themeisle_gutenberg_block_has_review":false},"product_brand":[],"product_cat":[309,387,288],"product_tag":[],"class_list":{"0":"post-3515","1":"product","2":"type-product","3":"status-publish","4":"has-post-thumbnail","6":"product_cat-mali-kucni-aparati","7":"product_cat-vage","8":"product_cat-svi-proizvodi","10":"first","11":"instock","12":"purchasable","13":"product-type-simple","14":"add-to-wishlist-after_add_to_cart"},"_links":{"self":[{"href":"https:\/\/mobishop-posusje.com\/en\/wp-json\/wp\/v2\/product\/3515","targetHints":{"allow":["GET"]}}],"collection":[{"href":"https:\/\/mobishop-posusje.com\/en\/wp-json\/wp\/v2\/product"}],"about":[{"href":"https:\/\/mobishop-posusje.com\/en\/wp-json\/wp\/v2\/types\/product"}],"replies":[{"embeddable":true,"href":"https:\/\/mobishop-posusje.com\/en\/wp-json\/wp\/v2\/comments?post=3515"}],"version-history":[{"count":4,"href":"https:\/\/mobishop-posusje.com\/en\/wp-json\/wp\/v2\/product\/3515\/revisions"}],"predecessor-version":[{"id":28237,"href":"https:\/\/mobishop-posusje.com\/en\/wp-json\/wp\/v2\/product\/3515\/revisions\/28237"}],"wp:featuredmedia":[{"embeddable":true,"href":"https:\/\/mobishop-posusje.com\/en\/wp-json\/wp\/v2\/media\/30574"}],"wp:attachment":[{"href":"https:\/\/mobishop-posusje.com\/en\/wp-json\/wp\/v2\/media?parent=3515"}],"wp:term":[{"taxonomy":"product_brand","embeddable":true,"href":"https:\/\/mobishop-posusje.com\/en\/wp-json\/wp\/v2\/product_brand?post=3515"},{"taxonomy":"product_cat","embeddable":true,"href":"https:\/\/mobishop-posusje.com\/en\/wp-json\/wp\/v2\/product_cat?post=3515"},{"taxonomy":"product_tag","embeddable":true,"href":"https:\/\/mobishop-posusje.com\/en\/wp-json\/wp\/v2\/product_tag?post=3515"}],"curies":[{"name":"wp","href":"https:\/\/api.w.org\/{rel}","templated":true}]}}