{"id":3517,"date":"2021-05-11T15:32:04","date_gmt":"2021-05-11T13:32:04","guid":{"rendered":"https:\/\/mobishop-posusje.com\/?post_type=product&#038;p=3517"},"modified":"2025-04-24T21:24:46","modified_gmt":"2025-04-24T21:24:46","slug":"xiaomi-mi-electric-kettle","status":"publish","type":"product","link":"https:\/\/mobishop-posusje.com\/en\/svi-proizvodi\/mali-kucni-aparati\/elektricna-kuhala\/xiaomi-mi-electric-kettle\/","title":{"rendered":"Xiaomi Mi Electric Kettle"},"content":{"rendered":"","protected":false},"excerpt":{"rendered":"<div class=\"gem-list gem-list-type-check-style-1 gem-list-color-14\">\n<ul>\n<li>Brzo se zagrijava<\/li>\n<li>Promjer poklopca \u010dajnika je 13 cm. Kroz dno za grijanje od polietilena velike snage 1800 W, vodu mo\u017eete prokuhati za 5 minuta<\/li>\n<li>Unutra\u0161nji sloj od nehr\u0111aju\u0107eg \u010delika 304<\/li>\n<li>Kapacitet ovog \u010dajnika je 1,5L, a unutra\u0161nji dio je izra\u0111en od nehr\u0111aju\u0107eg \u010delika 304, \u0161to olak\u0161ava \u010di\u0161\u0107enje.<\/li>\n<li>Jedinstveni dizajn<\/li>\n<li>Promjer poklopca sa uglom od 75 stepeni kada je otvoren ne ostavlja prostor unutra\u0161njosti kuhala, \u0161to je svakako bolje za \u010di\u0107enje i odr\u017eavanje sigurnog i zdravog kvaliteta vode.<\/li>\n<li>Dvoslojno ku\u0107i\u0161te<\/li>\n<li>S dvoslojnim dizajnom ku\u0107i\u0161ta, \u010dak i ako se obloga nalazi u stanju visoke temperature od 100 stepeni Celzijusa, \u010dajnik izvan tijela ima samo 40 stepeni Celzijusa, ne morate brinuti zbog prevelike vru\u0107ine.<\/li>\n<\/ul>\n<\/div>","protected":false},"featured_media":30573,"comment_status":"closed","ping_status":"closed","template":"","meta":{"_themeisle_gutenberg_block_has_review":false},"product_brand":[],"product_cat":[311,309,288],"product_tag":[],"class_list":{"0":"post-3517","1":"product","2":"type-product","3":"status-publish","4":"has-post-thumbnail","6":"product_cat-elektricna-kuhala","7":"product_cat-mali-kucni-aparati","8":"product_cat-svi-proizvodi","10":"first","11":"outofstock","12":"purchasable","13":"product-type-simple","14":"add-to-wishlist-after_add_to_cart"},"_links":{"self":[{"href":"https:\/\/mobishop-posusje.com\/en\/wp-json\/wp\/v2\/product\/3517","targetHints":{"allow":["GET"]}}],"collection":[{"href":"https:\/\/mobishop-posusje.com\/en\/wp-json\/wp\/v2\/product"}],"about":[{"href":"https:\/\/mobishop-posusje.com\/en\/wp-json\/wp\/v2\/types\/product"}],"replies":[{"embeddable":true,"href":"https:\/\/mobishop-posusje.com\/en\/wp-json\/wp\/v2\/comments?post=3517"}],"version-history":[{"count":5,"href":"https:\/\/mobishop-posusje.com\/en\/wp-json\/wp\/v2\/product\/3517\/revisions"}],"predecessor-version":[{"id":28238,"href":"https:\/\/mobishop-posusje.com\/en\/wp-json\/wp\/v2\/product\/3517\/revisions\/28238"}],"wp:featuredmedia":[{"embeddable":true,"href":"https:\/\/mobishop-posusje.com\/en\/wp-json\/wp\/v2\/media\/30573"}],"wp:attachment":[{"href":"https:\/\/mobishop-posusje.com\/en\/wp-json\/wp\/v2\/media?parent=3517"}],"wp:term":[{"taxonomy":"product_brand","embeddable":true,"href":"https:\/\/mobishop-posusje.com\/en\/wp-json\/wp\/v2\/product_brand?post=3517"},{"taxonomy":"product_cat","embeddable":true,"href":"https:\/\/mobishop-posusje.com\/en\/wp-json\/wp\/v2\/product_cat?post=3517"},{"taxonomy":"product_tag","embeddable":true,"href":"https:\/\/mobishop-posusje.com\/en\/wp-json\/wp\/v2\/product_tag?post=3517"}],"curies":[{"name":"wp","href":"https:\/\/api.w.org\/{rel}","templated":true}]}}