{"id":3521,"date":"2021-05-11T15:45:30","date_gmt":"2021-05-11T13:45:30","guid":{"rendered":"https:\/\/mobishop-posusje.com\/?post_type=product&#038;p=3521"},"modified":"2025-04-24T21:25:13","modified_gmt":"2025-04-24T21:25:13","slug":"xiaomi-mi-smart-antibacterial-humidifier-ovlazivac-zraka","status":"publish","type":"product","link":"https:\/\/mobishop-posusje.com\/en\/svi-proizvodi\/mali-kucni-aparati\/ovlazivaci-zraka\/xiaomi-mi-smart-antibacterial-humidifier-ovlazivac-zraka\/","title":{"rendered":"XIAOMI Mi Smart Antibacterial Humidifier Ovla\u017eiva\u010d Zraka"},"content":{"rendered":"","protected":false},"excerpt":{"rendered":"<div class=\"gem-list gem-list-type-check-style-1 gem-list-color-14\">\n<ul>\n<li>Lagano upravljanje ure\u0111ajem<\/li>\n<li>Dizajnirano za jednostavnu dopunu<\/li>\n<li>Jednostavan i lak za preno\u0161enje<\/li>\n<li>Ugra\u0111eni senzori za provjeru razine vla\u017enosti zraka<\/li>\n<li>Senzori koji otkrivaju i zaustavljaju rad ure\u0111aja u slu\u010daju pomicanja ure\u0111aja iz baze<\/li>\n<li>Ure\u0111aj nije predvi\u0111en za kori\u0161tenje eteri\u010dnih ulja<\/li>\n<\/ul>\n<\/div>","protected":false},"featured_media":30572,"comment_status":"closed","ping_status":"closed","template":"","meta":{"_themeisle_gutenberg_block_has_review":false},"product_brand":[],"product_cat":[312,309,288],"product_tag":[],"class_list":{"0":"post-3521","1":"product","2":"type-product","3":"status-publish","4":"has-post-thumbnail","6":"product_cat-ovlazivaci-zraka","7":"product_cat-mali-kucni-aparati","8":"product_cat-svi-proizvodi","10":"first","11":"outofstock","12":"purchasable","13":"product-type-simple","14":"add-to-wishlist-after_add_to_cart"},"_links":{"self":[{"href":"https:\/\/mobishop-posusje.com\/en\/wp-json\/wp\/v2\/product\/3521","targetHints":{"allow":["GET"]}}],"collection":[{"href":"https:\/\/mobishop-posusje.com\/en\/wp-json\/wp\/v2\/product"}],"about":[{"href":"https:\/\/mobishop-posusje.com\/en\/wp-json\/wp\/v2\/types\/product"}],"replies":[{"embeddable":true,"href":"https:\/\/mobishop-posusje.com\/en\/wp-json\/wp\/v2\/comments?post=3521"}],"version-history":[{"count":4,"href":"https:\/\/mobishop-posusje.com\/en\/wp-json\/wp\/v2\/product\/3521\/revisions"}],"predecessor-version":[{"id":28239,"href":"https:\/\/mobishop-posusje.com\/en\/wp-json\/wp\/v2\/product\/3521\/revisions\/28239"}],"wp:featuredmedia":[{"embeddable":true,"href":"https:\/\/mobishop-posusje.com\/en\/wp-json\/wp\/v2\/media\/30572"}],"wp:attachment":[{"href":"https:\/\/mobishop-posusje.com\/en\/wp-json\/wp\/v2\/media?parent=3521"}],"wp:term":[{"taxonomy":"product_brand","embeddable":true,"href":"https:\/\/mobishop-posusje.com\/en\/wp-json\/wp\/v2\/product_brand?post=3521"},{"taxonomy":"product_cat","embeddable":true,"href":"https:\/\/mobishop-posusje.com\/en\/wp-json\/wp\/v2\/product_cat?post=3521"},{"taxonomy":"product_tag","embeddable":true,"href":"https:\/\/mobishop-posusje.com\/en\/wp-json\/wp\/v2\/product_tag?post=3521"}],"curies":[{"name":"wp","href":"https:\/\/api.w.org\/{rel}","templated":true}]}}