{"id":3776,"date":"2021-05-15T14:32:29","date_gmt":"2021-05-15T12:32:29","guid":{"rendered":"https:\/\/mobishop-posusje.com\/?post_type=product&#038;p=3776"},"modified":"2025-04-23T16:33:48","modified_gmt":"2025-04-23T16:33:48","slug":"meetion-co015-gaming-set","status":"publish","type":"product","link":"https:\/\/mobishop-posusje.com\/en\/svi-proizvodi\/racunari\/tipkovnice\/meetion-co015-gaming-set\/","title":{"rendered":"Meetion CO015 Gaming Set"},"content":{"rendered":"","protected":false},"excerpt":{"rendered":"<div class=\"gem-list gem-list-type-check-style-1 gem-list-color-14\">\n<h4>MEETION MT-GM015 GAMING MIS CRNI<\/h4>\n<ul>\n<li>GM015 opti\u010dki mi\u0161 sa kablom<\/li>\n<li>Podr\u017eava Windows XP\\Vista\\7\\8\\10\\MAC OS<\/li>\n<li>U pakovanju dolazi sa zamjenskim podlogama za prste.<\/li>\n<li>7 tipki + scroll<\/li>\n<li>Rezolucija: max.6400 cpi<\/li>\n<li>800\/11600\/2400\/3200\/6400 DPI<\/li>\n<li>Senzor: Opti\u010dki A704<\/li>\n<li>USB povezivanje<\/li>\n<li>ABS ku\u010di\u0161te mi\u0161a<\/li>\n<li>Ergonomski dizajn<\/li>\n<li>Kabal oja\u010dan Najlonom<\/li>\n<li>Mi\u0161 posjeduje unutarnje led svjetlo<\/li>\n<li>Du\u017eina kabla: 1.8\u00b10.01m<\/li>\n<li>Dimenzije: 123*66*42mm<\/li>\n<li>Te\u017eina: 122\u00b15 g<\/li>\n<\/ul>\n<\/div>\n<div class=\"gem-list gem-list-type-check-style-1 gem-list-color-14\">\n<h4>MEETION MT-AP015 GAMING KONZOLA<\/h4>\n<ul>\n<li>Gaming konzola\/konverter tastature i mi\u0161a<\/li>\n<li>Lagan za upotrebu, uklju\u0107i i koristi<\/li>\n<li>nema potrebe za drive-ovima<\/li>\n<li>Podr\u017eava pode\u0161avanja mi\u0161a i programiranje tipki.<\/li>\n<li>Veli\u010dina: 114*94*38mm<\/li>\n<li>Te\u017eina: 105\u00b15 g<\/li>\n<li>Materijal: ABS<\/li>\n<li>Tip interfejsa: USB*3 \\ TYPE-C*2 \\ 3.5MM*1<\/li>\n<\/ul>\n<\/div>\n<div class=\"gem-list gem-list-type-check-style-1 gem-list-color-14\">\n<h4>MEETION MT-KB015 GAMING JEDNORUCNA TASTATURA<\/h4>\n<ul>\n<li>RGB svijetlo u tipkama i prostoru<\/li>\n<li>Standardna distribucija, ugodne i meke tipke<\/li>\n<li>Kompatibilan sa Windows XP\/Vista\/7\/8\/10 MAC OS X<\/li>\n<li>USB povezivanje<\/li>\n<li>Broj tipki: 35<\/li>\n<li>Du\u017eina kabla: 1.5m<\/li>\n<li>Te\u017eina: 420g<\/li>\n<\/ul>\n<\/div>","protected":false},"featured_media":30464,"comment_status":"closed","ping_status":"closed","template":"","meta":{"_themeisle_gutenberg_block_has_review":false},"product_brand":[],"product_cat":[335,342,341,288],"product_tag":[],"class_list":{"0":"post-3776","1":"product","2":"type-product","3":"status-publish","4":"has-post-thumbnail","6":"product_cat-racunari","7":"product_cat-tipkovnice","8":"product_cat-misevi","9":"product_cat-svi-proizvodi","11":"first","12":"instock","13":"purchasable","14":"product-type-simple","15":"add-to-wishlist-after_add_to_cart"},"_links":{"self":[{"href":"https:\/\/mobishop-posusje.com\/en\/wp-json\/wp\/v2\/product\/3776","targetHints":{"allow":["GET"]}}],"collection":[{"href":"https:\/\/mobishop-posusje.com\/en\/wp-json\/wp\/v2\/product"}],"about":[{"href":"https:\/\/mobishop-posusje.com\/en\/wp-json\/wp\/v2\/types\/product"}],"replies":[{"embeddable":true,"href":"https:\/\/mobishop-posusje.com\/en\/wp-json\/wp\/v2\/comments?post=3776"}],"version-history":[{"count":3,"href":"https:\/\/mobishop-posusje.com\/en\/wp-json\/wp\/v2\/product\/3776\/revisions"}],"predecessor-version":[{"id":30465,"href":"https:\/\/mobishop-posusje.com\/en\/wp-json\/wp\/v2\/product\/3776\/revisions\/30465"}],"wp:featuredmedia":[{"embeddable":true,"href":"https:\/\/mobishop-posusje.com\/en\/wp-json\/wp\/v2\/media\/30464"}],"wp:attachment":[{"href":"https:\/\/mobishop-posusje.com\/en\/wp-json\/wp\/v2\/media?parent=3776"}],"wp:term":[{"taxonomy":"product_brand","embeddable":true,"href":"https:\/\/mobishop-posusje.com\/en\/wp-json\/wp\/v2\/product_brand?post=3776"},{"taxonomy":"product_cat","embeddable":true,"href":"https:\/\/mobishop-posusje.com\/en\/wp-json\/wp\/v2\/product_cat?post=3776"},{"taxonomy":"product_tag","embeddable":true,"href":"https:\/\/mobishop-posusje.com\/en\/wp-json\/wp\/v2\/product_tag?post=3776"}],"curies":[{"name":"wp","href":"https:\/\/api.w.org\/{rel}","templated":true}]}}