{"id":3845,"date":"2021-05-17T15:19:58","date_gmt":"2021-05-17T13:19:58","guid":{"rendered":"https:\/\/mobishop-posusje.com\/?post_type=product&#038;p=3845"},"modified":"2025-04-23T16:31:10","modified_gmt":"2025-04-23T16:31:10","slug":"meetion-g3330-gaming-mis","status":"publish","type":"product","link":"https:\/\/mobishop-posusje.com\/en\/svi-proizvodi\/racunari\/misevi\/meetion-g3330-gaming-mis\/","title":{"rendered":"Meetion G3330 Gaming Mi\u0161"},"content":{"rendered":"","protected":false},"excerpt":{"rendered":"<div class=\"gem-list gem-list-type-check-style-1 gem-list-color-14\">\n<ul>\n<li>RGB LED<\/li>\n<li>Podr\u017eava Windows XP\/Vista\/7\/8\/10<\/li>\n<li>8+1 tipki<\/li>\n<li>Rezolucija: 8000 dpi<\/li>\n<li>Senzor: Opti\u010dki A704<\/li>\n<li>USB povezivanje<\/li>\n<li>ABS ku\u010di\u0161te mi\u0161a<\/li>\n<li>Ergonomski dizajn<\/li>\n<li>Kabal oja\u010dan Najlonom<\/li>\n<li>Mi\u0161 posjeduje unutarnje led svjetlo<\/li>\n<li>Du\u017eina kabla: 1,80m<\/li>\n<li>Dimenzije: 130*69.5*42mm<\/li>\n<li>Te\u017eina: 160g<\/li>\n<\/ul>\n<\/div>","protected":false},"featured_media":30452,"comment_status":"closed","ping_status":"closed","template":"","meta":{"_themeisle_gutenberg_block_has_review":false},"product_brand":[],"product_cat":[335,341,288],"product_tag":[],"class_list":{"0":"post-3845","1":"product","2":"type-product","3":"status-publish","4":"has-post-thumbnail","6":"product_cat-racunari","7":"product_cat-misevi","8":"product_cat-svi-proizvodi","10":"first","11":"instock","12":"purchasable","13":"product-type-simple","14":"add-to-wishlist-after_add_to_cart"},"_links":{"self":[{"href":"https:\/\/mobishop-posusje.com\/en\/wp-json\/wp\/v2\/product\/3845","targetHints":{"allow":["GET"]}}],"collection":[{"href":"https:\/\/mobishop-posusje.com\/en\/wp-json\/wp\/v2\/product"}],"about":[{"href":"https:\/\/mobishop-posusje.com\/en\/wp-json\/wp\/v2\/types\/product"}],"replies":[{"embeddable":true,"href":"https:\/\/mobishop-posusje.com\/en\/wp-json\/wp\/v2\/comments?post=3845"}],"version-history":[{"count":2,"href":"https:\/\/mobishop-posusje.com\/en\/wp-json\/wp\/v2\/product\/3845\/revisions"}],"predecessor-version":[{"id":6923,"href":"https:\/\/mobishop-posusje.com\/en\/wp-json\/wp\/v2\/product\/3845\/revisions\/6923"}],"wp:featuredmedia":[{"embeddable":true,"href":"https:\/\/mobishop-posusje.com\/en\/wp-json\/wp\/v2\/media\/30452"}],"wp:attachment":[{"href":"https:\/\/mobishop-posusje.com\/en\/wp-json\/wp\/v2\/media?parent=3845"}],"wp:term":[{"taxonomy":"product_brand","embeddable":true,"href":"https:\/\/mobishop-posusje.com\/en\/wp-json\/wp\/v2\/product_brand?post=3845"},{"taxonomy":"product_cat","embeddable":true,"href":"https:\/\/mobishop-posusje.com\/en\/wp-json\/wp\/v2\/product_cat?post=3845"},{"taxonomy":"product_tag","embeddable":true,"href":"https:\/\/mobishop-posusje.com\/en\/wp-json\/wp\/v2\/product_tag?post=3845"}],"curies":[{"name":"wp","href":"https:\/\/api.w.org\/{rel}","templated":true}]}}