{"id":3846,"date":"2021-05-17T15:35:16","date_gmt":"2021-05-17T13:35:16","guid":{"rendered":"https:\/\/mobishop-posusje.com\/?post_type=product&#038;p=3846"},"modified":"2025-04-23T16:30:58","modified_gmt":"2025-04-23T16:30:58","slug":"meetion-mt-r545-bezicni-mis","status":"publish","type":"product","link":"https:\/\/mobishop-posusje.com\/en\/svi-proizvodi\/racunari\/misevi\/meetion-mt-r545-bezicni-mis\/","title":{"rendered":"Meetion MT-R545 Be\u017ei\u010dni Mi\u0161"},"content":{"rendered":"","protected":false},"excerpt":{"rendered":"<div class=\"gem-list gem-list-type-check-style-1 gem-list-color-14\">\n<ul>\n<li>Be\u017ei\u010dni mi\u0161<\/li>\n<li>Rezolucija: 1600 DPI<\/li>\n<li>2.4GHz Wireless<\/li>\n<li>Baterija AA<\/li>\n<li>3.7V \/ 8mA<\/li>\n<li>Povezivanje: USB<\/li>\n<li>Vijek: 5 miliona klikova<\/li>\n<li>Mogu\u0107a udaljenost: 10m<\/li>\n<li>Dimenzije: 100 * 60 * 39mm<\/li>\n<li>Te\u017eina: 70\u00b15g<\/li>\n<\/ul>\n<\/div>","protected":false},"featured_media":30450,"comment_status":"closed","ping_status":"closed","template":"","meta":{"_themeisle_gutenberg_block_has_review":false},"product_brand":[],"product_cat":[335,341,288],"product_tag":[],"class_list":{"0":"post-3846","1":"product","2":"type-product","3":"status-publish","4":"has-post-thumbnail","6":"product_cat-racunari","7":"product_cat-misevi","8":"product_cat-svi-proizvodi","10":"first","11":"instock","12":"purchasable","13":"product-type-simple","14":"add-to-wishlist-after_add_to_cart"},"_links":{"self":[{"href":"https:\/\/mobishop-posusje.com\/en\/wp-json\/wp\/v2\/product\/3846","targetHints":{"allow":["GET"]}}],"collection":[{"href":"https:\/\/mobishop-posusje.com\/en\/wp-json\/wp\/v2\/product"}],"about":[{"href":"https:\/\/mobishop-posusje.com\/en\/wp-json\/wp\/v2\/types\/product"}],"replies":[{"embeddable":true,"href":"https:\/\/mobishop-posusje.com\/en\/wp-json\/wp\/v2\/comments?post=3846"}],"version-history":[{"count":4,"href":"https:\/\/mobishop-posusje.com\/en\/wp-json\/wp\/v2\/product\/3846\/revisions"}],"predecessor-version":[{"id":30451,"href":"https:\/\/mobishop-posusje.com\/en\/wp-json\/wp\/v2\/product\/3846\/revisions\/30451"}],"wp:featuredmedia":[{"embeddable":true,"href":"https:\/\/mobishop-posusje.com\/en\/wp-json\/wp\/v2\/media\/30450"}],"wp:attachment":[{"href":"https:\/\/mobishop-posusje.com\/en\/wp-json\/wp\/v2\/media?parent=3846"}],"wp:term":[{"taxonomy":"product_brand","embeddable":true,"href":"https:\/\/mobishop-posusje.com\/en\/wp-json\/wp\/v2\/product_brand?post=3846"},{"taxonomy":"product_cat","embeddable":true,"href":"https:\/\/mobishop-posusje.com\/en\/wp-json\/wp\/v2\/product_cat?post=3846"},{"taxonomy":"product_tag","embeddable":true,"href":"https:\/\/mobishop-posusje.com\/en\/wp-json\/wp\/v2\/product_tag?post=3846"}],"curies":[{"name":"wp","href":"https:\/\/api.w.org\/{rel}","templated":true}]}}