{"id":3859,"date":"2021-05-17T16:22:26","date_gmt":"2021-05-17T14:22:26","guid":{"rendered":"https:\/\/mobishop-posusje.com\/?post_type=product&#038;p=3859"},"modified":"2025-04-23T16:29:07","modified_gmt":"2025-04-23T16:29:07","slug":"marvo-m112-gaming-mis","status":"publish","type":"product","link":"https:\/\/mobishop-posusje.com\/en\/svi-proizvodi\/racunari\/misevi\/marvo-m112-gaming-mis\/","title":{"rendered":"Marvo M112 Gaming Mi\u0161"},"content":{"rendered":"","protected":false},"excerpt":{"rendered":"<div class=\"gem-list gem-list-type-check-style-1 gem-list-color-14\">\n<ul>\n<li>Dizajn visokog profila s punom potporom za dlanove<\/li>\n<li>Pobolj\u0161ana kontrola za stilove dr\u017eanja dlanova i kand\u017ei<\/li>\n<li>Gumeni to\u010dki\u0107 za pomicanje za pobolj\u0161ani osje\u0107aj<\/li>\n<li>Sedmobojno pozadinsko osvjetljenje s efektom disanja<\/li>\n<li>Senzor: opti\u010dki, Marvo 8812<\/li>\n<li>DPI: 800-1600-2400-4000<\/li>\n<li>Tipke: 7 (programabilne)<\/li>\n<li>Ocjena prekida\u010da: 3 miliona klikova<\/li>\n<li>Pozadinsko osvjetljenje: 7 boja<\/li>\n<li>Su\u010delje: USB 2.0<\/li>\n<li>Du\u017eina kabela: 1,5 m<\/li>\n<li>Podr\u0161ka za OS: Windows 7 ili noviji<\/li>\n<\/ul>\n<\/div>","protected":false},"featured_media":30444,"comment_status":"closed","ping_status":"closed","template":"","meta":{"_themeisle_gutenberg_block_has_review":false},"product_brand":[],"product_cat":[335,341,288],"product_tag":[],"class_list":{"0":"post-3859","1":"product","2":"type-product","3":"status-publish","4":"has-post-thumbnail","6":"product_cat-racunari","7":"product_cat-misevi","8":"product_cat-svi-proizvodi","10":"first","11":"instock","12":"purchasable","13":"product-type-simple","14":"add-to-wishlist-after_add_to_cart"},"_links":{"self":[{"href":"https:\/\/mobishop-posusje.com\/en\/wp-json\/wp\/v2\/product\/3859","targetHints":{"allow":["GET"]}}],"collection":[{"href":"https:\/\/mobishop-posusje.com\/en\/wp-json\/wp\/v2\/product"}],"about":[{"href":"https:\/\/mobishop-posusje.com\/en\/wp-json\/wp\/v2\/types\/product"}],"replies":[{"embeddable":true,"href":"https:\/\/mobishop-posusje.com\/en\/wp-json\/wp\/v2\/comments?post=3859"}],"version-history":[{"count":2,"href":"https:\/\/mobishop-posusje.com\/en\/wp-json\/wp\/v2\/product\/3859\/revisions"}],"predecessor-version":[{"id":6912,"href":"https:\/\/mobishop-posusje.com\/en\/wp-json\/wp\/v2\/product\/3859\/revisions\/6912"}],"wp:featuredmedia":[{"embeddable":true,"href":"https:\/\/mobishop-posusje.com\/en\/wp-json\/wp\/v2\/media\/30444"}],"wp:attachment":[{"href":"https:\/\/mobishop-posusje.com\/en\/wp-json\/wp\/v2\/media?parent=3859"}],"wp:term":[{"taxonomy":"product_brand","embeddable":true,"href":"https:\/\/mobishop-posusje.com\/en\/wp-json\/wp\/v2\/product_brand?post=3859"},{"taxonomy":"product_cat","embeddable":true,"href":"https:\/\/mobishop-posusje.com\/en\/wp-json\/wp\/v2\/product_cat?post=3859"},{"taxonomy":"product_tag","embeddable":true,"href":"https:\/\/mobishop-posusje.com\/en\/wp-json\/wp\/v2\/product_tag?post=3859"}],"curies":[{"name":"wp","href":"https:\/\/api.w.org\/{rel}","templated":true}]}}