{"id":3933,"date":"2021-05-18T14:42:39","date_gmt":"2021-05-18T12:42:39","guid":{"rendered":"https:\/\/mobishop-posusje.com\/?post_type=product&#038;p=3933"},"modified":"2025-04-23T19:11:36","modified_gmt":"2025-04-23T19:11:36","slug":"digimax-dvb-t2-h-265-resiver","status":"publish","type":"product","link":"https:\/\/mobishop-posusje.com\/en\/svi-proizvodi\/televizori-i-oprema\/resiveri\/digimax-dvb-t2-h-265-resiver\/","title":{"rendered":"Digimax  DVB-T2 H.265 Resiver"},"content":{"rendered":"","protected":false},"excerpt":{"rendered":"<div class=\"gem-list gem-list-type-check-style-1 gem-list-color-14\">\n<ul>\n<li>DVB-T2 HD HEVC H.265 media center PVR, prijemnik<\/li>\n<li>Svi izbornici na HR jeziku<\/li>\n<li>Easy Install opcija za brzu instalaciju kanala<\/li>\n<li>User friendly grafi\u010dki animirani izbornici<\/li>\n<li>EPG \u2013 elektronski programski vodi\u010d, pregled programa do 7 dana unaprijed<\/li>\n<li>PVR \u2013 opcija snimanja sadr\u017eaja<\/li>\n<li>RF Prolaz \u2013 za gledanje analognih programa<\/li>\n<li>Teletext<\/li>\n<li>Favourite grupe kanala<\/li>\n<li>Manipulacija kanalima: zaklju\u010davanje, ure\u0111ivanje, preimenovanje, slaganje, preskakanje, brisanje<\/li>\n<li>Roditeljska kontrola i zaklju\u010davanje kanala<\/li>\n<li>HDMI i SCART Konektor<\/li>\n<li>Multimedia player<\/li>\n<li>USB nadogradnja softvera<\/li>\n<li>Uklju\u010divanje na zadnje gledanom kanalu<\/li>\n<li>ECO frienldy: Auto standby opcija za ga\u0161enje prijemnika nakon odre\u0111enog vremena neaktivnosti. Opcija se mo\u017ee i isklju\u010diti prema potrebi. Niska potro\u0161nja energije u radu, optimizirana kontrola napajanja USB ure\u0111aja ili vanjske antene putem 5V izlaza na RF konektoru<\/li>\n<\/ul>\n<\/div>","protected":false},"featured_media":29793,"comment_status":"closed","ping_status":"closed","template":"","meta":{"_themeisle_gutenberg_block_has_review":false},"product_brand":[],"product_cat":[322,321,288],"product_tag":[],"class_list":{"0":"post-3933","1":"product","2":"type-product","3":"status-publish","4":"has-post-thumbnail","6":"product_cat-resiveri","7":"product_cat-televizori-i-oprema","8":"product_cat-svi-proizvodi","10":"first","11":"instock","12":"purchasable","13":"product-type-simple","14":"add-to-wishlist-after_add_to_cart"},"_links":{"self":[{"href":"https:\/\/mobishop-posusje.com\/en\/wp-json\/wp\/v2\/product\/3933","targetHints":{"allow":["GET"]}}],"collection":[{"href":"https:\/\/mobishop-posusje.com\/en\/wp-json\/wp\/v2\/product"}],"about":[{"href":"https:\/\/mobishop-posusje.com\/en\/wp-json\/wp\/v2\/types\/product"}],"replies":[{"embeddable":true,"href":"https:\/\/mobishop-posusje.com\/en\/wp-json\/wp\/v2\/comments?post=3933"}],"version-history":[{"count":5,"href":"https:\/\/mobishop-posusje.com\/en\/wp-json\/wp\/v2\/product\/3933\/revisions"}],"predecessor-version":[{"id":30122,"href":"https:\/\/mobishop-posusje.com\/en\/wp-json\/wp\/v2\/product\/3933\/revisions\/30122"}],"wp:featuredmedia":[{"embeddable":true,"href":"https:\/\/mobishop-posusje.com\/en\/wp-json\/wp\/v2\/media\/29793"}],"wp:attachment":[{"href":"https:\/\/mobishop-posusje.com\/en\/wp-json\/wp\/v2\/media?parent=3933"}],"wp:term":[{"taxonomy":"product_brand","embeddable":true,"href":"https:\/\/mobishop-posusje.com\/en\/wp-json\/wp\/v2\/product_brand?post=3933"},{"taxonomy":"product_cat","embeddable":true,"href":"https:\/\/mobishop-posusje.com\/en\/wp-json\/wp\/v2\/product_cat?post=3933"},{"taxonomy":"product_tag","embeddable":true,"href":"https:\/\/mobishop-posusje.com\/en\/wp-json\/wp\/v2\/product_tag?post=3933"}],"curies":[{"name":"wp","href":"https:\/\/api.w.org\/{rel}","templated":true}]}}