{"id":3979,"date":"2021-05-19T11:28:52","date_gmt":"2021-05-19T09:28:52","guid":{"rendered":"https:\/\/mobishop-posusje.com\/?post_type=product&#038;p=3979"},"modified":"2025-04-16T08:37:43","modified_gmt":"2025-04-16T08:37:43","slug":"cigii-bluetooth-zvucnik-altavoz-cilindrico","status":"publish","type":"product","link":"https:\/\/mobishop-posusje.com\/en\/svi-proizvodi\/zvucnici-i-slusalice\/bluetooth-zvucnici\/cigii-bluetooth-zvucnik-altavoz-cilindrico\/","title":{"rendered":"Cigii Bluetooth Zvu\u010dnik Altavoz Cilindrico"},"content":{"rendered":"","protected":false},"excerpt":{"rendered":"<div class=\"gem-list gem-list-type-check-style-1 gem-list-color-14\">\n<ul>\n<li>2.1 Pasivni HiFi Bluetooth zvu\u010dnik sa 4inch subwooferom<\/li>\n<li>Veoma \u010dist izlazni zvuk i te\u017eak bass, dinami\u010dan zvu\u010dni efekat<\/li>\n<li>A2DP Bluetooth, mogu\u0107nost pu\u0161tanja muzike sa bilo kojeg ure\u0111aja koji ima bluetooth.<\/li>\n<li>Osigurano jednostavno uparivanje<\/li>\n<li>10 metara operativne udaljenosti<\/li>\n<li>Podr\u017eava USB i SD karticu<\/li>\n<li>FM radio<\/li>\n<li>EQ funkciju<\/li>\n<li>Line-in funkcija, pogodan za PC, MID, TV ili ostale audio ure\u0111aje<\/li>\n<li>Dvije brzine kontrole ja\u010dine zvuka i bass-a<\/li>\n<li>Ugra\u0111ena lithium punjiva baterije<\/li>\n<li>Sa ru\u010dkom, jednostavan za izno\u0161enje<\/li>\n<\/ul>\n<\/div>","protected":false},"featured_media":30619,"comment_status":"closed","ping_status":"closed","template":"","meta":{"_themeisle_gutenberg_block_has_review":false},"product_brand":[],"product_cat":[318,316,288],"product_tag":[],"class_list":{"0":"post-3979","1":"product","2":"type-product","3":"status-publish","4":"has-post-thumbnail","6":"product_cat-bluetooth-zvucnici","7":"product_cat-zvucnici-i-slusalice","8":"product_cat-svi-proizvodi","10":"first","11":"outofstock","12":"purchasable","13":"product-type-simple","14":"add-to-wishlist-after_add_to_cart"},"_links":{"self":[{"href":"https:\/\/mobishop-posusje.com\/en\/wp-json\/wp\/v2\/product\/3979","targetHints":{"allow":["GET"]}}],"collection":[{"href":"https:\/\/mobishop-posusje.com\/en\/wp-json\/wp\/v2\/product"}],"about":[{"href":"https:\/\/mobishop-posusje.com\/en\/wp-json\/wp\/v2\/types\/product"}],"replies":[{"embeddable":true,"href":"https:\/\/mobishop-posusje.com\/en\/wp-json\/wp\/v2\/comments?post=3979"}],"version-history":[{"count":2,"href":"https:\/\/mobishop-posusje.com\/en\/wp-json\/wp\/v2\/product\/3979\/revisions"}],"predecessor-version":[{"id":6871,"href":"https:\/\/mobishop-posusje.com\/en\/wp-json\/wp\/v2\/product\/3979\/revisions\/6871"}],"wp:featuredmedia":[{"embeddable":true,"href":"https:\/\/mobishop-posusje.com\/en\/wp-json\/wp\/v2\/media\/30619"}],"wp:attachment":[{"href":"https:\/\/mobishop-posusje.com\/en\/wp-json\/wp\/v2\/media?parent=3979"}],"wp:term":[{"taxonomy":"product_brand","embeddable":true,"href":"https:\/\/mobishop-posusje.com\/en\/wp-json\/wp\/v2\/product_brand?post=3979"},{"taxonomy":"product_cat","embeddable":true,"href":"https:\/\/mobishop-posusje.com\/en\/wp-json\/wp\/v2\/product_cat?post=3979"},{"taxonomy":"product_tag","embeddable":true,"href":"https:\/\/mobishop-posusje.com\/en\/wp-json\/wp\/v2\/product_tag?post=3979"}],"curies":[{"name":"wp","href":"https:\/\/api.w.org\/{rel}","templated":true}]}}