{"id":4035,"date":"2021-05-19T16:08:56","date_gmt":"2021-05-19T14:08:56","guid":{"rendered":"https:\/\/mobishop-posusje.com\/?post_type=product&#038;p=4035"},"modified":"2025-04-24T07:00:33","modified_gmt":"2025-04-24T07:00:33","slug":"haylou-solar-smart-watch","status":"publish","type":"product","link":"https:\/\/mobishop-posusje.com\/en\/svi-proizvodi\/pametni-satovi\/xiaomi-sat\/haylou-solar-smart-watch\/","title":{"rendered":"Haylou Solar Smart Watch"},"content":{"rendered":"","protected":false},"excerpt":{"rendered":"<div class=\"gem-list gem-list-type-check-style-1 gem-list-color-14\">\n<ul>\n<li>Haylou Solar LS05 ima jednostavan i atraktivan dizajn s IP68 certifikatom (otporan na vodu i pra\u0161inu) i velikim 1.28&#8221; zaslonom.<\/li>\n<li>Zaslon je ina\u010de vrlo visoke 240 x 240 rezolucije, te je dobro vidljiv na suncu.<\/li>\n<li>Ovo je zapravo idealan ure\u0111aj za one koji \u017eele pametni sat \/ narukvicu \/ fitness ure\u0111aj, ali ne \u017eele da izgleda kao klasi\u010dna pametna narukvica.<\/li>\n<li>Podr\u017eava sve standardne mogu\u0107nosti kao \u0161to je pra\u0107enje otkucaja srca, pra\u017eenje koraka, potro\u0161enih kalorija, kvalitete sna itd.<\/li>\n<li>Osim toga podr\u017eava pra\u0107enje aktivnosti u \u010dak 12 razli\u010ditih sportova.<\/li>\n<li>\u0160e\u0107er na kraju je 340 mAh baterija koja je dovoljna za 15 dana normalne upotrebe \u0161to je fantasti\u010dno za jedan pametni sat.<\/li>\n<\/ul>\n<\/div>","protected":false},"featured_media":30317,"comment_status":"closed","ping_status":"closed","template":"","meta":{"_themeisle_gutenberg_block_has_review":false},"product_brand":[],"product_cat":[346,352,288],"product_tag":[],"class_list":{"0":"post-4035","1":"product","2":"type-product","3":"status-publish","4":"has-post-thumbnail","6":"product_cat-pametni-satovi","7":"product_cat-xiaomi-sat","8":"product_cat-svi-proizvodi","10":"first","11":"outofstock","12":"purchasable","13":"product-type-simple","14":"add-to-wishlist-after_add_to_cart"},"_links":{"self":[{"href":"https:\/\/mobishop-posusje.com\/en\/wp-json\/wp\/v2\/product\/4035","targetHints":{"allow":["GET"]}}],"collection":[{"href":"https:\/\/mobishop-posusje.com\/en\/wp-json\/wp\/v2\/product"}],"about":[{"href":"https:\/\/mobishop-posusje.com\/en\/wp-json\/wp\/v2\/types\/product"}],"replies":[{"embeddable":true,"href":"https:\/\/mobishop-posusje.com\/en\/wp-json\/wp\/v2\/comments?post=4035"}],"version-history":[{"count":5,"href":"https:\/\/mobishop-posusje.com\/en\/wp-json\/wp\/v2\/product\/4035\/revisions"}],"predecessor-version":[{"id":28280,"href":"https:\/\/mobishop-posusje.com\/en\/wp-json\/wp\/v2\/product\/4035\/revisions\/28280"}],"wp:featuredmedia":[{"embeddable":true,"href":"https:\/\/mobishop-posusje.com\/en\/wp-json\/wp\/v2\/media\/30317"}],"wp:attachment":[{"href":"https:\/\/mobishop-posusje.com\/en\/wp-json\/wp\/v2\/media?parent=4035"}],"wp:term":[{"taxonomy":"product_brand","embeddable":true,"href":"https:\/\/mobishop-posusje.com\/en\/wp-json\/wp\/v2\/product_brand?post=4035"},{"taxonomy":"product_cat","embeddable":true,"href":"https:\/\/mobishop-posusje.com\/en\/wp-json\/wp\/v2\/product_cat?post=4035"},{"taxonomy":"product_tag","embeddable":true,"href":"https:\/\/mobishop-posusje.com\/en\/wp-json\/wp\/v2\/product_tag?post=4035"}],"curies":[{"name":"wp","href":"https:\/\/api.w.org\/{rel}","templated":true}]}}