{"id":4270,"date":"2022-04-09T11:56:14","date_gmt":"2022-04-09T09:56:14","guid":{"rendered":"https:\/\/mobishop-posusje.com\/?post_type=product&#038;p=4270"},"modified":"2025-04-23T16:36:09","modified_gmt":"2025-04-23T16:36:09","slug":"huawei-watch-gt-3-46mm","status":"publish","type":"product","link":"https:\/\/mobishop-posusje.com\/en\/svi-proizvodi\/pametni-satovi\/huawei-sat\/huawei-watch-gt-3-46mm\/","title":{"rendered":"Huawei Watch GT 3 46mm"},"content":{"rendered":"","protected":false},"excerpt":{"rendered":"<div class=\"gem-list gem-list-type-check-style-1 gem-list-color-14\">\n<ul>\n<li>Zaslon<\/li>\n<li>HUAWEI WATCH GT 3 46 mm: 1,43 in\u010da AMOLED zaslon u boji<\/li>\n<li>HUAWEI WATCH GT 3 42 mm: 1,32 in\u010da AMOLED zaslon u boji<\/li>\n<li>*AMOLED zaslon osjetljiv na dodir podr\u017eava pokrete klizanja i dodira.<\/li>\n<li>Ku\u0107i\u0161te sata<\/li>\n<li>HUAWEI WATCH GT 3 46 mm<\/li>\n<li>Boja: Crna \/ \u010delik<\/li>\n<li>Materijal: Prednje ku\u0107i\u0161te: nehr\u0111aju\u0107i \u010delik, Stra\u017enje ku\u0107i\u0161te: plastika<\/li>\n<li>HUAWEI WATCH GT 3 42 mm<\/li>\n<li>Boja: Crna \/ \u010delik \/ zlatna<\/li>\n<li>Materijal: Prednje ku\u0107i\u0161te: nehr\u0111aju\u0107i \u010delik, Stra\u017enje ku\u0107i\u0161te: plastika<\/li>\n<li>Remeni sata<\/li>\n<li>HUAWEI WATCH GT 3 46 mm<\/li>\n<li>Crni remen od fluoroelastomera, Sme\u0111i ko\u017eni remen, Remen od nehr\u0111aju\u0107eg \u010delika<\/li>\n<li>HUAWEI WATCH GT 3 42 mm<\/li>\n<li>Crni remen od fluoroelastomera, Bijeli ko\u017eni remen, Zlatni remen<\/li>\n<li>Senzori<\/li>\n<li>Senzor akcelerometra<\/li>\n<li>Senzor \u017eiroskopa<\/li>\n<li>Geomagnetski senzor<\/li>\n<li>Opti\u010dki senzor otkucaja srca<\/li>\n<li>Senzor tlaka zraka<\/li>\n<li>Senzor temperature<\/li>\n<li>MEMORIJA<\/li>\n<li>ROM 4 GB<\/li>\n<li>RAM 32 MB<\/li>\n<li>*Dostupni kapacitet memorije manji je od ove vrijednosti jer softver sustava zauzima dio prostora.<\/li>\n<li>Tipka<\/li>\n<li>Tipka za uklju\u010divanje + funkcijska tipka, gornja tipka podr\u017eava rotiraju\u0107u krunu<\/li>\n<li>Zahtjevi sustava<\/li>\n<li>HarmonyOS 2 ili noviji, Android 6.0 ili noviji, iOS 9.0 ili noviji<\/li>\n<li>Vodootpornost<\/li>\n<li>5 ATM vodootporan<\/li>\n<li>*Ure\u0111aji koji su u skladu s vodom s oznakom 5 ATM imaju ocjenu vodootpornosti od 50 metara prema ISO standardu 22810:2010. To zna\u010di da se mogu koristiti za aktivnosti u plitkoj vodi poput plivanja u bazenu ili oceanu. Me\u0111utim, ne smiju se koristiti za ronjenje, skijanje na vodi ili druge aktivnosti koje uklju\u010duju vodu velike brzine ili uranjanje ispod male dubine.<\/li>\n<li>Za detalje o vodootpornim mjerama opreza, pogledajte: <a href=\"https:\/\/consumer.huawei.com\/en\/support\/how-to\/newbie-guide\/en-us00738723\/\">link<\/a><\/li>\n<li>Povezivost<\/li>\n<li>GPS podr\u017ean<\/li>\n<li>Bluetooth podr\u017ean<\/li>\n<li>ZVU\u010cNIK<\/li>\n<li>Podr\u017ean<\/li>\n<li>PROCESOR<\/li>\n<li>ARM Cortex &#8211; M<\/li>\n<li>MIKROFON<\/li>\n<li>Podr\u017ean<\/li>\n<li>Okru\u017eenje<\/li>\n<li>Temperatura: &#8211; 20\u2103 \uff5e + 45\u2103<\/li>\n<li>Vla\u017enost: 5% ~ 95% (bez kondenzacije)<\/li>\n<li>Punjenje<\/li>\n<li>Be\u017ei\u010dno punjenje<\/li>\n<li>Trajanje baterije<\/li>\n<li>HUAWEI WATCH GT 3 46 mm<\/li>\n<li>Baterija mo\u017ee trajati 14 dana u sljede\u0107im situacijama: 30 minuta Bluetooth poziva svaki tjedan, 30 minuta glazbe svaki tjedan, pra\u0107enje otkucaja srca omogu\u0107eno, HUAWEI TruSleep\u2122 omogu\u0107en za spavanje, 90 minuta vje\u017ebanja svaki tjedan (omogu\u0107en GPS ), omogu\u0107ene obavijesti o porukama (50 SMS poruka, 6 poziva i 3 alarma dnevno), ekran se uklju\u010duje 200 puta dnevno.<\/li>\n<li>Baterija mo\u017ee trajati 8 dana u sljede\u0107im situacijama: 30 minuta Bluetooth poziva svaki tjedan, 30 minuta glazbe svaki tjedan, pra\u0107enje otkucaja srca omogu\u0107eno, HUAWEI TruSleep\u2122 omogu\u0107en za spavanje, 180 minuta vje\u017ebanja svaki tjedan (omogu\u0107en GPS ), omogu\u0107ene obavijesti o porukama (50 SMS poruka, 6 poziva i 3 alarma dnevno), ekran je uklju\u010den 30 minuta dnevno.<\/li>\n<li>HUAWEI WATCH GT 3 42 mm<\/li>\n<li>Baterija mo\u017ee izdr\u017eati 7 dana u sljede\u0107im situacijama: 30 minuta Bluetooth poziva svaki tjedan, 30 minuta glazbe svaki tjedan, pra\u0107enje otkucaja srca omogu\u0107eno, HUAWEI TruSleep\u2122 omogu\u0107en za spavanje, pra\u0107enje stresa, 180 minuta vje\u017ebanja svaki tjedan (omogu\u0107en GPS), omogu\u0107ene obavijesti o porukama (50 SMS poruka, 6 poziva i 3 alarma dnevno), ekran je uklju\u010den 30 minuta dnevno.<\/li>\n<li>Baterija mo\u017ee trajati 4 dana u sljede\u0107im situacijama: 30 minuta Bluetooth poziva svaki tjedan, 30 minuta glazbe svaki tjedan, pra\u0107enje otkucaja srca omogu\u0107eno, HUAWEI TruSleep\u2122 omogu\u0107en za spavanje, 180 minuta vje\u017ebanja svaki tjedan (omogu\u0107en GPS ), omogu\u0107ene obavijesti o porukama (50 SMS poruka, 6 poziva i 3 alarma dnevno), ekran je uklju\u010den 30 minuta dnevno.<\/li>\n<li>Sadr\u017eaj kutije<\/li>\n<li>Sat x 1<\/li>\n<li>Postolje za punjenje x 1<\/li>\n<li>Korisni\u010dki vodi\u010d i informacije o sigurnosti i jamstveni list x 1<\/li>\n<\/ul>\n<\/div>","protected":false},"featured_media":30314,"comment_status":"closed","ping_status":"closed","template":"","meta":{"_themeisle_gutenberg_block_has_review":false},"product_brand":[],"product_cat":[346,351,288],"product_tag":[],"class_list":{"0":"post-4270","1":"product","2":"type-product","3":"status-publish","4":"has-post-thumbnail","6":"product_cat-pametni-satovi","7":"product_cat-huawei-sat","8":"product_cat-svi-proizvodi","10":"first","11":"outofstock","12":"purchasable","13":"product-type-simple","14":"add-to-wishlist-after_add_to_cart"},"_links":{"self":[{"href":"https:\/\/mobishop-posusje.com\/en\/wp-json\/wp\/v2\/product\/4270","targetHints":{"allow":["GET"]}}],"collection":[{"href":"https:\/\/mobishop-posusje.com\/en\/wp-json\/wp\/v2\/product"}],"about":[{"href":"https:\/\/mobishop-posusje.com\/en\/wp-json\/wp\/v2\/types\/product"}],"replies":[{"embeddable":true,"href":"https:\/\/mobishop-posusje.com\/en\/wp-json\/wp\/v2\/comments?post=4270"}],"version-history":[{"count":2,"href":"https:\/\/mobishop-posusje.com\/en\/wp-json\/wp\/v2\/product\/4270\/revisions"}],"predecessor-version":[{"id":6816,"href":"https:\/\/mobishop-posusje.com\/en\/wp-json\/wp\/v2\/product\/4270\/revisions\/6816"}],"wp:featuredmedia":[{"embeddable":true,"href":"https:\/\/mobishop-posusje.com\/en\/wp-json\/wp\/v2\/media\/30314"}],"wp:attachment":[{"href":"https:\/\/mobishop-posusje.com\/en\/wp-json\/wp\/v2\/media?parent=4270"}],"wp:term":[{"taxonomy":"product_brand","embeddable":true,"href":"https:\/\/mobishop-posusje.com\/en\/wp-json\/wp\/v2\/product_brand?post=4270"},{"taxonomy":"product_cat","embeddable":true,"href":"https:\/\/mobishop-posusje.com\/en\/wp-json\/wp\/v2\/product_cat?post=4270"},{"taxonomy":"product_tag","embeddable":true,"href":"https:\/\/mobishop-posusje.com\/en\/wp-json\/wp\/v2\/product_tag?post=4270"}],"curies":[{"name":"wp","href":"https:\/\/api.w.org\/{rel}","templated":true}]}}