{"id":4276,"date":"2022-04-14T13:52:10","date_gmt":"2022-04-14T11:52:10","guid":{"rendered":"https:\/\/mobishop-posusje.com\/?post_type=product&#038;p=4276"},"modified":"2025-04-24T19:14:45","modified_gmt":"2025-04-24T19:14:45","slug":"mi-wireless-outdoor-security-camera-1080p-set-vanjska-nadzorna-kamera","status":"publish","type":"product","link":"https:\/\/mobishop-posusje.com\/en\/svi-proizvodi\/kamere-i-dronovi\/kamere\/mi-wireless-outdoor-security-camera-1080p-set-vanjska-nadzorna-kamera\/","title":{"rendered":"Mi Wireless Outdoor Security Camera 1080p Set &#8211; Vanjska nadzorna kamera"},"content":{"rendered":"","protected":false},"excerpt":{"rendered":"<div class=\"gem-list gem-list-type-check-style-1 gem-list-color-14\">\n<ul>\n<li>Sigurnosno rje\u0161enje s vi\u0161e kamera<\/li>\n<li>Jedan unutarnji prijemnik podr\u017eava do \u010detiri vanjske kamere koje rade istovremeno radi bolje za\u0161tite i u\u010dinkovitog smanjenja mrtvog kuta. \u0160iroki kut od 130\u00b0 poma\u017ee snimiti vi\u0161e sadr\u017eaja i vratiti stvarnu sliku dvori\u0161ta va\u0161e ku\u0107e.<\/li>\n<li>Ocjena IP65 otpornosti omogu\u0107uje pouzdano pra\u0107enje u razli\u010ditim vremenskim uvjetima. Lako podnosi vanjsko okru\u017eenje i topline i hladno\u0107u.<\/li>\n<li>WDR tehnologija omogu\u0107uje kameri snimanje osjetljivijih slika i videozapisa pri pozadinskom osvjetljenju. PIR senzor percipira temperaturne promjene i kretanje objekta, dok kamera odmah po\u010dinje snimati i pokre\u0107e alarm.<\/li>\n<li>Potpuno je be\u017ei\u010dna i mo\u017ee se instalirati za nekoliko minuta, gotovo gdje god \u017eelite, dok baterija od 5700mAh nudi 3 mjeseca pokrivenosti s jednim punjenjem. Lokalna pohrana na unutarnjem prijemniku dostupna je putem Micro SD kartice i USB pogona kako bi se sprije\u010dilo curenje snimljenih podataka. 3-dnevna pohrana u oblaku tako\u0111er je dostupna.<\/li>\n<li>Struktura vijaka sprje\u010dava kra\u0111u kamere. Ugra\u0111eni senzor \u017eiroskopa detektira nenormalno kretanje kamere i odmah \u0161alje obavijesti upozorenja. Vanjska kamera omogu\u0107uje vam da jasno vidite \u010dak i u mraku, udaljenost no\u0107nog vida je do 7m.<\/li>\n<\/ul>\n<\/div>","protected":false},"featured_media":30542,"comment_status":"closed","ping_status":"closed","template":"","meta":{"_themeisle_gutenberg_block_has_review":false},"product_brand":[],"product_cat":[304,302,288],"product_tag":[],"class_list":{"0":"post-4276","1":"product","2":"type-product","3":"status-publish","4":"has-post-thumbnail","6":"product_cat-kamere","7":"product_cat-kamere-i-dronovi","8":"product_cat-svi-proizvodi","10":"first","11":"instock","12":"purchasable","13":"product-type-simple","14":"add-to-wishlist-after_add_to_cart"},"_links":{"self":[{"href":"https:\/\/mobishop-posusje.com\/en\/wp-json\/wp\/v2\/product\/4276","targetHints":{"allow":["GET"]}}],"collection":[{"href":"https:\/\/mobishop-posusje.com\/en\/wp-json\/wp\/v2\/product"}],"about":[{"href":"https:\/\/mobishop-posusje.com\/en\/wp-json\/wp\/v2\/types\/product"}],"replies":[{"embeddable":true,"href":"https:\/\/mobishop-posusje.com\/en\/wp-json\/wp\/v2\/comments?post=4276"}],"version-history":[{"count":3,"href":"https:\/\/mobishop-posusje.com\/en\/wp-json\/wp\/v2\/product\/4276\/revisions"}],"predecessor-version":[{"id":6814,"href":"https:\/\/mobishop-posusje.com\/en\/wp-json\/wp\/v2\/product\/4276\/revisions\/6814"}],"wp:featuredmedia":[{"embeddable":true,"href":"https:\/\/mobishop-posusje.com\/en\/wp-json\/wp\/v2\/media\/30542"}],"wp:attachment":[{"href":"https:\/\/mobishop-posusje.com\/en\/wp-json\/wp\/v2\/media?parent=4276"}],"wp:term":[{"taxonomy":"product_brand","embeddable":true,"href":"https:\/\/mobishop-posusje.com\/en\/wp-json\/wp\/v2\/product_brand?post=4276"},{"taxonomy":"product_cat","embeddable":true,"href":"https:\/\/mobishop-posusje.com\/en\/wp-json\/wp\/v2\/product_cat?post=4276"},{"taxonomy":"product_tag","embeddable":true,"href":"https:\/\/mobishop-posusje.com\/en\/wp-json\/wp\/v2\/product_tag?post=4276"}],"curies":[{"name":"wp","href":"https:\/\/api.w.org\/{rel}","templated":true}]}}