{"id":4427,"date":"2023-04-24T13:53:23","date_gmt":"2023-04-24T11:53:23","guid":{"rendered":"https:\/\/mobishop-posusje.com\/?post_type=product&#038;p=4427"},"modified":"2025-04-15T11:44:04","modified_gmt":"2025-04-15T11:44:04","slug":"nedis-stalak-za-laptop","status":"publish","type":"product","link":"https:\/\/mobishop-posusje.com\/en\/svi-proizvodi\/racunari\/ostala-oprema\/nedis-stalak-za-laptop\/","title":{"rendered":"Nedis stalak za laptop"},"content":{"rendered":"","protected":false},"excerpt":{"rendered":"<div class=\"gem-list gem-list-type-check-style-1 gem-list-color-14\">\n<ul>\n<li>Stalak za prijenosno ra\u010dunalo<\/li>\n<li>Broj kutova: 6<\/li>\n<li>17<\/li>\n<li>Bez rasvjete<\/li>\n<li>Proizvo\u0111a\u010d: Nedis<\/li>\n<li>Ovaj prijenosni i lagani sklopivi stalak za prijenosno ra\u010dunalo Nedis\u00ae morate imati na svom stolu!<\/li>\n<li>Dr\u017ea\u010d osigurava da prijenosno ra\u010dunalo, tablet ili pametni telefon bude u idealnom kutu gledanja, tako da uvijek mo\u017eete udobno raditi.<\/li>\n<li>Otvoreni dizajn postolja osigurava izvrsnu ventilaciju.<\/li>\n<li>Standard se mo\u017ee postaviti u 6 razli\u010ditih polo\u017eaja, jednostavan je za sklapanje i vrlo je lagan.<\/li>\n<li>Stoga ga mo\u017eete lako nositi sa sobom u torbi, kamo god idete.<\/li>\n<li>Gumene no\u017eice sprje\u010davaju klizanje prijenosnog ra\u010dunala i osiguravaju savr\u0161enu stabilnost na va\u0161em stolu.<\/li>\n<li>Zna\u010dajke:<\/li>\n<li>Prijenosni, lagani i sklopivi stalak za prijenosno ra\u010dunalo<\/li>\n<li>Mo\u017ee se koristiti za prijenosna ra\u010dunala, tablete i pametne telefone<\/li>\n<li>Podesivi kut gledanja u 6 razina<\/li>\n<li>Smanjite optere\u0107enje kralje\u017enice, vrata i ramena<\/li>\n<li>Otvoren dizajn za pove\u0107anje cirkulacije zraka, raspr\u0161ivanje topline i odr\u017eavanje va\u0161eg prijenosnog ra\u010dunala hladnim<\/li>\n<li>Protuklizne gumene no\u017eice<\/li>\n<\/ul>\n<\/div>","protected":false},"featured_media":30413,"comment_status":"closed","ping_status":"closed","template":"","meta":{"_themeisle_gutenberg_block_has_review":false},"product_brand":[],"product_cat":[335,336,288],"product_tag":[],"class_list":{"0":"post-4427","1":"product","2":"type-product","3":"status-publish","4":"has-post-thumbnail","6":"product_cat-racunari","7":"product_cat-ostala-oprema","8":"product_cat-svi-proizvodi","10":"first","11":"instock","12":"purchasable","13":"product-type-simple","14":"add-to-wishlist-after_add_to_cart"},"_links":{"self":[{"href":"https:\/\/mobishop-posusje.com\/en\/wp-json\/wp\/v2\/product\/4427","targetHints":{"allow":["GET"]}}],"collection":[{"href":"https:\/\/mobishop-posusje.com\/en\/wp-json\/wp\/v2\/product"}],"about":[{"href":"https:\/\/mobishop-posusje.com\/en\/wp-json\/wp\/v2\/types\/product"}],"replies":[{"embeddable":true,"href":"https:\/\/mobishop-posusje.com\/en\/wp-json\/wp\/v2\/comments?post=4427"}],"version-history":[{"count":2,"href":"https:\/\/mobishop-posusje.com\/en\/wp-json\/wp\/v2\/product\/4427\/revisions"}],"predecessor-version":[{"id":6473,"href":"https:\/\/mobishop-posusje.com\/en\/wp-json\/wp\/v2\/product\/4427\/revisions\/6473"}],"wp:featuredmedia":[{"embeddable":true,"href":"https:\/\/mobishop-posusje.com\/en\/wp-json\/wp\/v2\/media\/30413"}],"wp:attachment":[{"href":"https:\/\/mobishop-posusje.com\/en\/wp-json\/wp\/v2\/media?parent=4427"}],"wp:term":[{"taxonomy":"product_brand","embeddable":true,"href":"https:\/\/mobishop-posusje.com\/en\/wp-json\/wp\/v2\/product_brand?post=4427"},{"taxonomy":"product_cat","embeddable":true,"href":"https:\/\/mobishop-posusje.com\/en\/wp-json\/wp\/v2\/product_cat?post=4427"},{"taxonomy":"product_tag","embeddable":true,"href":"https:\/\/mobishop-posusje.com\/en\/wp-json\/wp\/v2\/product_tag?post=4427"}],"curies":[{"name":"wp","href":"https:\/\/api.w.org\/{rel}","templated":true}]}}