{"id":4499,"date":"2023-05-15T15:27:01","date_gmt":"2023-05-15T13:27:01","guid":{"rendered":"https:\/\/mobishop-posusje.com\/?post_type=product&#038;p=4499"},"modified":"2025-04-14T12:41:42","modified_gmt":"2025-04-14T12:41:42","slug":"ldnio-produzni-kabel-sa-4xusb-3-4a","status":"publish","type":"product","link":"https:\/\/mobishop-posusje.com\/en\/svi-proizvodi\/mobiteli-i-oprema\/dodatna-oprema-mobiteli-i-oprema\/ldnio-produzni-kabel-sa-4xusb-3-4a\/","title":{"rendered":"LDNIO Produzni kabel sa 4XUSB 3.4A"},"content":{"rendered":"","protected":false},"excerpt":{"rendered":"<div class=\"gem-list gem-list-type-check-style-1 gem-list-color-14\">\n<ul>\n<li>Produ\u017eni kabal sa 4 uti\u010dnice i punja\u010dem sa 4 USB porta<\/li>\n<li>Vrsta punja\u010da: Kombinacija produ\u017enog kabla i brzog punja\u010da<\/li>\n<li>Tip punja\u010da: Hub sa 4 USB porta<\/li>\n<li>Brzo punjenje<\/li>\n<\/ul>\n<\/div>","protected":false},"featured_media":30169,"comment_status":"closed","ping_status":"closed","template":"","meta":{"_themeisle_gutenberg_block_has_review":false},"product_brand":[],"product_cat":[355,356,288],"product_tag":[],"class_list":{"0":"post-4499","1":"product","2":"type-product","3":"status-publish","4":"has-post-thumbnail","6":"product_cat-mobiteli-i-oprema","7":"product_cat-dodatna-oprema-mobiteli-i-oprema","8":"product_cat-svi-proizvodi","10":"first","11":"instock","12":"purchasable","13":"product-type-simple","14":"add-to-wishlist-after_add_to_cart"},"_links":{"self":[{"href":"https:\/\/mobishop-posusje.com\/en\/wp-json\/wp\/v2\/product\/4499","targetHints":{"allow":["GET"]}}],"collection":[{"href":"https:\/\/mobishop-posusje.com\/en\/wp-json\/wp\/v2\/product"}],"about":[{"href":"https:\/\/mobishop-posusje.com\/en\/wp-json\/wp\/v2\/types\/product"}],"replies":[{"embeddable":true,"href":"https:\/\/mobishop-posusje.com\/en\/wp-json\/wp\/v2\/comments?post=4499"}],"version-history":[{"count":3,"href":"https:\/\/mobishop-posusje.com\/en\/wp-json\/wp\/v2\/product\/4499\/revisions"}],"predecessor-version":[{"id":30170,"href":"https:\/\/mobishop-posusje.com\/en\/wp-json\/wp\/v2\/product\/4499\/revisions\/30170"}],"wp:featuredmedia":[{"embeddable":true,"href":"https:\/\/mobishop-posusje.com\/en\/wp-json\/wp\/v2\/media\/30169"}],"wp:attachment":[{"href":"https:\/\/mobishop-posusje.com\/en\/wp-json\/wp\/v2\/media?parent=4499"}],"wp:term":[{"taxonomy":"product_brand","embeddable":true,"href":"https:\/\/mobishop-posusje.com\/en\/wp-json\/wp\/v2\/product_brand?post=4499"},{"taxonomy":"product_cat","embeddable":true,"href":"https:\/\/mobishop-posusje.com\/en\/wp-json\/wp\/v2\/product_cat?post=4499"},{"taxonomy":"product_tag","embeddable":true,"href":"https:\/\/mobishop-posusje.com\/en\/wp-json\/wp\/v2\/product_tag?post=4499"}],"curies":[{"name":"wp","href":"https:\/\/api.w.org\/{rel}","templated":true}]}}