{"id":4541,"date":"2023-06-15T12:05:47","date_gmt":"2023-06-15T10:05:47","guid":{"rendered":"https:\/\/mobishop-posusje.com\/?post_type=product&#038;p=4541"},"modified":"2025-09-02T14:05:31","modified_gmt":"2025-09-02T14:05:31","slug":"denver-wcl-8040-4g-kamera-za-lovce","status":"publish","type":"product","link":"https:\/\/mobishop-posusje.com\/en\/svi-proizvodi\/kamere-i-dronovi\/kamere\/denver-wcl-8040-4g-kamera-za-lovce\/","title":{"rendered":"DENVER WCL 8040 4G KAMERA ZA LOVCE"},"content":{"rendered":"","protected":false},"excerpt":{"rendered":"<div class=\"gem-list gem-list-type-check-style-1 gem-list-color-14\">\n<ul>\n<li>DV-WCL-8040<\/li>\n<li>Digitalna lova\u010dka kamera za nadzor divlja\u010di<\/li>\n<li>Digitalna kamera za divlje \u017eivotinje s 8 mp CMOS senzorom slike<\/li>\n<li>4G LTE \u010dita\u010d sim kartice: Umetnite sim karticu i pove\u017eite se na internet putem aplikacije Tuya Smart<\/li>\n<li>Primajte push obavijesti kada su pokreti, fotografije i videozapisi spremljeni na MicroSD kartici ili kupite pohranu u oblaku<\/li>\n<li>Potpuno automatski IR filter za kori\u0161tenje u mraku &#8211; 6 velikih LED dioda<\/li>\n<li>Vidni kut od 120\u00b0<\/li>\n<li>Ugra\u0111eni zaslon od 2\u201d<\/li>\n<li>Udaljenost PIR senzora: 1-25 metara<\/li>\n<li>Utor za microSD karticu za rec. &#8211; do 256GB (kartica nije uklju\u010dena &#8211; Mora biti formatirana u FAT32)<\/li>\n<li>Video rezolucija: 2K\/30fps (H.265), 1080P, 720P, VGA<\/li>\n<li>Rezolucija slike: 30MP\/24MP\/20MP\/16MP<\/li>\n<li>Vrijeme pripravnosti: do 3 mjeseca<\/li>\n<li>3 senzora pokreta<\/li>\n<li>IP65 otporan na prskanje vodom<\/li>\n<\/ul>\n<\/div>","protected":false},"featured_media":30539,"comment_status":"closed","ping_status":"closed","template":"","meta":{"_themeisle_gutenberg_block_has_review":false},"product_brand":[],"product_cat":[304,302,288],"product_tag":[],"class_list":{"0":"post-4541","1":"product","2":"type-product","3":"status-publish","4":"has-post-thumbnail","6":"product_cat-kamere","7":"product_cat-kamere-i-dronovi","8":"product_cat-svi-proizvodi","10":"first","11":"instock","12":"sale","13":"purchasable","14":"product-type-simple","15":"add-to-wishlist-after_add_to_cart"},"_links":{"self":[{"href":"https:\/\/mobishop-posusje.com\/en\/wp-json\/wp\/v2\/product\/4541","targetHints":{"allow":["GET"]}}],"collection":[{"href":"https:\/\/mobishop-posusje.com\/en\/wp-json\/wp\/v2\/product"}],"about":[{"href":"https:\/\/mobishop-posusje.com\/en\/wp-json\/wp\/v2\/types\/product"}],"replies":[{"embeddable":true,"href":"https:\/\/mobishop-posusje.com\/en\/wp-json\/wp\/v2\/comments?post=4541"}],"version-history":[{"count":2,"href":"https:\/\/mobishop-posusje.com\/en\/wp-json\/wp\/v2\/product\/4541\/revisions"}],"predecessor-version":[{"id":6421,"href":"https:\/\/mobishop-posusje.com\/en\/wp-json\/wp\/v2\/product\/4541\/revisions\/6421"}],"wp:featuredmedia":[{"embeddable":true,"href":"https:\/\/mobishop-posusje.com\/en\/wp-json\/wp\/v2\/media\/30539"}],"wp:attachment":[{"href":"https:\/\/mobishop-posusje.com\/en\/wp-json\/wp\/v2\/media?parent=4541"}],"wp:term":[{"taxonomy":"product_brand","embeddable":true,"href":"https:\/\/mobishop-posusje.com\/en\/wp-json\/wp\/v2\/product_brand?post=4541"},{"taxonomy":"product_cat","embeddable":true,"href":"https:\/\/mobishop-posusje.com\/en\/wp-json\/wp\/v2\/product_cat?post=4541"},{"taxonomy":"product_tag","embeddable":true,"href":"https:\/\/mobishop-posusje.com\/en\/wp-json\/wp\/v2\/product_tag?post=4541"}],"curies":[{"name":"wp","href":"https:\/\/api.w.org\/{rel}","templated":true}]}}