{"id":4547,"date":"2023-07-14T14:53:57","date_gmt":"2023-07-14T12:53:57","guid":{"rendered":"https:\/\/mobishop-posusje.com\/?post_type=product&#038;p=4547"},"modified":"2025-04-16T08:24:32","modified_gmt":"2025-04-16T08:24:32","slug":"jbl-partybox-310","status":"publish","type":"product","link":"https:\/\/mobishop-posusje.com\/en\/svi-proizvodi\/zvucnici-i-slusalice\/bluetooth-zvucnici\/jbl-partybox-310\/","title":{"rendered":"JBL PARTYBOX 310"},"content":{"rendered":"","protected":false},"excerpt":{"rendered":"<div class=\"gem-list gem-list-type-check-style-1 gem-list-color-14\">\n<ul>\n<li>JBL zvuk u kombinaciji sa svjetlosnim efektima i kota\u010di\u0107ima \u010dini pravi pokretni party stroj: PartyBox 310. Slo\u017eite sami svoj DJ set i ponesite ga gdje god \u017eelite, na pla\u017eu ili na ku\u0107nu zabavu.<\/li>\n<li>Za kreativce su dostupni i dualni ulazi za mikrofon i gitaru te pregr\u0161t zvu\u010dnih efekata.<\/li>\n<li>Uz 240W JBL Pro zvuka, sinkronizirani light show je sve \u0161to vam je potrebno za zabavu do jutra. I mo\u017eete se opustiti i ne brinuti o struji \u2013 baterija traje 18 sati.<\/li>\n<li>Ure\u0111aj je dobitnik presti\u017ene nagrade za dizajn Red Dot.<\/li>\n<li>Specifikacije:<\/li>\n<li>240W snage<\/li>\n<li>18 sati trajanja baterije<\/li>\n<li>IPX4 certifikat otpornosti na prskanje vode<\/li>\n<li>Osvijetljene tipke<\/li>\n<li>Kompatibilan s ve\u0107inom stalaka za zvu\u010dnike<\/li>\n<li>Dualni ulazi za mikrofon i gitaru<\/li>\n<li>Bluetooth\/ USB ulaz<\/li>\n<li>True Wireless Stereo za povezivanje vi\u0161e ure\u0111aja<\/li>\n<li>Aplikacija JBL PartyBox App<\/li>\n<li>Dimenzije (\u0161XvXd) 325.6 x 687.7 x 367.8 mm<\/li>\n<li>Masa 17.42kg<\/li>\n<\/ul>\n<\/div>","protected":false},"featured_media":30608,"comment_status":"closed","ping_status":"closed","template":"","meta":{"_themeisle_gutenberg_block_has_review":false},"product_brand":[],"product_cat":[318,316,288],"product_tag":[],"class_list":{"0":"post-4547","1":"product","2":"type-product","3":"status-publish","4":"has-post-thumbnail","6":"product_cat-bluetooth-zvucnici","7":"product_cat-zvucnici-i-slusalice","8":"product_cat-svi-proizvodi","10":"first","11":"instock","12":"purchasable","13":"product-type-simple","14":"add-to-wishlist-after_add_to_cart"},"_links":{"self":[{"href":"https:\/\/mobishop-posusje.com\/en\/wp-json\/wp\/v2\/product\/4547","targetHints":{"allow":["GET"]}}],"collection":[{"href":"https:\/\/mobishop-posusje.com\/en\/wp-json\/wp\/v2\/product"}],"about":[{"href":"https:\/\/mobishop-posusje.com\/en\/wp-json\/wp\/v2\/types\/product"}],"replies":[{"embeddable":true,"href":"https:\/\/mobishop-posusje.com\/en\/wp-json\/wp\/v2\/comments?post=4547"}],"version-history":[{"count":4,"href":"https:\/\/mobishop-posusje.com\/en\/wp-json\/wp\/v2\/product\/4547\/revisions"}],"predecessor-version":[{"id":30609,"href":"https:\/\/mobishop-posusje.com\/en\/wp-json\/wp\/v2\/product\/4547\/revisions\/30609"}],"wp:featuredmedia":[{"embeddable":true,"href":"https:\/\/mobishop-posusje.com\/en\/wp-json\/wp\/v2\/media\/30608"}],"wp:attachment":[{"href":"https:\/\/mobishop-posusje.com\/en\/wp-json\/wp\/v2\/media?parent=4547"}],"wp:term":[{"taxonomy":"product_brand","embeddable":true,"href":"https:\/\/mobishop-posusje.com\/en\/wp-json\/wp\/v2\/product_brand?post=4547"},{"taxonomy":"product_cat","embeddable":true,"href":"https:\/\/mobishop-posusje.com\/en\/wp-json\/wp\/v2\/product_cat?post=4547"},{"taxonomy":"product_tag","embeddable":true,"href":"https:\/\/mobishop-posusje.com\/en\/wp-json\/wp\/v2\/product_tag?post=4547"}],"curies":[{"name":"wp","href":"https:\/\/api.w.org\/{rel}","templated":true}]}}