{"id":4551,"date":"2023-07-18T13:23:13","date_gmt":"2023-07-18T11:23:13","guid":{"rendered":"https:\/\/mobishop-posusje.com\/?post_type=product&#038;p=4551"},"modified":"2025-04-23T14:50:55","modified_gmt":"2025-04-23T14:50:55","slug":"segway-kickscooter-zing-a6","status":"publish","type":"product","link":"https:\/\/mobishop-posusje.com\/en\/svi-proizvodi\/romobili-i-hoverboardovi\/romobili\/segway-kickscooter-zing-a6\/","title":{"rendered":"SEGWAY KICKSCOOTER ZING A6 Romobil"},"content":{"rendered":"","protected":false},"excerpt":{"rendered":"<div class=\"gem-list gem-list-type-check-style-1 gem-list-color-14\">\n<ul>\n<li>Od 6-10 god<\/li>\n<li>Maksimalna brzina do 12 km\/h (7.5 mph)<\/li>\n<li>Domet do 5 km (3,1 milje)<\/li>\n<li>No\u017ena ko\u010dnica stra\u017enjeg blatobrana<\/li>\n<li>Prednja guma: PU perfuzija; Stra\u017enja guma: \u010cvrsta guma<\/li>\n<li>3 stupnja prijenosa za razli\u010dite razine<\/li>\n<li>Vrijeme punjenja do 3 sata<\/li>\n<li>Ambijentalna svjetla sa strane podno\u017eja i na prednjem kota\u010du<\/li>\n<\/ul>\n<\/div>","protected":false},"featured_media":30526,"comment_status":"closed","ping_status":"closed","template":"","meta":{"_themeisle_gutenberg_block_has_review":false},"product_brand":[],"product_cat":[301,299,288],"product_tag":[],"class_list":{"0":"post-4551","1":"product","2":"type-product","3":"status-publish","4":"has-post-thumbnail","6":"product_cat-romobili","7":"product_cat-romobili-i-hoverboardovi","8":"product_cat-svi-proizvodi","10":"first","11":"instock","12":"purchasable","13":"product-type-simple","14":"add-to-wishlist-after_add_to_cart"},"_links":{"self":[{"href":"https:\/\/mobishop-posusje.com\/en\/wp-json\/wp\/v2\/product\/4551","targetHints":{"allow":["GET"]}}],"collection":[{"href":"https:\/\/mobishop-posusje.com\/en\/wp-json\/wp\/v2\/product"}],"about":[{"href":"https:\/\/mobishop-posusje.com\/en\/wp-json\/wp\/v2\/types\/product"}],"replies":[{"embeddable":true,"href":"https:\/\/mobishop-posusje.com\/en\/wp-json\/wp\/v2\/comments?post=4551"}],"version-history":[{"count":5,"href":"https:\/\/mobishop-posusje.com\/en\/wp-json\/wp\/v2\/product\/4551\/revisions"}],"predecessor-version":[{"id":30527,"href":"https:\/\/mobishop-posusje.com\/en\/wp-json\/wp\/v2\/product\/4551\/revisions\/30527"}],"wp:featuredmedia":[{"embeddable":true,"href":"https:\/\/mobishop-posusje.com\/en\/wp-json\/wp\/v2\/media\/30526"}],"wp:attachment":[{"href":"https:\/\/mobishop-posusje.com\/en\/wp-json\/wp\/v2\/media?parent=4551"}],"wp:term":[{"taxonomy":"product_brand","embeddable":true,"href":"https:\/\/mobishop-posusje.com\/en\/wp-json\/wp\/v2\/product_brand?post=4551"},{"taxonomy":"product_cat","embeddable":true,"href":"https:\/\/mobishop-posusje.com\/en\/wp-json\/wp\/v2\/product_cat?post=4551"},{"taxonomy":"product_tag","embeddable":true,"href":"https:\/\/mobishop-posusje.com\/en\/wp-json\/wp\/v2\/product_tag?post=4551"}],"curies":[{"name":"wp","href":"https:\/\/api.w.org\/{rel}","templated":true}]}}