{"id":4561,"date":"2023-09-01T11:05:42","date_gmt":"2023-09-01T09:05:42","guid":{"rendered":"https:\/\/mobishop-posusje.com\/?post_type=product&#038;p=4561"},"modified":"2025-11-06T09:53:36","modified_gmt":"2025-11-06T09:53:36","slug":"marshall-acton-3-bluetooth-zvucnik","status":"publish","type":"product","link":"https:\/\/mobishop-posusje.com\/en\/svi-proizvodi\/zvucnici-i-slusalice\/bluetooth-zvucnici\/marshall-acton-3-bluetooth-zvucnik\/","title":{"rendered":"Marshall Acton 3 Bluetooth zvu\u010dnik"},"content":{"rendered":"","protected":false},"excerpt":{"rendered":"<div class=\"gem-list gem-list-type-check-style-1 gem-list-color-14\">\n<ul>\n<li>Velike stvari dolaze u malim pakiranjima.<\/li>\n<li>Acton III je najdiskretniji Bluetooth zvu\u010dnik u ku\u0107noj liniji.<\/li>\n<li>Ima jo\u0161 \u0161iru zvu\u010dnu pozornicu od svog prethodnika.<\/li>\n<li>Nudi rekonstruirani zvuk za impresivno ku\u0107no audio iskustvo.<\/li>\n<li>Isporu\u010duje prepoznatljiv Marshall zvuk koji ispunjava prostoriju.<\/li>\n<\/ul>\n<\/div>","protected":false},"featured_media":30604,"comment_status":"closed","ping_status":"closed","template":"","meta":{"_themeisle_gutenberg_block_has_review":false},"product_brand":[],"product_cat":[318,316,288],"product_tag":[],"class_list":{"0":"post-4561","1":"product","2":"type-product","3":"status-publish","4":"has-post-thumbnail","6":"product_cat-bluetooth-zvucnici","7":"product_cat-zvucnici-i-slusalice","8":"product_cat-svi-proizvodi","10":"first","11":"instock","12":"sale","13":"purchasable","14":"product-type-simple","15":"add-to-wishlist-after_add_to_cart"},"_links":{"self":[{"href":"https:\/\/mobishop-posusje.com\/en\/wp-json\/wp\/v2\/product\/4561","targetHints":{"allow":["GET"]}}],"collection":[{"href":"https:\/\/mobishop-posusje.com\/en\/wp-json\/wp\/v2\/product"}],"about":[{"href":"https:\/\/mobishop-posusje.com\/en\/wp-json\/wp\/v2\/types\/product"}],"replies":[{"embeddable":true,"href":"https:\/\/mobishop-posusje.com\/en\/wp-json\/wp\/v2\/comments?post=4561"}],"version-history":[{"count":2,"href":"https:\/\/mobishop-posusje.com\/en\/wp-json\/wp\/v2\/product\/4561\/revisions"}],"predecessor-version":[{"id":6304,"href":"https:\/\/mobishop-posusje.com\/en\/wp-json\/wp\/v2\/product\/4561\/revisions\/6304"}],"wp:featuredmedia":[{"embeddable":true,"href":"https:\/\/mobishop-posusje.com\/en\/wp-json\/wp\/v2\/media\/30604"}],"wp:attachment":[{"href":"https:\/\/mobishop-posusje.com\/en\/wp-json\/wp\/v2\/media?parent=4561"}],"wp:term":[{"taxonomy":"product_brand","embeddable":true,"href":"https:\/\/mobishop-posusje.com\/en\/wp-json\/wp\/v2\/product_brand?post=4561"},{"taxonomy":"product_cat","embeddable":true,"href":"https:\/\/mobishop-posusje.com\/en\/wp-json\/wp\/v2\/product_cat?post=4561"},{"taxonomy":"product_tag","embeddable":true,"href":"https:\/\/mobishop-posusje.com\/en\/wp-json\/wp\/v2\/product_tag?post=4561"}],"curies":[{"name":"wp","href":"https:\/\/api.w.org\/{rel}","templated":true}]}}