{"id":4579,"date":"2023-09-29T15:47:15","date_gmt":"2023-09-29T13:47:15","guid":{"rendered":"https:\/\/mobishop-posusje.com\/?post_type=product&#038;p=4579"},"modified":"2025-04-23T15:01:39","modified_gmt":"2025-04-23T15:01:39","slug":"xiaomi-vanjska-kamra-aw200","status":"publish","type":"product","link":"https:\/\/mobishop-posusje.com\/en\/svi-proizvodi\/kamere-i-dronovi\/kamere\/xiaomi-vanjska-kamra-aw200\/","title":{"rendered":"XIAOMI VANJSKA KAMRA AW200"},"content":{"rendered":"","protected":false},"excerpt":{"rendered":"<div class=\"gem-list gem-list-type-check-style-1 gem-list-color-14\">\n<ul>\n<li>Xiaomi vanjska kamera AW200 dolazi s visokom rezolucijom od 1920 x 1080p za zajam\u010denu kvalitetu slike, digitalni zoom i pove\u0107anje detalja.<\/li>\n<li>Veliki otvor apertura F1.6 poma\u017ee za unos svjetla i pobolj\u0161ava transparentnost slike.<\/li>\n<li>Nudi pobolj\u0161ani i nenametljivi infracrveni no\u0107ni vid koji omogu\u0107uje da jasno vidimo \u010dak i u potpunom mraku.<\/li>\n<li>Kamera ima IP65 otpornost na pra\u0161inu i vodu te dolazi s profesionalnim vodootpornim zvu\u010dnikom, mikrofonom i uti\u010dnicom za napajanje.<\/li>\n<li>Nudi dvosmjernu komunikaciju do 5 metara i AI tehnologiju detekcije ljudi koja filtrira pokrete koji nisu ljudski \u0161to sprje\u010dava ne\u017eeljene alarme.<\/li>\n<li>Kamera ima pametan dizajn i fleksibilnu bazu koja se mo\u017ee odvojiti.<\/li>\n<li>Kamera AW200 mo\u017ee snimati ubrzane snimke cvjetanja cvije\u0107a ili izlaska i zalaska sunca.<\/li>\n<li>Mo\u017ee biti i za ku\u0107nu i za vanjsku upotrebu te mo\u017ee pohraniti snimke na vi\u0161e lokacija: lokalna Micro SD kartica ili pohrana u oblak.<\/li>\n<li>Kamera koristi i Mi sigurnosni \u010dip koji ima jedinstveni privatni klju\u010d i certifikat koji jam\u010di sigurnu komunikaciju i pohranu podataka.<\/li>\n<\/ul>\n<\/div>","protected":false},"featured_media":30537,"comment_status":"closed","ping_status":"closed","template":"","meta":{"_themeisle_gutenberg_block_has_review":false},"product_brand":[],"product_cat":[304,302,288],"product_tag":[],"class_list":{"0":"post-4579","1":"product","2":"type-product","3":"status-publish","4":"has-post-thumbnail","6":"product_cat-kamere","7":"product_cat-kamere-i-dronovi","8":"product_cat-svi-proizvodi","10":"first","11":"instock","12":"purchasable","13":"product-type-simple","14":"add-to-wishlist-after_add_to_cart"},"_links":{"self":[{"href":"https:\/\/mobishop-posusje.com\/en\/wp-json\/wp\/v2\/product\/4579","targetHints":{"allow":["GET"]}}],"collection":[{"href":"https:\/\/mobishop-posusje.com\/en\/wp-json\/wp\/v2\/product"}],"about":[{"href":"https:\/\/mobishop-posusje.com\/en\/wp-json\/wp\/v2\/types\/product"}],"replies":[{"embeddable":true,"href":"https:\/\/mobishop-posusje.com\/en\/wp-json\/wp\/v2\/comments?post=4579"}],"version-history":[{"count":5,"href":"https:\/\/mobishop-posusje.com\/en\/wp-json\/wp\/v2\/product\/4579\/revisions"}],"predecessor-version":[{"id":30538,"href":"https:\/\/mobishop-posusje.com\/en\/wp-json\/wp\/v2\/product\/4579\/revisions\/30538"}],"wp:featuredmedia":[{"embeddable":true,"href":"https:\/\/mobishop-posusje.com\/en\/wp-json\/wp\/v2\/media\/30537"}],"wp:attachment":[{"href":"https:\/\/mobishop-posusje.com\/en\/wp-json\/wp\/v2\/media?parent=4579"}],"wp:term":[{"taxonomy":"product_brand","embeddable":true,"href":"https:\/\/mobishop-posusje.com\/en\/wp-json\/wp\/v2\/product_brand?post=4579"},{"taxonomy":"product_cat","embeddable":true,"href":"https:\/\/mobishop-posusje.com\/en\/wp-json\/wp\/v2\/product_cat?post=4579"},{"taxonomy":"product_tag","embeddable":true,"href":"https:\/\/mobishop-posusje.com\/en\/wp-json\/wp\/v2\/product_tag?post=4579"}],"curies":[{"name":"wp","href":"https:\/\/api.w.org\/{rel}","templated":true}]}}