{"id":4581,"date":"2023-09-29T15:50:13","date_gmt":"2023-09-29T13:50:13","guid":{"rendered":"https:\/\/mobishop-posusje.com\/?post_type=product&#038;p=4581"},"modified":"2025-04-24T06:52:08","modified_gmt":"2025-04-24T06:52:08","slug":"xiaomi-vanjska-kamera-aw300","status":"publish","type":"product","link":"https:\/\/mobishop-posusje.com\/en\/svi-proizvodi\/kamere-i-dronovi\/kamere\/xiaomi-vanjska-kamera-aw300\/","title":{"rendered":"XIAOMI VANJSKA KAMERA AW300"},"content":{"rendered":"","protected":false},"excerpt":{"rendered":"<div class=\"gem-list gem-list-type-check-style-1 gem-list-color-14\">\n<ul>\n<li>Xiaomi vanjska kamera AW300 pru\u017ea cjelodnevnu za\u0161titu va\u0161eg doma ili poslovnog prostora!<\/li>\n<li>Uz Ultra-HD 2K rezoluciju cijeli dan pru\u017ea kvalitetnu sliku bez obzira na vremenske uvjete.<\/li>\n<li>Ima pametni no\u0107ni vid u punoj boji i ugra\u0111ene dvije IR LED diode za infracrveni no\u0107ni vid s jasno\u0107om do 7 metara.<\/li>\n<li>Uz dvije bijele LED diode kamera se automatski uklju\u010duje nakon detekcije ljudi.<\/li>\n<li>Detekcija ljudi bazira se na umjetnoj inteligenciji gdje pametni AI algoritam to\u010dno prepoznaje oblik ljudskog tijela i generira relevantna upozorenja na temelju korisni\u010dkih postavki (\u0161alje obavijesti u aplikaciju).<\/li>\n<li>Uz reflektor velike snage zajedno sa glasnim zvu\u010dnicima odmah odvra\u0107a nepozvane goste.<\/li>\n<li>Xiaomi AW300 kamera ima mogu\u0107nost dvosmjernog portafona gdje jasno i glasno posti\u017ee domet od 7 metara, a nadzorni video i zvuk \u0107e se reproducirati na zaslonu.<\/li>\n<li>Snimite prilago\u0111eni zvuk obavijesti, prilagodite vrijeme reprodukcije, glasno\u0107u zvu\u010dnika i na\u010din bljeskalice reflektora ako je potrebno.<\/li>\n<li>Sadr\u017ei mogu\u0107nost odre\u0111ivanja podru\u010dja na zaslonu za to\u010dniji nadzor sigurnosnog podru\u010dja (recimo blagajna ili gara\u017ea) i ogla\u0161avanje alarma za samo to podru\u010dje.<\/li>\n<li>Uz personalizirani glas mo\u017eete i za\u017eeljeti dobrodo\u0161licu gostima koja se temelji na scenariju \u201eZdravo, dobrodo\u0161li!\u201c<\/li>\n<li>Xiaomi Outdoor Camera AW300 sadr\u017ei IP66 otpornost na pra\u0161inu i vodu kako bi rad bio stabilan i u vanjskom okru\u017eenju.<\/li>\n<li>Uz radnu temperaturu od -30 \u00b0C ~ 60 \u00b0C pru\u017ea za\u0161titu u raznim vremenskim uvjetima!<\/li>\n<\/ul>\n<\/div>","protected":false},"featured_media":30536,"comment_status":"closed","ping_status":"closed","template":"","meta":{"_themeisle_gutenberg_block_has_review":false},"product_brand":[],"product_cat":[304,302,288],"product_tag":[],"class_list":{"0":"post-4581","1":"product","2":"type-product","3":"status-publish","4":"has-post-thumbnail","6":"product_cat-kamere","7":"product_cat-kamere-i-dronovi","8":"product_cat-svi-proizvodi","10":"first","11":"outofstock","12":"purchasable","13":"product-type-simple","14":"add-to-wishlist-after_add_to_cart"},"_links":{"self":[{"href":"https:\/\/mobishop-posusje.com\/en\/wp-json\/wp\/v2\/product\/4581","targetHints":{"allow":["GET"]}}],"collection":[{"href":"https:\/\/mobishop-posusje.com\/en\/wp-json\/wp\/v2\/product"}],"about":[{"href":"https:\/\/mobishop-posusje.com\/en\/wp-json\/wp\/v2\/types\/product"}],"replies":[{"embeddable":true,"href":"https:\/\/mobishop-posusje.com\/en\/wp-json\/wp\/v2\/comments?post=4581"}],"version-history":[{"count":3,"href":"https:\/\/mobishop-posusje.com\/en\/wp-json\/wp\/v2\/product\/4581\/revisions"}],"predecessor-version":[{"id":6292,"href":"https:\/\/mobishop-posusje.com\/en\/wp-json\/wp\/v2\/product\/4581\/revisions\/6292"}],"wp:featuredmedia":[{"embeddable":true,"href":"https:\/\/mobishop-posusje.com\/en\/wp-json\/wp\/v2\/media\/30536"}],"wp:attachment":[{"href":"https:\/\/mobishop-posusje.com\/en\/wp-json\/wp\/v2\/media?parent=4581"}],"wp:term":[{"taxonomy":"product_brand","embeddable":true,"href":"https:\/\/mobishop-posusje.com\/en\/wp-json\/wp\/v2\/product_brand?post=4581"},{"taxonomy":"product_cat","embeddable":true,"href":"https:\/\/mobishop-posusje.com\/en\/wp-json\/wp\/v2\/product_cat?post=4581"},{"taxonomy":"product_tag","embeddable":true,"href":"https:\/\/mobishop-posusje.com\/en\/wp-json\/wp\/v2\/product_tag?post=4581"}],"curies":[{"name":"wp","href":"https:\/\/api.w.org\/{rel}","templated":true}]}}