{"id":4584,"date":"2023-09-29T15:58:29","date_gmt":"2023-09-29T13:58:29","guid":{"rendered":"https:\/\/mobishop-posusje.com\/?post_type=product&#038;p=4584"},"modified":"2025-04-24T20:17:55","modified_gmt":"2025-04-24T20:17:55","slug":"xiaomi-curved-monitor-30","status":"publish","type":"product","link":"https:\/\/mobishop-posusje.com\/en\/svi-proizvodi\/racunari\/monitori\/xiaomi-curved-monitor-30\/","title":{"rendered":"XIAOMI CURVED MONITOR 30&#8221;"},"content":{"rendered":"","protected":false},"excerpt":{"rendered":"<div class=\"gem-list gem-list-type-check-style-1 gem-list-color-14\">\n<ul>\n<li>Zadivljuju\u0107i do\u017eivljaj gledanja i igranja!<\/li>\n<li>Prepustite se nevjerojatnom i zadivljuju\u0107em iskustvu gledanja raznih sadr\u017eaja na 30-in\u010dnom monitoru! Ultra \u0161iroki 21:9 i 1800R zakrivljeni monitor idealan je za igranje, ali i za rad s vi\u0161e zadataka jer prikazuje svaki sitni detalj i godi oku!<\/li>\n<li>U\u017eivajte u \u017eivopisnom i kinematografskom zaslonu koji dolazi uz razlu\u010divost zaslona 2560 x 1080 WFHD s nevjerojatno visokim omjerom kontrasta od 3000:1, 99% sRGB rasponom boja, preko 16.7 milijuna boja i svjetlinom od 300 niti.<\/li>\n<li>Recite zbogom zastajkivanju i ka\u0161njenju slike jer ure\u0111aj ima impresivnu stopu osvje\u017eavanja od 200 Hz kako bi mogli gledati slike koje se brzo kre\u0107u s nevjerojatnom jasno\u0107om te kako bi br\u017ee reagirali na situacije u igri!<\/li>\n<li>AMD FreeSync Premium tehnologija daje ozbiljnim igra\u010dima fluidno iskustvo igranja uz vrhunsku izvedbu! Igrajte samopouzdano uz visoku stopu osvje\u017eavanja, nisku kompenzaciju broja sli\u010dica u sekundi i nisku latenciju.<\/li>\n<li>Moderan dizajn bez plo\u010de prete\u017ee se od ruba do ruba i time daje potpunu preglednost. Profinjena tamna vanjska strana i postolje u Y obliku donose elegantan i moderan izgled na va\u0161 stol. Ure\u0111aj ima i prostor kroz koji mo\u017eete provu\u0107i kablove kako ne bi smetali oko i na stolu.<\/li>\n<li>DC tehnologija zatamnjivanja smanjuje titranje zaslona, a T\u00dcV Rheinland certificirani Low Blue Light na\u010din rada mo\u017ee se uklju\u010diti za filtriranje niskog plavog svjetla.<\/li>\n<li>Ure\u0111aj ima pet utora: DC In utor, dva HDMI utora (1.4 , 2.1), DP 1.2 i audio utor.<\/li>\n<\/ul>\n<\/div>","protected":false},"featured_media":30383,"comment_status":"closed","ping_status":"closed","template":"","meta":{"_themeisle_gutenberg_block_has_review":false},"product_brand":[],"product_cat":[335,343,288],"product_tag":[],"class_list":{"0":"post-4584","1":"product","2":"type-product","3":"status-publish","4":"has-post-thumbnail","6":"product_cat-racunari","7":"product_cat-monitori","8":"product_cat-svi-proizvodi","10":"first","11":"instock","12":"purchasable","13":"product-type-simple","14":"add-to-wishlist-after_add_to_cart"},"_links":{"self":[{"href":"https:\/\/mobishop-posusje.com\/en\/wp-json\/wp\/v2\/product\/4584","targetHints":{"allow":["GET"]}}],"collection":[{"href":"https:\/\/mobishop-posusje.com\/en\/wp-json\/wp\/v2\/product"}],"about":[{"href":"https:\/\/mobishop-posusje.com\/en\/wp-json\/wp\/v2\/types\/product"}],"replies":[{"embeddable":true,"href":"https:\/\/mobishop-posusje.com\/en\/wp-json\/wp\/v2\/comments?post=4584"}],"version-history":[{"count":3,"href":"https:\/\/mobishop-posusje.com\/en\/wp-json\/wp\/v2\/product\/4584\/revisions"}],"predecessor-version":[{"id":6290,"href":"https:\/\/mobishop-posusje.com\/en\/wp-json\/wp\/v2\/product\/4584\/revisions\/6290"}],"wp:featuredmedia":[{"embeddable":true,"href":"https:\/\/mobishop-posusje.com\/en\/wp-json\/wp\/v2\/media\/30383"}],"wp:attachment":[{"href":"https:\/\/mobishop-posusje.com\/en\/wp-json\/wp\/v2\/media?parent=4584"}],"wp:term":[{"taxonomy":"product_brand","embeddable":true,"href":"https:\/\/mobishop-posusje.com\/en\/wp-json\/wp\/v2\/product_brand?post=4584"},{"taxonomy":"product_cat","embeddable":true,"href":"https:\/\/mobishop-posusje.com\/en\/wp-json\/wp\/v2\/product_cat?post=4584"},{"taxonomy":"product_tag","embeddable":true,"href":"https:\/\/mobishop-posusje.com\/en\/wp-json\/wp\/v2\/product_tag?post=4584"}],"curies":[{"name":"wp","href":"https:\/\/api.w.org\/{rel}","templated":true}]}}