{"id":4608,"date":"2023-10-09T13:47:38","date_gmt":"2023-10-09T11:47:38","guid":{"rendered":"https:\/\/mobishop-posusje.com\/?post_type=product&#038;p=4608"},"modified":"2025-04-23T21:23:23","modified_gmt":"2025-04-23T21:23:23","slug":"jbl-wave100-bt-slusalice","status":"publish","type":"product","link":"https:\/\/mobishop-posusje.com\/en\/svi-proizvodi\/mobiteli-i-oprema\/mobitel-slusalice\/bluetooth-slusalice-mobitel\/jbl-wave100-bt-slusalice\/","title":{"rendered":"JBL WAVE100 BT slu\u0161alice"},"content":{"rendered":"","protected":false},"excerpt":{"rendered":"<div class=\"gem-list gem-list-type-check-style-1 gem-list-color-14\">\n<ul>\n<li>Odli\u010dan zvuk, bez nepotrebnih stvari i bez \u017eica? Jednostavno: JBL Wave 100TWS. Pokre\u0107u ih JBL Deep Bass Sound, ove prave be\u017ei\u010dne slu\u0161alice boje va\u0161 dan uz do 20 sati reprodukcije. Potpuna sloboda od \u017eica zna\u010di hands-free pozive i punu udobnost. Odmah upareni i nezavisni zahvaljuju\u0107i dvostrukom povezivanju, muzika, pozivi i glasovni asistent se mogu kontrolisati iz slu\u0161alica, tako da mo\u017eete odr\u017eavati protok. U\u017eivajte svakodnevno!<\/li>\n<li>JBL duboki bas zvuk<\/li>\n<li>Zvuk va\u0161eg posljednjeg koncerta, samo za va\u0161e u\u0161i. U\u017eivajte u dubokom basu uz pomo\u0107 drajvera od 8 mm.<\/li>\n<li>20 sati kombinovane reprodukcije<\/li>\n<li>Sa 5 sati u slu\u0161alicama i 15 sati u futroli, JBL Wave 100TWS mo\u017ee dr\u017eati korak s va\u0161im ritmom cijeli dan.<\/li>\n<li>Dvostruko povezivanje<\/li>\n<li>Odmah upareni \u010dim vam do\u0111u u u\u0161i, bez obzira koji pupoljci prvi stignu, JBL Wave 100TWS mo\u017ee raditi nezavisno, tako da mo\u017eete u\u0161tedjeti energiju baterije.<\/li>\n<li>Specifikacije:<\/li>\n<li>Osjetljivost drajvera na 1kHz\/1mW (dB): 105.5<\/li>\n<li>Raspon dinami\u010dkog frekvencijskog odziva (Hz): 20 Hz \u2013 20 kHz<\/li>\n<li>Impedancija (oma): 16<\/li>\n<li>Broj drajvera po uhu: 1<\/li>\n<li>Vrijeme punjenja (sati od pra\u017enjenja): 2<\/li>\n<li>Maksimalno vrijeme igranja (sati): 5<\/li>\n<\/ul>\n<\/div>","protected":false},"featured_media":30144,"comment_status":"closed","ping_status":"closed","template":"","meta":{"_themeisle_gutenberg_block_has_review":false},"product_brand":[],"product_cat":[355,362,320,316,361,288],"product_tag":[],"class_list":{"0":"post-4608","1":"product","2":"type-product","3":"status-publish","4":"has-post-thumbnail","6":"product_cat-mobiteli-i-oprema","7":"product_cat-bluetooth-slusalice-mobitel","8":"product_cat-bluetooth-slusalice","9":"product_cat-zvucnici-i-slusalice","10":"product_cat-mobitel-slusalice","11":"product_cat-svi-proizvodi","13":"first","14":"instock","15":"purchasable","16":"product-type-simple","17":"add-to-wishlist-after_add_to_cart"},"_links":{"self":[{"href":"https:\/\/mobishop-posusje.com\/en\/wp-json\/wp\/v2\/product\/4608","targetHints":{"allow":["GET"]}}],"collection":[{"href":"https:\/\/mobishop-posusje.com\/en\/wp-json\/wp\/v2\/product"}],"about":[{"href":"https:\/\/mobishop-posusje.com\/en\/wp-json\/wp\/v2\/types\/product"}],"replies":[{"embeddable":true,"href":"https:\/\/mobishop-posusje.com\/en\/wp-json\/wp\/v2\/comments?post=4608"}],"version-history":[{"count":2,"href":"https:\/\/mobishop-posusje.com\/en\/wp-json\/wp\/v2\/product\/4608\/revisions"}],"predecessor-version":[{"id":6278,"href":"https:\/\/mobishop-posusje.com\/en\/wp-json\/wp\/v2\/product\/4608\/revisions\/6278"}],"wp:featuredmedia":[{"embeddable":true,"href":"https:\/\/mobishop-posusje.com\/en\/wp-json\/wp\/v2\/media\/30144"}],"wp:attachment":[{"href":"https:\/\/mobishop-posusje.com\/en\/wp-json\/wp\/v2\/media?parent=4608"}],"wp:term":[{"taxonomy":"product_brand","embeddable":true,"href":"https:\/\/mobishop-posusje.com\/en\/wp-json\/wp\/v2\/product_brand?post=4608"},{"taxonomy":"product_cat","embeddable":true,"href":"https:\/\/mobishop-posusje.com\/en\/wp-json\/wp\/v2\/product_cat?post=4608"},{"taxonomy":"product_tag","embeddable":true,"href":"https:\/\/mobishop-posusje.com\/en\/wp-json\/wp\/v2\/product_tag?post=4608"}],"curies":[{"name":"wp","href":"https:\/\/api.w.org\/{rel}","templated":true}]}}