{"id":4616,"date":"2023-10-10T12:09:53","date_gmt":"2023-10-10T10:09:53","guid":{"rendered":"https:\/\/mobishop-posusje.com\/?post_type=product&#038;p=4616"},"modified":"2025-04-25T06:49:14","modified_gmt":"2025-04-25T06:49:14","slug":"smartmi-smart-convector-1s-2200w","status":"publish","type":"product","link":"https:\/\/mobishop-posusje.com\/en\/svi-proizvodi\/klime-i-grijanje\/grijanje\/smartmi-smart-convector-1s-2200w\/","title":{"rendered":"Smartmi Smart Convector 1S 2200W"},"content":{"rendered":"","protected":false},"excerpt":{"rendered":"<div class=\"gem-list gem-list-type-check-style-1 gem-list-color-14\">\n<ul>\n<li>Xiaomi Smartmi 1S &#8211; panel grijalica \/ konvektor, max. snaga 2200W, 3 nivoa snage 900 \/ 1300 \/ 2200W.<\/li>\n<li>Grijalica sa odli\u010dnim karakteristikama ima sigurnosne mjere za sprje\u010davanje pregrijavanja i nezgoda povezanih s tim.<\/li>\n<li>Kompaktne je veli\u010dine sa dimenzijom 94 x 448 x 202 mm, inteligentni prekida\u010d protiv prevrtanja, automatsko isklju\u010divanje, prekida\u010d za kontrolu temperature + temperaturni osigura\u010d, dvostruka za\u0161tita, sigurnija<\/li>\n<li>Ravnomjerno raspore\u0111uje toplotu u unutra\u0161njem prostoru<\/li>\n<li>Zagrijava ravnomjerno strujanjem zraka bez isu\u0161ivanja<\/li>\n<li>\u0160irokougaoni dovod vazduha od 45 stepeni<\/li>\n<li>Indikator hladnog i toplog vazduha, prekida\u010d sa jednim dugmetom<\/li>\n<li>Odvojivi filter za vazduh<\/li>\n<li>Savr\u0161eno za prostor 10 &#8211; 15 m\u00b2 &#8211; spava\u0107u sobu, dnevni boravak, radnu sobu&#8230;<\/li>\n<\/ul>\n<\/div>","protected":false},"featured_media":30524,"comment_status":"closed","ping_status":"closed","template":"","meta":{"_themeisle_gutenberg_block_has_review":false},"product_brand":[],"product_cat":[297,296,288],"product_tag":[],"class_list":{"0":"post-4616","1":"product","2":"type-product","3":"status-publish","4":"has-post-thumbnail","6":"product_cat-grijanje","7":"product_cat-klime-i-grijanje","8":"product_cat-svi-proizvodi","9":"product_shipping_class-teski-proizvod","11":"first","12":"instock","13":"purchasable","14":"product-type-simple","15":"add-to-wishlist-after_add_to_cart"},"_links":{"self":[{"href":"https:\/\/mobishop-posusje.com\/en\/wp-json\/wp\/v2\/product\/4616","targetHints":{"allow":["GET"]}}],"collection":[{"href":"https:\/\/mobishop-posusje.com\/en\/wp-json\/wp\/v2\/product"}],"about":[{"href":"https:\/\/mobishop-posusje.com\/en\/wp-json\/wp\/v2\/types\/product"}],"replies":[{"embeddable":true,"href":"https:\/\/mobishop-posusje.com\/en\/wp-json\/wp\/v2\/comments?post=4616"}],"version-history":[{"count":2,"href":"https:\/\/mobishop-posusje.com\/en\/wp-json\/wp\/v2\/product\/4616\/revisions"}],"predecessor-version":[{"id":6274,"href":"https:\/\/mobishop-posusje.com\/en\/wp-json\/wp\/v2\/product\/4616\/revisions\/6274"}],"wp:featuredmedia":[{"embeddable":true,"href":"https:\/\/mobishop-posusje.com\/en\/wp-json\/wp\/v2\/media\/30524"}],"wp:attachment":[{"href":"https:\/\/mobishop-posusje.com\/en\/wp-json\/wp\/v2\/media?parent=4616"}],"wp:term":[{"taxonomy":"product_brand","embeddable":true,"href":"https:\/\/mobishop-posusje.com\/en\/wp-json\/wp\/v2\/product_brand?post=4616"},{"taxonomy":"product_cat","embeddable":true,"href":"https:\/\/mobishop-posusje.com\/en\/wp-json\/wp\/v2\/product_cat?post=4616"},{"taxonomy":"product_tag","embeddable":true,"href":"https:\/\/mobishop-posusje.com\/en\/wp-json\/wp\/v2\/product_tag?post=4616"}],"curies":[{"name":"wp","href":"https:\/\/api.w.org\/{rel}","templated":true}]}}