{"id":4646,"date":"2023-11-02T12:13:32","date_gmt":"2023-11-02T11:13:32","guid":{"rendered":"https:\/\/mobishop-posusje.com\/?post_type=product&#038;p=4646"},"modified":"2025-05-01T19:35:35","modified_gmt":"2025-05-01T19:35:35","slug":"bosch-bchf216b-stapni-usisavac","status":"publish","type":"product","link":"https:\/\/mobishop-posusje.com\/en\/svi-proizvodi\/mali-kucni-aparati\/stapni-usisivaci\/bosch-bchf216b-stapni-usisavac\/","title":{"rendered":"BOSCH \u0160tapni Usisiva\u010d BCHF216S"},"content":{"rendered":"","protected":false},"excerpt":{"rendered":"<div class=\"gem-list gem-list-type-check-style-1 gem-list-color-14\">\n<ul>\n<li>\u0160tapni usisava\u010d BOSCH BCHF216B<\/li>\n<li>BOSCH BCHF216B je ru\u010dni i \u0161tapni usisava\u010d u jednom ure\u0111aju za jo\u0161 ve\u0107u fleksibilnost a njegov samostoje\u0107i stalak omogu\u0107uje da Vam uvijek bude pri ruci, za brzo kori\u0161tenje, jednostavno za pospremanje i punjenje.<\/li>\n<li>Usisava\u010d mo\u017eete upotrijebiti i bez dodatne opreme. Ru\u010dni se usisava\u010d jednostavno upotrebljava zbog ergonomski postavljenog prekida\u010da napajanja i jednostavne ravnote\u017ee osim toga vrlo je lagan.<\/li>\n<li>Usisava\u010d je tako\u0111er idealan za brzo \u010di\u0161\u0107enje stolova, stolica i sofa ili za usisavanje te\u0161ko dostupnih podru\u010dja kao \u0161to su ladice ili pod ispod namje\u0161taja.<\/li>\n<li>Spremnik za pra\u0161inu i filtar je mogu\u0107e jednostavno isprazniti i zamijeniti.<\/li>\n<li>Bosch litij-ionska tehnologija: izdr\u017eljive i sna\u017ene punjive baterije, dugo vrijeme rada uz kratko vrijeme punjenja<\/li>\n<li>Prakti\u010dan rad 2u1: usisava\u010d i be\u017ei\u010dni usisava\u010d u jednom ure\u0111aju za ve\u0107u fleksibilnost.<\/li>\n<li>Potpuni rezultati \u010di\u0161\u0107enja na svim vrstama podova, zahvaljuju\u0107i visokou\u010dinkovitoj tehnologiji bez vre\u0107ice i posebnoj \u010detki allfloor HighPower Brush<\/li>\n<li>Samostalno uspravno: uvijek dostupno, s jednostavnim pohranjivanjem i punjenjem.<\/li>\n<li>Apsolutna udobnost: jednostavan za kori\u0161tenje, spremanje i \u010di\u0161\u0107enje, zahvaljuju\u0107i maloj te\u017eini i posebnom EasyClean sustavu jednostavnog \u010di\u0161\u0107enja<\/li>\n<\/ul>\n<\/div>","protected":false},"featured_media":30570,"comment_status":"closed","ping_status":"closed","template":"","meta":{"_themeisle_gutenberg_block_has_review":false},"product_brand":[],"product_cat":[315,309,288],"product_tag":[],"class_list":{"0":"post-4646","1":"product","2":"type-product","3":"status-publish","4":"has-post-thumbnail","6":"product_cat-stapni-usisivaci","7":"product_cat-mali-kucni-aparati","8":"product_cat-svi-proizvodi","10":"first","11":"outofstock","12":"purchasable","13":"product-type-simple","14":"add-to-wishlist-after_add_to_cart"},"_links":{"self":[{"href":"https:\/\/mobishop-posusje.com\/en\/wp-json\/wp\/v2\/product\/4646","targetHints":{"allow":["GET"]}}],"collection":[{"href":"https:\/\/mobishop-posusje.com\/en\/wp-json\/wp\/v2\/product"}],"about":[{"href":"https:\/\/mobishop-posusje.com\/en\/wp-json\/wp\/v2\/types\/product"}],"replies":[{"embeddable":true,"href":"https:\/\/mobishop-posusje.com\/en\/wp-json\/wp\/v2\/comments?post=4646"}],"version-history":[{"count":6,"href":"https:\/\/mobishop-posusje.com\/en\/wp-json\/wp\/v2\/product\/4646\/revisions"}],"predecessor-version":[{"id":30684,"href":"https:\/\/mobishop-posusje.com\/en\/wp-json\/wp\/v2\/product\/4646\/revisions\/30684"}],"wp:featuredmedia":[{"embeddable":true,"href":"https:\/\/mobishop-posusje.com\/en\/wp-json\/wp\/v2\/media\/30570"}],"wp:attachment":[{"href":"https:\/\/mobishop-posusje.com\/en\/wp-json\/wp\/v2\/media?parent=4646"}],"wp:term":[{"taxonomy":"product_brand","embeddable":true,"href":"https:\/\/mobishop-posusje.com\/en\/wp-json\/wp\/v2\/product_brand?post=4646"},{"taxonomy":"product_cat","embeddable":true,"href":"https:\/\/mobishop-posusje.com\/en\/wp-json\/wp\/v2\/product_cat?post=4646"},{"taxonomy":"product_tag","embeddable":true,"href":"https:\/\/mobishop-posusje.com\/en\/wp-json\/wp\/v2\/product_tag?post=4646"}],"curies":[{"name":"wp","href":"https:\/\/api.w.org\/{rel}","templated":true}]}}