{"id":4649,"date":"2023-11-02T12:21:45","date_gmt":"2023-11-02T11:21:45","guid":{"rendered":"https:\/\/mobishop-posusje.com\/?post_type=product&#038;p=4649"},"modified":"2025-05-01T19:35:19","modified_gmt":"2025-05-01T19:35:19","slug":"rowenta-rh6837wo-stapni-usisavac","status":"publish","type":"product","link":"https:\/\/mobishop-posusje.com\/en\/svi-proizvodi\/mali-kucni-aparati\/stapni-usisivaci\/rowenta-rh6837wo-stapni-usisavac\/","title":{"rendered":"ROWENTA \u0160tapni Usisiva\u010d RH6837WO"},"content":{"rendered":"","protected":false},"excerpt":{"rendered":"<div class=\"gem-list gem-list-type-check-style-1 gem-list-color-14\">\n<ul>\n<li>Neophodno rje\u0161enje za \u010di\u0161\u0107enje bez pote\u0161ko\u0107a<\/li>\n<li>Be\u017ei\u010dni usisava\u010d Rowenta X-PERT 6.60 pru\u017ea iskustvo \u010di\u0161\u0107enja koje mijenja igru, s motoriziranom glavom \u010detke u kompletu s LED svjetlima i vrhunskom tehnologijom za rezultate \u010di\u0161\u0107enja bez napora.<\/li>\n<li>Dugotrajna 45-minutna baterija isporu\u010duje se s jednostavnim postavkama &#8211; automatskim ECO brzinom i brzinom za sve povr\u0161ine, zajedno s funkcijom okida\u010da BOOST za sve va\u0161e potrebe dubinskog \u010di\u0161\u0107enja.<\/li>\n<li>U trenu nudi lagano i prijenosno rje\u0161enje za \u010di\u0161\u0107enje besprijekornog doma.<\/li>\n<\/ul>\n<\/div>","protected":false},"featured_media":30569,"comment_status":"closed","ping_status":"closed","template":"","meta":{"_themeisle_gutenberg_block_has_review":false},"product_brand":[],"product_cat":[315,309,288],"product_tag":[],"class_list":{"0":"post-4649","1":"product","2":"type-product","3":"status-publish","4":"has-post-thumbnail","6":"product_cat-stapni-usisivaci","7":"product_cat-mali-kucni-aparati","8":"product_cat-svi-proizvodi","10":"first","11":"outofstock","12":"purchasable","13":"product-type-simple","14":"add-to-wishlist-after_add_to_cart"},"_links":{"self":[{"href":"https:\/\/mobishop-posusje.com\/en\/wp-json\/wp\/v2\/product\/4649","targetHints":{"allow":["GET"]}}],"collection":[{"href":"https:\/\/mobishop-posusje.com\/en\/wp-json\/wp\/v2\/product"}],"about":[{"href":"https:\/\/mobishop-posusje.com\/en\/wp-json\/wp\/v2\/types\/product"}],"replies":[{"embeddable":true,"href":"https:\/\/mobishop-posusje.com\/en\/wp-json\/wp\/v2\/comments?post=4649"}],"version-history":[{"count":6,"href":"https:\/\/mobishop-posusje.com\/en\/wp-json\/wp\/v2\/product\/4649\/revisions"}],"predecessor-version":[{"id":30683,"href":"https:\/\/mobishop-posusje.com\/en\/wp-json\/wp\/v2\/product\/4649\/revisions\/30683"}],"wp:featuredmedia":[{"embeddable":true,"href":"https:\/\/mobishop-posusje.com\/en\/wp-json\/wp\/v2\/media\/30569"}],"wp:attachment":[{"href":"https:\/\/mobishop-posusje.com\/en\/wp-json\/wp\/v2\/media?parent=4649"}],"wp:term":[{"taxonomy":"product_brand","embeddable":true,"href":"https:\/\/mobishop-posusje.com\/en\/wp-json\/wp\/v2\/product_brand?post=4649"},{"taxonomy":"product_cat","embeddable":true,"href":"https:\/\/mobishop-posusje.com\/en\/wp-json\/wp\/v2\/product_cat?post=4649"},{"taxonomy":"product_tag","embeddable":true,"href":"https:\/\/mobishop-posusje.com\/en\/wp-json\/wp\/v2\/product_tag?post=4649"}],"curies":[{"name":"wp","href":"https:\/\/api.w.org\/{rel}","templated":true}]}}