{"id":4666,"date":"2023-11-10T11:41:27","date_gmt":"2023-11-10T10:41:27","guid":{"rendered":"https:\/\/mobishop-posusje.com\/?post_type=product&#038;p=4666"},"modified":"2025-05-12T10:59:25","modified_gmt":"2025-05-12T10:59:25","slug":"amazfit-bip-5","status":"publish","type":"product","link":"https:\/\/mobishop-posusje.com\/en\/svi-proizvodi\/pametni-satovi\/xiaomi-sat\/amazfit-bip-5\/","title":{"rendered":"Amazfit Smart Watch Bip 5"},"content":{"rendered":"","protected":false},"excerpt":{"rendered":"<div class=\"gem-list gem-list-type-check-style-1 gem-list-color-14\">\n<ul>\n<li>Amazfit Bip 5 Black, boja: crna<\/li>\n<li>Ultra lagan, samo 26g bez narukvice<\/li>\n<li>Ekran u boji 1.91&#8221;<\/li>\n<li>Primite bluetooth pozive, poruke i obavijesti od aplikacija preko sata<\/li>\n<li>Preko 70 razli\u010ditih tema<\/li>\n<li>Pra\u0107enje sportskih aktivnosti, preko 120 sportskih modova<\/li>\n<li>Pra\u0107enje rada srca 24 sata, pra\u0107enje kvaliteta sna i nivoa kisika u krvi<\/li>\n<li>Ugra\u0111en GPS, podr\u017eava 4 sistema pozicioniranja<\/li>\n<li>Mogu\u0107nost pra\u0107enja mjese\u010dnog ciklusa<\/li>\n<li>Trajanje baterije do 10 dana<\/li>\n<li>Vodootporan IP68<\/li>\n<li>Magnetni punja\u010d, za 2 sata potpuno napunjen<\/li>\n<li>Novi Zepp OS 2.0 sistem<\/li>\n<li>Garancija 12 mjeseci<\/li>\n<\/ul>\n<\/div>","protected":false},"featured_media":30305,"comment_status":"closed","ping_status":"closed","template":"","meta":{"_themeisle_gutenberg_block_has_review":false},"product_brand":[],"product_cat":[346,352,288],"product_tag":[],"class_list":{"0":"post-4666","1":"product","2":"type-product","3":"status-publish","4":"has-post-thumbnail","6":"product_cat-pametni-satovi","7":"product_cat-xiaomi-sat","8":"product_cat-svi-proizvodi","10":"first","11":"instock","12":"purchasable","13":"product-type-simple","14":"add-to-wishlist-after_add_to_cart"},"_links":{"self":[{"href":"https:\/\/mobishop-posusje.com\/en\/wp-json\/wp\/v2\/product\/4666","targetHints":{"allow":["GET"]}}],"collection":[{"href":"https:\/\/mobishop-posusje.com\/en\/wp-json\/wp\/v2\/product"}],"about":[{"href":"https:\/\/mobishop-posusje.com\/en\/wp-json\/wp\/v2\/types\/product"}],"replies":[{"embeddable":true,"href":"https:\/\/mobishop-posusje.com\/en\/wp-json\/wp\/v2\/comments?post=4666"}],"version-history":[{"count":4,"href":"https:\/\/mobishop-posusje.com\/en\/wp-json\/wp\/v2\/product\/4666\/revisions"}],"predecessor-version":[{"id":30739,"href":"https:\/\/mobishop-posusje.com\/en\/wp-json\/wp\/v2\/product\/4666\/revisions\/30739"}],"wp:featuredmedia":[{"embeddable":true,"href":"https:\/\/mobishop-posusje.com\/en\/wp-json\/wp\/v2\/media\/30305"}],"wp:attachment":[{"href":"https:\/\/mobishop-posusje.com\/en\/wp-json\/wp\/v2\/media?parent=4666"}],"wp:term":[{"taxonomy":"product_brand","embeddable":true,"href":"https:\/\/mobishop-posusje.com\/en\/wp-json\/wp\/v2\/product_brand?post=4666"},{"taxonomy":"product_cat","embeddable":true,"href":"https:\/\/mobishop-posusje.com\/en\/wp-json\/wp\/v2\/product_cat?post=4666"},{"taxonomy":"product_tag","embeddable":true,"href":"https:\/\/mobishop-posusje.com\/en\/wp-json\/wp\/v2\/product_tag?post=4666"}],"curies":[{"name":"wp","href":"https:\/\/api.w.org\/{rel}","templated":true}]}}