{"id":4715,"date":"2024-01-11T14:52:29","date_gmt":"2024-01-11T13:52:29","guid":{"rendered":"https:\/\/mobishop-posusje.com\/?post_type=product&#038;p=4715"},"modified":"2025-04-23T15:17:34","modified_gmt":"2025-04-23T15:17:34","slug":"cubot-king-kong-power-8-128gb","status":"publish","type":"product","link":"https:\/\/mobishop-posusje.com\/en\/svi-proizvodi\/mobiteli-i-oprema\/cubot\/cubot-king-kong-power-8-128gb\/","title":{"rendered":"CUBOT KING KONG POWER 8\/128GB"},"content":{"rendered":"","protected":false},"excerpt":{"rendered":"<div class=\"gem-list gem-list-type-check-style-1 gem-list-color-14\">\n<ul>\n<li>IP68 &#038; IP69K otpornost<\/li>\n<li>Android 13<\/li>\n<li>6,5&#8221; FHD+ zaslon<\/li>\n<li>16 GB RAM (8+8)<\/li>\n<li>256 GB interna memorija<\/li>\n<li>10600 mAh baterija<\/li>\n<li>Glavna kamera: 48 MP<\/li>\n<li>No\u0107na kamera: 20 MP<\/li>\n<li>DIMENZIJE: Visina: 169,9 mm, \u0160irina: 80,2 mm, Debljina: 20 mm, Te\u017eina: 382 g<\/li>\n<li>CPU: MT8788V\/WA<\/li>\n<li>OPERATIVNI SUSTAV: Android 13<\/li>\n<li>RADNA MEMORIJA (RAM): 8 GB RAM-a + do 8 GB pro\u0161irenja<\/li>\n<li>INTERNA MEMORIJA (ROM): 128 GB ROM + do 1 TB TF pro\u0161irenje<\/li>\n<li>KARTICA: Dual Nano SIM kartica ili 1xSIM i 1xTF kartica<\/li>\n<li>BATERIJA: 10600mAh neizmjenjiva baterija<\/li>\n<li>ZASLON: 6,5-in\u010dni FHD+IPS, 1080*2400<\/li>\n<li>FOTOAPARAT: Glavna le\u0107a: 48 MP, Kamera za no\u0107nu verziju: 20MP, Makro le\u0107a: 2 MP, Prednja kamera: 16 MP<\/li>\n<li>MRE\u017dA: GSM: 850\/900\/1800\/1900MHz, WCDMA: 1\/2\/4\/5\/6\/8\/19, FDD: 1\/2\/3\/4\/5\/7\/8\/12\/13\/17\/18\/19\/20\/26\/28A+B\/66, TDD: 38\/39\/40\/41<\/li>\n<li>GPS: GPS + GLONASS + Galileo + A-GPS<\/li>\n<li>POVEZIVOST: WIFI: 2.4G \/5G 802.11abgn\/ac, Bluetooth: 4.2<\/li>\n<li>SENZOR: Mjera\u010d blizine, Akcelerometar, Magnetski, \u017eiroskop, NFC, OTG Ostalo (senzor svjetla)<\/li>\n<li>MULTIMEDIJA: Video: AVI (mogu se koristiti QuickTime player i ra\u010dunalo), 3gp\/3g2\uff0cMP4,MKV\uff0cMOV\uff0cWMV(WMV_9), Audio: mp3, wav, amr, mid, imy, aac, Slika: JPEG\/BMP\/GIF\/PNG\/GIF, E-knjiga: TXT\/CHM\/DOC\/HTML<\/li>\n<li>SKENER OTISKA PRSTA: Da<\/li>\n<\/ul>\n<\/div>","protected":false},"featured_media":30129,"comment_status":"closed","ping_status":"closed","template":"","meta":{"_themeisle_gutenberg_block_has_review":false},"product_brand":[],"product_cat":[355,384,288],"product_tag":[],"class_list":{"0":"post-4715","1":"product","2":"type-product","3":"status-publish","4":"has-post-thumbnail","6":"product_cat-mobiteli-i-oprema","7":"product_cat-cubot","8":"product_cat-svi-proizvodi","10":"first","11":"outofstock","12":"purchasable","13":"product-type-simple","14":"add-to-wishlist-after_add_to_cart"},"_links":{"self":[{"href":"https:\/\/mobishop-posusje.com\/en\/wp-json\/wp\/v2\/product\/4715","targetHints":{"allow":["GET"]}}],"collection":[{"href":"https:\/\/mobishop-posusje.com\/en\/wp-json\/wp\/v2\/product"}],"about":[{"href":"https:\/\/mobishop-posusje.com\/en\/wp-json\/wp\/v2\/types\/product"}],"replies":[{"embeddable":true,"href":"https:\/\/mobishop-posusje.com\/en\/wp-json\/wp\/v2\/comments?post=4715"}],"version-history":[{"count":3,"href":"https:\/\/mobishop-posusje.com\/en\/wp-json\/wp\/v2\/product\/4715\/revisions"}],"predecessor-version":[{"id":30130,"href":"https:\/\/mobishop-posusje.com\/en\/wp-json\/wp\/v2\/product\/4715\/revisions\/30130"}],"wp:featuredmedia":[{"embeddable":true,"href":"https:\/\/mobishop-posusje.com\/en\/wp-json\/wp\/v2\/media\/30129"}],"wp:attachment":[{"href":"https:\/\/mobishop-posusje.com\/en\/wp-json\/wp\/v2\/media?parent=4715"}],"wp:term":[{"taxonomy":"product_brand","embeddable":true,"href":"https:\/\/mobishop-posusje.com\/en\/wp-json\/wp\/v2\/product_brand?post=4715"},{"taxonomy":"product_cat","embeddable":true,"href":"https:\/\/mobishop-posusje.com\/en\/wp-json\/wp\/v2\/product_cat?post=4715"},{"taxonomy":"product_tag","embeddable":true,"href":"https:\/\/mobishop-posusje.com\/en\/wp-json\/wp\/v2\/product_tag?post=4715"}],"curies":[{"name":"wp","href":"https:\/\/api.w.org\/{rel}","templated":true}]}}