{"id":4732,"date":"2024-01-17T14:27:43","date_gmt":"2024-01-17T13:27:43","guid":{"rendered":"https:\/\/mobishop-posusje.com\/?post_type=product&#038;p=4732"},"modified":"2025-09-18T10:13:53","modified_gmt":"2025-09-18T10:13:53","slug":"playstation-portal","status":"publish","type":"product","link":"https:\/\/mobishop-posusje.com\/en\/svi-proizvodi\/gaming\/playstation\/ps-konzole\/playstation-portal\/","title":{"rendered":"Playstation Portal"},"content":{"rendered":"","protected":false},"excerpt":{"rendered":"<div class=\"gem-list gem-list-type-check-style-1 gem-list-color-14\">\n<ul>\n<li>PlayStation Portal Remote Player daje vam pristup igrama na va\u0161em PS5 preko ku\u0107nog Wi-Fi-ja, \u0161to vam omogu\u0107uje da odmah sko\u010dite u igranje bez potrebe za igranjem na TV-u.<\/li>\n<li>PlayStation Portal Remote Player mo\u017ee pokrenuti kompatibilne igre koje ste instalirali na svoju PS5 konzolu, uklju\u010duju\u0107i va\u0161e omiljene igre za PS5 i PS4.<\/li>\n<li>Osjetite zadivljuju\u0107u snagu taktilne povratne informacije i prilagodljivih okida\u010da u podr\u017eanim igrama s be\u017ei\u010dnim upravlja\u010dem DualSense. Odzivne vibracije reagiraju na va\u0161e izbore u igri i simuliraju \u010dimbenike okoline, dok dinami\u010dki otpor opona\u0161a napetost interakcije s opremom i objektima u igri u odabranim PS5 igrama.<\/li>\n<li>Uhvatite svaki izuzetan detalj svojih omiljenih igara dok o\u017eivljavaju na jarko osvijetljenom i prekrasnom full HD zaslonu od 8 in\u010da.<\/li>\n<li>PlayStation Portal Remote Player mo\u017ee pru\u017eiti svilenkasto glatko igranje pri brzini do 60 sli\u010dica u sekundi s visokom jasno\u0107om slike na svom zaslonu rezolucije 1080p.<\/li>\n<li>PlayStation Portal Remote Player namjenski je napravljen ure\u0111aj posve\u0107en pru\u017eanju nevjerojatnog iskustva igranja na daljinu. To zna\u010di da ga mo\u017eete uklju\u010diti, pritisnuti tipku za povezivanje sa svojom PS5 konzolom i po\u010deti igrati nevjerojatnom brzinom.<\/li>\n<\/ul>\n<\/div>","protected":false},"featured_media":30475,"comment_status":"closed","ping_status":"closed","template":"","meta":{"_themeisle_gutenberg_block_has_review":false},"product_brand":[],"product_cat":[329,334,325,288],"product_tag":[],"class_list":{"0":"post-4732","1":"product","2":"type-product","3":"status-publish","4":"has-post-thumbnail","6":"product_cat-playstation","7":"product_cat-ps-konzole","8":"product_cat-gaming","9":"product_cat-svi-proizvodi","11":"first","12":"instock","13":"purchasable","14":"product-type-simple","15":"add-to-wishlist-after_add_to_cart"},"_links":{"self":[{"href":"https:\/\/mobishop-posusje.com\/en\/wp-json\/wp\/v2\/product\/4732","targetHints":{"allow":["GET"]}}],"collection":[{"href":"https:\/\/mobishop-posusje.com\/en\/wp-json\/wp\/v2\/product"}],"about":[{"href":"https:\/\/mobishop-posusje.com\/en\/wp-json\/wp\/v2\/types\/product"}],"replies":[{"embeddable":true,"href":"https:\/\/mobishop-posusje.com\/en\/wp-json\/wp\/v2\/comments?post=4732"}],"version-history":[{"count":5,"href":"https:\/\/mobishop-posusje.com\/en\/wp-json\/wp\/v2\/product\/4732\/revisions"}],"predecessor-version":[{"id":28292,"href":"https:\/\/mobishop-posusje.com\/en\/wp-json\/wp\/v2\/product\/4732\/revisions\/28292"}],"wp:featuredmedia":[{"embeddable":true,"href":"https:\/\/mobishop-posusje.com\/en\/wp-json\/wp\/v2\/media\/30475"}],"wp:attachment":[{"href":"https:\/\/mobishop-posusje.com\/en\/wp-json\/wp\/v2\/media?parent=4732"}],"wp:term":[{"taxonomy":"product_brand","embeddable":true,"href":"https:\/\/mobishop-posusje.com\/en\/wp-json\/wp\/v2\/product_brand?post=4732"},{"taxonomy":"product_cat","embeddable":true,"href":"https:\/\/mobishop-posusje.com\/en\/wp-json\/wp\/v2\/product_cat?post=4732"},{"taxonomy":"product_tag","embeddable":true,"href":"https:\/\/mobishop-posusje.com\/en\/wp-json\/wp\/v2\/product_tag?post=4732"}],"curies":[{"name":"wp","href":"https:\/\/api.w.org\/{rel}","templated":true}]}}