{"id":4739,"date":"2024-01-31T12:17:47","date_gmt":"2024-01-31T11:17:47","guid":{"rendered":"https:\/\/mobishop-posusje.com\/?post_type=product&#038;p=4739"},"modified":"2026-02-22T11:53:26","modified_gmt":"2026-02-22T11:53:26","slug":"xiaomi-smart-air-purifier-elite-prociscivac-zraka","status":"publish","type":"product","link":"https:\/\/mobishop-posusje.com\/en\/svi-proizvodi\/mali-kucni-aparati\/prociscivaci-zraka\/xiaomi-smart-air-purifier-elite-prociscivac-zraka\/","title":{"rendered":"Xiaomi Smart Air Purifier Elite &#8211; Pro\u010di\u0161\u010diva\u010d zraka"},"content":{"rendered":"","protected":false},"excerpt":{"rendered":"<div class=\"gem-list gem-list-type-check-style-1 gem-list-color-14\">\n<ul>\n<li>\u010cuvajte zdravlje svog di\u0161nog sustava! Xiaomi Purifier Elite smanjuje virus gripe A (H1N1) koji se prenosi zrakom i to za 99.9%. Podr\u017eava tri u jedan filtraciju od 99.97% \u010destica veli\u010dine od 0.3 mikrona \u0161to efektivno uklanja alergene, pra\u0161inu i neugodne mirise tako da mo\u017eete u\u017eivati u \u010distom zraku u svako doba dana!<\/li>\n<\/ul>\n<\/div>","protected":false},"featured_media":30566,"comment_status":"closed","ping_status":"closed","template":"","meta":{"_themeisle_gutenberg_block_has_review":false},"product_brand":[],"product_cat":[313,309,288],"product_tag":[],"class_list":{"0":"post-4739","1":"product","2":"type-product","3":"status-publish","4":"has-post-thumbnail","6":"product_cat-prociscivaci-zraka","7":"product_cat-mali-kucni-aparati","8":"product_cat-svi-proizvodi","10":"first","11":"instock","12":"purchasable","13":"product-type-simple","14":"add-to-wishlist-after_add_to_cart"},"_links":{"self":[{"href":"https:\/\/mobishop-posusje.com\/en\/wp-json\/wp\/v2\/product\/4739","targetHints":{"allow":["GET"]}}],"collection":[{"href":"https:\/\/mobishop-posusje.com\/en\/wp-json\/wp\/v2\/product"}],"about":[{"href":"https:\/\/mobishop-posusje.com\/en\/wp-json\/wp\/v2\/types\/product"}],"replies":[{"embeddable":true,"href":"https:\/\/mobishop-posusje.com\/en\/wp-json\/wp\/v2\/comments?post=4739"}],"version-history":[{"count":2,"href":"https:\/\/mobishop-posusje.com\/en\/wp-json\/wp\/v2\/product\/4739\/revisions"}],"predecessor-version":[{"id":6223,"href":"https:\/\/mobishop-posusje.com\/en\/wp-json\/wp\/v2\/product\/4739\/revisions\/6223"}],"wp:featuredmedia":[{"embeddable":true,"href":"https:\/\/mobishop-posusje.com\/en\/wp-json\/wp\/v2\/media\/30566"}],"wp:attachment":[{"href":"https:\/\/mobishop-posusje.com\/en\/wp-json\/wp\/v2\/media?parent=4739"}],"wp:term":[{"taxonomy":"product_brand","embeddable":true,"href":"https:\/\/mobishop-posusje.com\/en\/wp-json\/wp\/v2\/product_brand?post=4739"},{"taxonomy":"product_cat","embeddable":true,"href":"https:\/\/mobishop-posusje.com\/en\/wp-json\/wp\/v2\/product_cat?post=4739"},{"taxonomy":"product_tag","embeddable":true,"href":"https:\/\/mobishop-posusje.com\/en\/wp-json\/wp\/v2\/product_tag?post=4739"}],"curies":[{"name":"wp","href":"https:\/\/api.w.org\/{rel}","templated":true}]}}