{"id":4741,"date":"2024-01-31T12:26:25","date_gmt":"2024-01-31T11:26:25","guid":{"rendered":"https:\/\/mobishop-posusje.com\/?post_type=product&#038;p=4741"},"modified":"2025-07-03T19:31:47","modified_gmt":"2025-07-03T19:31:47","slug":"xiaomi-smart-air-purifier-4-prociscivac-zraka","status":"publish","type":"product","link":"https:\/\/mobishop-posusje.com\/en\/svi-proizvodi\/mali-kucni-aparati\/prociscivaci-zraka\/xiaomi-smart-air-purifier-4-prociscivac-zraka\/","title":{"rendered":"Xiaomi Smart Air Purifier 4 &#8211; Pro\u010di\u0161\u010diva\u010d zraka"},"content":{"rendered":"","protected":false},"excerpt":{"rendered":"<div class=\"gem-list gem-list-type-check-style-1 gem-list-color-14\">\n<ul>\n<li>Udi\u0161ite zdrav i kvalitetan zrak! Xiaomi Smart Air Purifier 4 dolazi s impresivnim CADR \u010desticama do 400 m\u00b3\/h, mo\u017ee isporu\u010diti 6660L pro\u010di\u0161\u0107enog zraka u minuti, a s 360\u00b0 sveobuhvatnim usisom zraka pro\u010di\u0161\u0107avanje zraka u cijeloj prostoriji je jednostavno. Za samo 10 minuta mo\u017ee pro\u010distiti prostoriju od 20m\u00b2, a efektivno pokriva kvadraturu od 28 do 48 m\u00b2.<\/li>\n<li>Cjelodnevna za\u0161tita za one koji pate od rinitisa i alergija! Xiaomi Smart Air Purifier 4 \u0161titi va\u0161e di\u0161no zdravlje odr\u017eavaju\u0107i zrak u va\u0161em domu \u010distim i sigurnim za disanje s filterom tri u jedan koji eliminira 99,97%  \u010destica od 0,3 \u03bcm uklju\u010duju\u0107i dlake \u017eivotinja, pra\u0161inu, dim cigarete, pamu\u010dna vlakna i druge stvari.<\/li>\n<li>Osjetljivi laserski senzori visoke preciznosti prate promjene u kvaliteti zraka! Visokou\u010dinkovito pro\u010di\u0161\u0107avanje u automatskom na\u010dinu rada \u2014 va\u0161 pro\u010di\u0161\u0107iva\u010d prati kvalitetu zraka u stvarnom vremenu i automatski prilago\u0111ava brzinu pro\u010di\u0161\u0107avanja. Osloba\u0111a negativne ione kako bi zrak bio svje\u017e, poma\u017eu\u0107i vam da ostanete odmorni nakon napornog radnog dana.<\/li>\n<li>Visoko-kvalitetni aktivni ugljen ima visoku stopu apsorpcije te efektivno uklanja \u0161tetne plinove i neugodne mirise poput miris kuhanja, VOC-a, formaldehid i sli\u010dno. Filter nije potrebno stalno mijenjati jer mo\u017ee trajati od 6 do 12 mjeseci, ovisno o u\u010destalosti kori\u0161tenja.<\/li>\n<li>Uz OLED zaslon mo\u017eete imati uvid u podatke o kvaliteti zraka na zaslonu PM2.5 u stvarnom vremenu i s indikatorima ozna\u010denim bojama. Uz jedan dodir lagano mo\u017eete prilagoditi postavke pro\u010di\u0161\u0107avanja. Uz nisku razinu buke od 32.1dB(A) i no\u0107ni na\u010din rada omogu\u0107uje miran i neometan san.<\/li>\n<li>Uz podr\u0161ku za pametnu kontrolu, osigurajte da se uvijek vra\u0107ate u dom ispunjen \u010distim, svje\u017eim zrakom. Koristite glasovne naredbe ili aplikaciju Mi Home kako biste omogu\u0107ili pro\u010di\u0161\u0107avanje kada ste izvan ku\u0107e. U aplikaciji je mogu\u0107e pratiti stanje filtera, pode\u0161avati na\u010din pro\u010di\u0161\u0107avanja, kvalitetu zraka pa i zaklju\u010dati od djece.<\/li>\n<\/ul>\n<\/div>","protected":false},"featured_media":30565,"comment_status":"closed","ping_status":"closed","template":"","meta":{"_themeisle_gutenberg_block_has_review":false},"product_brand":[],"product_cat":[313,309,288],"product_tag":[],"class_list":{"0":"post-4741","1":"product","2":"type-product","3":"status-publish","4":"has-post-thumbnail","6":"product_cat-prociscivaci-zraka","7":"product_cat-mali-kucni-aparati","8":"product_cat-svi-proizvodi","10":"first","11":"instock","12":"purchasable","13":"product-type-simple","14":"add-to-wishlist-after_add_to_cart"},"_links":{"self":[{"href":"https:\/\/mobishop-posusje.com\/en\/wp-json\/wp\/v2\/product\/4741","targetHints":{"allow":["GET"]}}],"collection":[{"href":"https:\/\/mobishop-posusje.com\/en\/wp-json\/wp\/v2\/product"}],"about":[{"href":"https:\/\/mobishop-posusje.com\/en\/wp-json\/wp\/v2\/types\/product"}],"replies":[{"embeddable":true,"href":"https:\/\/mobishop-posusje.com\/en\/wp-json\/wp\/v2\/comments?post=4741"}],"version-history":[{"count":4,"href":"https:\/\/mobishop-posusje.com\/en\/wp-json\/wp\/v2\/product\/4741\/revisions"}],"predecessor-version":[{"id":6222,"href":"https:\/\/mobishop-posusje.com\/en\/wp-json\/wp\/v2\/product\/4741\/revisions\/6222"}],"wp:featuredmedia":[{"embeddable":true,"href":"https:\/\/mobishop-posusje.com\/en\/wp-json\/wp\/v2\/media\/30565"}],"wp:attachment":[{"href":"https:\/\/mobishop-posusje.com\/en\/wp-json\/wp\/v2\/media?parent=4741"}],"wp:term":[{"taxonomy":"product_brand","embeddable":true,"href":"https:\/\/mobishop-posusje.com\/en\/wp-json\/wp\/v2\/product_brand?post=4741"},{"taxonomy":"product_cat","embeddable":true,"href":"https:\/\/mobishop-posusje.com\/en\/wp-json\/wp\/v2\/product_cat?post=4741"},{"taxonomy":"product_tag","embeddable":true,"href":"https:\/\/mobishop-posusje.com\/en\/wp-json\/wp\/v2\/product_tag?post=4741"}],"curies":[{"name":"wp","href":"https:\/\/api.w.org\/{rel}","templated":true}]}}