{"id":4743,"date":"2024-01-31T12:32:22","date_gmt":"2024-01-31T11:32:22","guid":{"rendered":"https:\/\/mobishop-posusje.com\/?post_type=product&#038;p=4743"},"modified":"2026-02-22T12:07:06","modified_gmt":"2026-02-22T12:07:06","slug":"xiaomi-smart-air-purifier-4-pro-prociscivac-zraka","status":"publish","type":"product","link":"https:\/\/mobishop-posusje.com\/en\/svi-proizvodi\/mali-kucni-aparati\/prociscivaci-zraka\/xiaomi-smart-air-purifier-4-pro-prociscivac-zraka\/","title":{"rendered":"Xiaomi Smart Air Purifier 4 Pro &#8211; Pro\u010di\u0161\u010diva\u010d zraka"},"content":{"rendered":"","protected":false},"excerpt":{"rendered":"<div class=\"gem-list gem-list-type-check-style-1 gem-list-color-14\">\n<ul>\n<li>Xiaomi Smart Air Purifier 4 Pro ima CADR \u010destica do 500 m\u00b3\/h i mo\u017ee pustiti 8330L \u010distog zraka u minuti. Jednu cijelu sobu od 40m\u00b2 mo\u017ee pro\u010distiti u samo 15 minuta, a pro\u010di\u0161\u0107eni zrak mo\u017ee doprijeti do svakog kutka va\u0161eg doma, tako da vi i va\u0161a obitelj mo\u017eete disati zdravo cijelo vrijeme.<\/li>\n<li>Tri u jedan filter mo\u017ee filtrirati 99,97% \u010destica od 0,3 \u03bcm i eliminirati neugodne mirise. Filter se sastoji od glavnog filtera, visoko-u\u010dinkovitog filtera velikog podru\u010dja i visoko-kvalitetnog filtera s aktivnim ugljenom koji zajedno pro\u010di\u0161\u0107avaju zrak i odr\u017eavaju ga zdravim. Filter s aktivnim ugljenom ima visoku stopu apsorpcije i mo\u017ee eliminirati mirise te odr\u017eavati zrak svje\u017eim. Filter mo\u017ee trajati od 6 do 12 mjeseci ovisno o u\u010destalosti kori\u0161tenja.<\/li>\n<li>Laserski senzor PM2.5\/PM10 s dvostrukim u\u010dinkom poma\u017ee u pra\u0107enju velikih \u010destica, dok je iznimno tih na 33,7 dB(A) uz no\u0107ni na\u010din rada kako bi mogli neometano spavati. Negativna ionizacija zraka osigurava svje\u017ei zrak \u0161umske kvalitete.<\/li>\n<li>Intuitivni OLED zaslon dolazi sa su\u010deljem jednostavnim za upravljanje i svjetlosnom trakom u boji. Prilagodite postavke pro\u010di\u0161\u0107avanja jednostavnim gumbima za upravljanje kako biste ispunili svoje potrebe za kvalitetnijim zrakom.<\/li>\n<li>Zapo\u010dnite pro\u010di\u0161\u0107avanje zraka bilo gdje i bilo kada uz Mi Home aplikaciju i mogu\u0107nost glasovne kontrole uz Alexu ili OK Google. U aplikaciji je mogu\u0107e pratiti razinu pro\u010di\u0161\u0107avanja, odrediti vrijeme pro\u010di\u0161\u0107avanja, provjeravati kvalitetu zraka i stanje filtera ili ga zaklju\u010dati.<\/li>\n<li>Jednostavan je za odr\u017eavanje i \u010di\u0161\u0107enje!<\/li>\n<\/ul>\n<\/div>","protected":false},"featured_media":30563,"comment_status":"closed","ping_status":"closed","template":"","meta":{"_themeisle_gutenberg_block_has_review":false},"product_brand":[],"product_cat":[313,309,288],"product_tag":[],"class_list":{"0":"post-4743","1":"product","2":"type-product","3":"status-publish","4":"has-post-thumbnail","6":"product_cat-prociscivaci-zraka","7":"product_cat-mali-kucni-aparati","8":"product_cat-svi-proizvodi","10":"first","11":"instock","12":"purchasable","13":"product-type-simple","14":"add-to-wishlist-after_add_to_cart"},"_links":{"self":[{"href":"https:\/\/mobishop-posusje.com\/en\/wp-json\/wp\/v2\/product\/4743","targetHints":{"allow":["GET"]}}],"collection":[{"href":"https:\/\/mobishop-posusje.com\/en\/wp-json\/wp\/v2\/product"}],"about":[{"href":"https:\/\/mobishop-posusje.com\/en\/wp-json\/wp\/v2\/types\/product"}],"replies":[{"embeddable":true,"href":"https:\/\/mobishop-posusje.com\/en\/wp-json\/wp\/v2\/comments?post=4743"}],"version-history":[{"count":4,"href":"https:\/\/mobishop-posusje.com\/en\/wp-json\/wp\/v2\/product\/4743\/revisions"}],"predecessor-version":[{"id":30564,"href":"https:\/\/mobishop-posusje.com\/en\/wp-json\/wp\/v2\/product\/4743\/revisions\/30564"}],"wp:featuredmedia":[{"embeddable":true,"href":"https:\/\/mobishop-posusje.com\/en\/wp-json\/wp\/v2\/media\/30563"}],"wp:attachment":[{"href":"https:\/\/mobishop-posusje.com\/en\/wp-json\/wp\/v2\/media?parent=4743"}],"wp:term":[{"taxonomy":"product_brand","embeddable":true,"href":"https:\/\/mobishop-posusje.com\/en\/wp-json\/wp\/v2\/product_brand?post=4743"},{"taxonomy":"product_cat","embeddable":true,"href":"https:\/\/mobishop-posusje.com\/en\/wp-json\/wp\/v2\/product_cat?post=4743"},{"taxonomy":"product_tag","embeddable":true,"href":"https:\/\/mobishop-posusje.com\/en\/wp-json\/wp\/v2\/product_tag?post=4743"}],"curies":[{"name":"wp","href":"https:\/\/api.w.org\/{rel}","templated":true}]}}