{"id":4752,"date":"2024-02-02T12:54:16","date_gmt":"2024-02-02T11:54:16","guid":{"rendered":"https:\/\/mobishop-posusje.com\/?post_type=product&#038;p=4752"},"modified":"2025-07-03T19:33:01","modified_gmt":"2025-07-03T19:33:01","slug":"xiaomi-smart-air-purifier-4-lite-prociscivac-zraka","status":"publish","type":"product","link":"https:\/\/mobishop-posusje.com\/en\/svi-proizvodi\/mali-kucni-aparati\/prociscivaci-zraka\/xiaomi-smart-air-purifier-4-lite-prociscivac-zraka\/","title":{"rendered":"Xiaomi Smart Air Purifier 4 Lite &#8211; Pro\u010di\u0161\u010diva\u010d zraka"},"content":{"rendered":"","protected":false},"excerpt":{"rendered":"<div class=\"gem-list gem-list-type-check-style-1 gem-list-color-14\">\n<ul>\n<li>Recite zbogom pra\u0161ini, peludi, dimu i neugodnim mirisima uz Xiaomi Smart Purifier 4 Lite.<\/li>\n<li>Visoko precizni senzori konstantno prate kvalitetu zraka dok visoko-u\u010dinkoviti filter ima 99.97% u\u010dinkovitu filtraciju.<\/li>\n<li>Brzina pro\u010di\u0161\u0107avanja zraka ide do 360 m\u00b3\/h i efektivno pokriva prostoriju od 43 m\u00b2.<\/li>\n<\/ul>\n<\/div>","protected":false},"featured_media":30561,"comment_status":"closed","ping_status":"closed","template":"","meta":{"_themeisle_gutenberg_block_has_review":false},"product_brand":[],"product_cat":[313,309,288],"product_tag":[],"class_list":{"0":"post-4752","1":"product","2":"type-product","3":"status-publish","4":"has-post-thumbnail","6":"product_cat-prociscivaci-zraka","7":"product_cat-mali-kucni-aparati","8":"product_cat-svi-proizvodi","10":"first","11":"instock","12":"purchasable","13":"product-type-simple","14":"add-to-wishlist-after_add_to_cart"},"_links":{"self":[{"href":"https:\/\/mobishop-posusje.com\/en\/wp-json\/wp\/v2\/product\/4752","targetHints":{"allow":["GET"]}}],"collection":[{"href":"https:\/\/mobishop-posusje.com\/en\/wp-json\/wp\/v2\/product"}],"about":[{"href":"https:\/\/mobishop-posusje.com\/en\/wp-json\/wp\/v2\/types\/product"}],"replies":[{"embeddable":true,"href":"https:\/\/mobishop-posusje.com\/en\/wp-json\/wp\/v2\/comments?post=4752"}],"version-history":[{"count":3,"href":"https:\/\/mobishop-posusje.com\/en\/wp-json\/wp\/v2\/product\/4752\/revisions"}],"predecessor-version":[{"id":30562,"href":"https:\/\/mobishop-posusje.com\/en\/wp-json\/wp\/v2\/product\/4752\/revisions\/30562"}],"wp:featuredmedia":[{"embeddable":true,"href":"https:\/\/mobishop-posusje.com\/en\/wp-json\/wp\/v2\/media\/30561"}],"wp:attachment":[{"href":"https:\/\/mobishop-posusje.com\/en\/wp-json\/wp\/v2\/media?parent=4752"}],"wp:term":[{"taxonomy":"product_brand","embeddable":true,"href":"https:\/\/mobishop-posusje.com\/en\/wp-json\/wp\/v2\/product_brand?post=4752"},{"taxonomy":"product_cat","embeddable":true,"href":"https:\/\/mobishop-posusje.com\/en\/wp-json\/wp\/v2\/product_cat?post=4752"},{"taxonomy":"product_tag","embeddable":true,"href":"https:\/\/mobishop-posusje.com\/en\/wp-json\/wp\/v2\/product_tag?post=4752"}],"curies":[{"name":"wp","href":"https:\/\/api.w.org\/{rel}","templated":true}]}}