{"id":4754,"date":"2024-02-02T13:44:37","date_gmt":"2024-02-02T12:44:37","guid":{"rendered":"https:\/\/mobishop-posusje.com\/?post_type=product&#038;p=4754"},"modified":"2025-07-03T19:31:54","modified_gmt":"2025-07-03T19:31:54","slug":"xiaomi-smart-air-purifier-4-compact-prociscivac-zraka","status":"publish","type":"product","link":"https:\/\/mobishop-posusje.com\/en\/svi-proizvodi\/mali-kucni-aparati\/prociscivaci-zraka\/xiaomi-smart-air-purifier-4-compact-prociscivac-zraka\/","title":{"rendered":"Xiaomi Smart Air Purifier 4 Compact &#8211; Pro\u010di\u0161\u010diva\u010d zraka"},"content":{"rendered":"","protected":false},"excerpt":{"rendered":"<div class=\"gem-list gem-list-type-check-style-1 gem-list-color-14\">\n<ul>\n<li>Mali i kompaktan, ali dovoljno sna\u017ean da pro\u010disti jednu prostoriju od 48m\u00b2 od neugodnih mirisa, dima te raznih alergena!<\/li>\n<li>Uz brzinu pro\u010di\u0161\u0107avanja do 230 m\u00b3\/h i cirkulaciju zraka od 360\u00b0 omogu\u0107uje hvatanje 99.97% sitnih \u010destica zraka od 0.3 mikrona!<\/li>\n<li>Njegova tri u jedan filtracija \u010duva va\u0161e zdravlje i isporu\u010duje kvalitetan zrak u svako doba dana!<\/li>\n<\/ul>\n<\/div>","protected":false},"featured_media":30559,"comment_status":"closed","ping_status":"closed","template":"","meta":{"_themeisle_gutenberg_block_has_review":false},"product_brand":[],"product_cat":[313,309,288],"product_tag":[],"class_list":{"0":"post-4754","1":"product","2":"type-product","3":"status-publish","4":"has-post-thumbnail","6":"product_cat-prociscivaci-zraka","7":"product_cat-mali-kucni-aparati","8":"product_cat-svi-proizvodi","10":"first","11":"instock","12":"purchasable","13":"product-type-simple","14":"add-to-wishlist-after_add_to_cart"},"_links":{"self":[{"href":"https:\/\/mobishop-posusje.com\/en\/wp-json\/wp\/v2\/product\/4754","targetHints":{"allow":["GET"]}}],"collection":[{"href":"https:\/\/mobishop-posusje.com\/en\/wp-json\/wp\/v2\/product"}],"about":[{"href":"https:\/\/mobishop-posusje.com\/en\/wp-json\/wp\/v2\/types\/product"}],"replies":[{"embeddable":true,"href":"https:\/\/mobishop-posusje.com\/en\/wp-json\/wp\/v2\/comments?post=4754"}],"version-history":[{"count":4,"href":"https:\/\/mobishop-posusje.com\/en\/wp-json\/wp\/v2\/product\/4754\/revisions"}],"predecessor-version":[{"id":30560,"href":"https:\/\/mobishop-posusje.com\/en\/wp-json\/wp\/v2\/product\/4754\/revisions\/30560"}],"wp:featuredmedia":[{"embeddable":true,"href":"https:\/\/mobishop-posusje.com\/en\/wp-json\/wp\/v2\/media\/30559"}],"wp:attachment":[{"href":"https:\/\/mobishop-posusje.com\/en\/wp-json\/wp\/v2\/media?parent=4754"}],"wp:term":[{"taxonomy":"product_brand","embeddable":true,"href":"https:\/\/mobishop-posusje.com\/en\/wp-json\/wp\/v2\/product_brand?post=4754"},{"taxonomy":"product_cat","embeddable":true,"href":"https:\/\/mobishop-posusje.com\/en\/wp-json\/wp\/v2\/product_cat?post=4754"},{"taxonomy":"product_tag","embeddable":true,"href":"https:\/\/mobishop-posusje.com\/en\/wp-json\/wp\/v2\/product_tag?post=4754"}],"curies":[{"name":"wp","href":"https:\/\/api.w.org\/{rel}","templated":true}]}}