{"id":4766,"date":"2024-02-22T11:13:20","date_gmt":"2024-02-22T10:13:20","guid":{"rendered":"https:\/\/mobishop-posusje.com\/?post_type=product&#038;p=4766"},"modified":"2025-07-03T19:32:05","modified_gmt":"2025-07-03T19:32:05","slug":"bosch-bchf216s-stapni-usisavac","status":"publish","type":"product","link":"https:\/\/mobishop-posusje.com\/en\/svi-proizvodi\/mali-kucni-aparati\/stapni-usisivaci\/bosch-bchf216s-stapni-usisavac\/","title":{"rendered":"BOSCH \u0160tapni Usisiva\u010d BCHF216S"},"content":{"rendered":"","protected":false},"excerpt":{"rendered":"<div class=\"gem-list gem-list-type-check-style-1 gem-list-color-14\">\n<ul>\n<li>Prakti\u010dna funkcionalnost 2u1: Ru\u010dni usisava\u010d i \u0161tapni baterijski usisava\u010d u jednom aparatu.<\/li>\n<li>Litij-ionska tehnologija: dugotrajne baterije za kontinuiranu visoku u\u010dinkovitost i kratko vrijeme punjenja.<\/li>\n<li>Elektri\u010dna motorna \u010detka za temeljito \u010di\u0161\u0107enje svih podnih povr\u0161ina.<\/li>\n<li>Dvije razine snage.<\/li>\n<li>Perivi filter.<\/li>\n<li>Easy Clean System: jednostavno odvajanje i \u010di\u0161\u0107enje \u010detke podnog nastavka.<\/li>\n<li>Vrijeme rada: do 40 min.<\/li>\n<li>Vrijeme punjenja: 4\u20135 sati.<\/li>\n<li>Garancija 2 godine.<\/li>\n<\/ul>\n<\/div>","protected":false},"featured_media":30557,"comment_status":"closed","ping_status":"closed","template":"","meta":{"_themeisle_gutenberg_block_has_review":false},"product_brand":[],"product_cat":[315,309,288],"product_tag":[],"class_list":{"0":"post-4766","1":"product","2":"type-product","3":"status-publish","4":"has-post-thumbnail","6":"product_cat-stapni-usisivaci","7":"product_cat-mali-kucni-aparati","8":"product_cat-svi-proizvodi","10":"first","11":"instock","12":"purchasable","13":"product-type-simple","14":"add-to-wishlist-after_add_to_cart"},"_links":{"self":[{"href":"https:\/\/mobishop-posusje.com\/en\/wp-json\/wp\/v2\/product\/4766","targetHints":{"allow":["GET"]}}],"collection":[{"href":"https:\/\/mobishop-posusje.com\/en\/wp-json\/wp\/v2\/product"}],"about":[{"href":"https:\/\/mobishop-posusje.com\/en\/wp-json\/wp\/v2\/types\/product"}],"replies":[{"embeddable":true,"href":"https:\/\/mobishop-posusje.com\/en\/wp-json\/wp\/v2\/comments?post=4766"}],"version-history":[{"count":4,"href":"https:\/\/mobishop-posusje.com\/en\/wp-json\/wp\/v2\/product\/4766\/revisions"}],"predecessor-version":[{"id":30681,"href":"https:\/\/mobishop-posusje.com\/en\/wp-json\/wp\/v2\/product\/4766\/revisions\/30681"}],"wp:featuredmedia":[{"embeddable":true,"href":"https:\/\/mobishop-posusje.com\/en\/wp-json\/wp\/v2\/media\/30557"}],"wp:attachment":[{"href":"https:\/\/mobishop-posusje.com\/en\/wp-json\/wp\/v2\/media?parent=4766"}],"wp:term":[{"taxonomy":"product_brand","embeddable":true,"href":"https:\/\/mobishop-posusje.com\/en\/wp-json\/wp\/v2\/product_brand?post=4766"},{"taxonomy":"product_cat","embeddable":true,"href":"https:\/\/mobishop-posusje.com\/en\/wp-json\/wp\/v2\/product_cat?post=4766"},{"taxonomy":"product_tag","embeddable":true,"href":"https:\/\/mobishop-posusje.com\/en\/wp-json\/wp\/v2\/product_tag?post=4766"}],"curies":[{"name":"wp","href":"https:\/\/api.w.org\/{rel}","templated":true}]}}