{"id":4768,"date":"2024-02-22T11:20:53","date_gmt":"2024-02-22T10:20:53","guid":{"rendered":"https:\/\/mobishop-posusje.com\/?post_type=product&#038;p=4768"},"modified":"2025-07-03T19:32:07","modified_gmt":"2025-07-03T19:32:07","slug":"bosch-2u1-flexxo-bbh3all23-stapni-usisavac","status":"publish","type":"product","link":"https:\/\/mobishop-posusje.com\/en\/svi-proizvodi\/mali-kucni-aparati\/stapni-usisivaci\/bosch-2u1-flexxo-bbh3all23-stapni-usisavac\/","title":{"rendered":"BOSCH \u0160tapni Usisiva\u010d 2U1 FLEXXO BBH3ALL23"},"content":{"rendered":"","protected":false},"excerpt":{"rendered":"<div class=\"gem-list gem-list-type-check-style-1 gem-list-color-14\">\n<ul>\n<li>Serija 4, Be\u017ei\u010dni \u0161tapni usisava\u010d, Flexxo 23 V max, Sme\u0111i<\/li>\n<li>Litij-ionska tehnologija: Trajne baterije za stalno visoke performanse i kratko vrijeme punjenja.<\/li>\n<li>Uvijek nadohvat ruke: dodatna oprema koja se mo\u017ee kombinovati integrisana je u sam ure\u0111aj.<\/li>\n<li>Za sve zadatke \u010di\u0161\u0107enja: Brzo \u010disti sve podove, \u010dak i ispod namje\u0161taja, zahvaljuju\u0107i izuzetno pokretnom spoju nastavaka i sve druge povr\u0161ine integrisanim ru\u010dnim usisava\u010dem.<\/li>\n<li>\u010ci\u0161\u0107enje na svim nivoima: mnogi dodatci \u010diste sve vrste ne\u010disto\u0107a, od poda do plafona  te \u010dak i u automobilu.<\/li>\n<li>Prakti\u010dna 2u1 funkcionalnost: Ru\u010dni usisava\u010d i \u0161tapni usisava\u010d u jednom ure\u0111aju za ve\u0107u fleksibilnost.<\/li>\n<\/ul>\n<\/div>","protected":false},"featured_media":30556,"comment_status":"closed","ping_status":"closed","template":"","meta":{"_themeisle_gutenberg_block_has_review":false},"product_brand":[],"product_cat":[315,309,288],"product_tag":[],"class_list":{"0":"post-4768","1":"product","2":"type-product","3":"status-publish","4":"has-post-thumbnail","6":"product_cat-stapni-usisivaci","7":"product_cat-mali-kucni-aparati","8":"product_cat-svi-proizvodi","10":"first","11":"instock","12":"purchasable","13":"product-type-simple","14":"add-to-wishlist-after_add_to_cart"},"_links":{"self":[{"href":"https:\/\/mobishop-posusje.com\/en\/wp-json\/wp\/v2\/product\/4768","targetHints":{"allow":["GET"]}}],"collection":[{"href":"https:\/\/mobishop-posusje.com\/en\/wp-json\/wp\/v2\/product"}],"about":[{"href":"https:\/\/mobishop-posusje.com\/en\/wp-json\/wp\/v2\/types\/product"}],"replies":[{"embeddable":true,"href":"https:\/\/mobishop-posusje.com\/en\/wp-json\/wp\/v2\/comments?post=4768"}],"version-history":[{"count":3,"href":"https:\/\/mobishop-posusje.com\/en\/wp-json\/wp\/v2\/product\/4768\/revisions"}],"predecessor-version":[{"id":30680,"href":"https:\/\/mobishop-posusje.com\/en\/wp-json\/wp\/v2\/product\/4768\/revisions\/30680"}],"wp:featuredmedia":[{"embeddable":true,"href":"https:\/\/mobishop-posusje.com\/en\/wp-json\/wp\/v2\/media\/30556"}],"wp:attachment":[{"href":"https:\/\/mobishop-posusje.com\/en\/wp-json\/wp\/v2\/media?parent=4768"}],"wp:term":[{"taxonomy":"product_brand","embeddable":true,"href":"https:\/\/mobishop-posusje.com\/en\/wp-json\/wp\/v2\/product_brand?post=4768"},{"taxonomy":"product_cat","embeddable":true,"href":"https:\/\/mobishop-posusje.com\/en\/wp-json\/wp\/v2\/product_cat?post=4768"},{"taxonomy":"product_tag","embeddable":true,"href":"https:\/\/mobishop-posusje.com\/en\/wp-json\/wp\/v2\/product_tag?post=4768"}],"curies":[{"name":"wp","href":"https:\/\/api.w.org\/{rel}","templated":true}]}}