{"id":4792,"date":"2024-03-12T14:09:30","date_gmt":"2024-03-12T13:09:30","guid":{"rendered":"https:\/\/mobishop-posusje.com\/?post_type=product&#038;p=4792"},"modified":"2025-07-03T19:28:48","modified_gmt":"2025-07-03T19:28:48","slug":"dyson-v15-detect-absolute-gold","status":"publish","type":"product","link":"https:\/\/mobishop-posusje.com\/en\/svi-proizvodi\/mali-kucni-aparati\/stapni-usisivaci\/dyson-v15-detect-absolute-gold\/","title":{"rendered":"Dyson \u0160tapni Usisiva\u010d V15 Detect Absolute GOLD"},"content":{"rendered":"","protected":false},"excerpt":{"rendered":"<div class=\"gem-list gem-list-type-check-style-1 gem-list-color-14\">\n<ul>\n<li>Be\u017ei\u010dni usisiva\u010d s najvi\u0161om snagom usisa<\/li>\n<li>Do 60 minuta rada uklju\u010duju\u0107i izmjenjivu bateriju<\/li>\n<li>Laser detektira nevidljive \u010destice<\/li>\n<li>Mjerenje mikroskopskih sitnih \u010destica pra\u0161ine<\/li>\n<\/ul>\n<\/div>","protected":false},"featured_media":30554,"comment_status":"closed","ping_status":"closed","template":"","meta":{"_themeisle_gutenberg_block_has_review":false},"product_brand":[],"product_cat":[315,309,288],"product_tag":[],"class_list":{"0":"post-4792","1":"product","2":"type-product","3":"status-publish","4":"has-post-thumbnail","6":"product_cat-stapni-usisivaci","7":"product_cat-mali-kucni-aparati","8":"product_cat-svi-proizvodi","10":"first","11":"instock","12":"purchasable","13":"product-type-simple","14":"add-to-wishlist-after_add_to_cart"},"_links":{"self":[{"href":"https:\/\/mobishop-posusje.com\/en\/wp-json\/wp\/v2\/product\/4792","targetHints":{"allow":["GET"]}}],"collection":[{"href":"https:\/\/mobishop-posusje.com\/en\/wp-json\/wp\/v2\/product"}],"about":[{"href":"https:\/\/mobishop-posusje.com\/en\/wp-json\/wp\/v2\/types\/product"}],"replies":[{"embeddable":true,"href":"https:\/\/mobishop-posusje.com\/en\/wp-json\/wp\/v2\/comments?post=4792"}],"version-history":[{"count":6,"href":"https:\/\/mobishop-posusje.com\/en\/wp-json\/wp\/v2\/product\/4792\/revisions"}],"predecessor-version":[{"id":30679,"href":"https:\/\/mobishop-posusje.com\/en\/wp-json\/wp\/v2\/product\/4792\/revisions\/30679"}],"wp:featuredmedia":[{"embeddable":true,"href":"https:\/\/mobishop-posusje.com\/en\/wp-json\/wp\/v2\/media\/30554"}],"wp:attachment":[{"href":"https:\/\/mobishop-posusje.com\/en\/wp-json\/wp\/v2\/media?parent=4792"}],"wp:term":[{"taxonomy":"product_brand","embeddable":true,"href":"https:\/\/mobishop-posusje.com\/en\/wp-json\/wp\/v2\/product_brand?post=4792"},{"taxonomy":"product_cat","embeddable":true,"href":"https:\/\/mobishop-posusje.com\/en\/wp-json\/wp\/v2\/product_cat?post=4792"},{"taxonomy":"product_tag","embeddable":true,"href":"https:\/\/mobishop-posusje.com\/en\/wp-json\/wp\/v2\/product_tag?post=4792"}],"curies":[{"name":"wp","href":"https:\/\/api.w.org\/{rel}","templated":true}]}}