{"id":4796,"date":"2024-03-25T12:16:44","date_gmt":"2024-03-25T11:16:44","guid":{"rendered":"https:\/\/mobishop-posusje.com\/?post_type=product&#038;p=4796"},"modified":"2025-07-03T19:28:53","modified_gmt":"2025-07-03T19:28:53","slug":"dyson-supersonic-hd07","status":"publish","type":"product","link":"https:\/\/mobishop-posusje.com\/en\/svi-proizvodi\/nega-i-ljepota\/fenovi-za-kosu\/dyson-supersonic-hd07\/","title":{"rendered":"DYSON SUPERSONIC HD07"},"content":{"rendered":"","protected":false},"excerpt":{"rendered":"<div class=\"gem-list gem-list-type-check-style-1 gem-list-color-14\">\n<ul>\n<li>&#8211; Flyaway nastavak<\/li>\n<li>&#8211; Snaga 1600 W<\/li>\n<li>&#8211; 3 brzine, 4 postavke temperature<\/li>\n<li>&#8211; Sprje\u010dava o\u0161te\u0107enje kose<\/li>\n<li>Fen za kosu Dyson Supersonic HD07 Iron\/Fuchsia<\/li>\n<li>Brzo su\u0161enje. Nema ekstremne toplote.<\/li>\n<li>Sada sa novim nastavkom Flyaway.<\/li>\n<li>Pet nastavaka za oblikovanje kose na va\u0161 na\u010din.<\/li>\n<li>Precizan i sna\u017ean protok zraka zahvaljuju\u0107i mo\u0107nom Dysonovom digitalnom motoru V9 i tehnologiji Air Multiplier, motor je smje\u0161ten u ru\u010dki, s magnetskim nastavcima koji se mogu lako zamijeniti i rotirati. Zahvaljuju\u0107i tehnologiji Heat Shield, povr\u0161ine dodataka ostaju hladne \u010dak i pri oblikovanju u blizini.<\/li>\n<li>NOVO: Flyaway nastavak &#8211; Idealan nastavak za zavr\u0161nu obradu. Skriva neposlu\u0161nu mladu kosu ispod du\u017eih dijelova kose kako bi dobili glatki zavr\u0161ni sjaj. Samo pomo\u0107u zraka.<\/li>\n<\/ul>\n<\/div>","protected":false},"featured_media":30521,"comment_status":"closed","ping_status":"closed","template":"","meta":{"_themeisle_gutenberg_block_has_review":false},"product_brand":[],"product_cat":[294,293,288],"product_tag":[],"class_list":{"0":"post-4796","1":"product","2":"type-product","3":"status-publish","4":"has-post-thumbnail","6":"product_cat-fenovi-za-kosu","7":"product_cat-nega-i-ljepota","8":"product_cat-svi-proizvodi","10":"first","11":"instock","12":"purchasable","13":"product-type-simple","14":"add-to-wishlist-after_add_to_cart"},"_links":{"self":[{"href":"https:\/\/mobishop-posusje.com\/en\/wp-json\/wp\/v2\/product\/4796","targetHints":{"allow":["GET"]}}],"collection":[{"href":"https:\/\/mobishop-posusje.com\/en\/wp-json\/wp\/v2\/product"}],"about":[{"href":"https:\/\/mobishop-posusje.com\/en\/wp-json\/wp\/v2\/types\/product"}],"replies":[{"embeddable":true,"href":"https:\/\/mobishop-posusje.com\/en\/wp-json\/wp\/v2\/comments?post=4796"}],"version-history":[{"count":3,"href":"https:\/\/mobishop-posusje.com\/en\/wp-json\/wp\/v2\/product\/4796\/revisions"}],"predecessor-version":[{"id":6095,"href":"https:\/\/mobishop-posusje.com\/en\/wp-json\/wp\/v2\/product\/4796\/revisions\/6095"}],"wp:featuredmedia":[{"embeddable":true,"href":"https:\/\/mobishop-posusje.com\/en\/wp-json\/wp\/v2\/media\/30521"}],"wp:attachment":[{"href":"https:\/\/mobishop-posusje.com\/en\/wp-json\/wp\/v2\/media?parent=4796"}],"wp:term":[{"taxonomy":"product_brand","embeddable":true,"href":"https:\/\/mobishop-posusje.com\/en\/wp-json\/wp\/v2\/product_brand?post=4796"},{"taxonomy":"product_cat","embeddable":true,"href":"https:\/\/mobishop-posusje.com\/en\/wp-json\/wp\/v2\/product_cat?post=4796"},{"taxonomy":"product_tag","embeddable":true,"href":"https:\/\/mobishop-posusje.com\/en\/wp-json\/wp\/v2\/product_tag?post=4796"}],"curies":[{"name":"wp","href":"https:\/\/api.w.org\/{rel}","templated":true}]}}