{"id":4890,"date":"2023-10-09T13:37:50","date_gmt":"2023-10-09T11:37:50","guid":{"rendered":"https:\/\/mobishop-posusje.com\/?post_type=product&#038;p=4603"},"modified":"2025-04-23T21:23:30","modified_gmt":"2025-04-23T21:23:30","slug":"jbl-520bt-on-ear-slusalice","status":"publish","type":"product","link":"https:\/\/mobishop-posusje.com\/en\/svi-proizvodi\/mobiteli-i-oprema\/mobitel-slusalice\/bluetooth-slusalice-mobitel\/jbl-520bt-on-ear-slusalice\/","title":{"rendered":"JBL 520BT On Ear slu\u0161alice"},"content":{"rendered":"","protected":false},"excerpt":{"rendered":"<div class=\"gem-list gem-list-type-check-style-1 gem-list-color-14\">\n<ul>\n<li>JBL Tune 520BT be\u017ei\u010dne slu\u0161alice prenijet \u0107e vas u svijet glazbe kao nikada prije! Sna\u017eni JBL Pure Bass zvuk pokre\u0107e va\u0161u glazbu s dodatnim ritmom i vibracijama, ba\u0161 kao \u0161to to \u010dini na najpoznatijim glazbenim pozornicama diljem svijeta. Pripremite se za pravi do\u017eivljaj!<\/li>\n<li>Nevjerojatna be\u017ei\u010dna tehnologija omogu\u0107uje vam strujanje visokokvalitetnog zvuka s bilo kojeg ure\u0111aja, bilo da ste u pokretu, na poslu ili kod ku\u0107e. I \u0161to je najbolje, mo\u017eete prilagoditi svoje slu\u0161anje putem JBL Headphones aplikacije. Preuzmite kontrolu nad svojom glazbom!<\/li>\n<li>Lako\u0107a upravljanja i povezivanja klju\u010dni su elementi ovih slu\u0161alica. S lako\u0107om prebacujte sa svojeg tableta na telefon putem vi\u0161estrukih veza i koristite funkcije kao \u0161to su Voice Aware hands-free pozivi, Hej Google i Siri, samo pritiskom na gumb. Savr\u0161eno jednostavno!<\/li>\n<li>520BT su posebno dizajnirane za dugotrajnu udobnost. Zahvaljuju\u0107i laganoj konstrukciji, mekanim jastu\u010di\u0107ima za u\u0161i i podstavljenoj traci za glavu, mo\u017eete u\u017eivati u slu\u0161anju glazbe bez ikakvih neugodnosti \u010dak i tijekom dugih razdoblja. A tu je i baterija s brzim punjenjem koja ima dugi vijek trajanja.<\/li>\n<li>U paketu dobivate JBL Tune 520BT be\u017ei\u010dne Bluetooth slu\u0161alice, USB-C kabel za punjenje, brzi vodi\u010d za po\u010detak rada, jamstvo i sigurnosni list. Sve je to u prekrasnoj crnoj boji koja \u0107e se savr\u0161eno uklopiti u va\u0161 stil.<\/li>\n<li>Sada je vrijeme da se prepustite glazbi i u\u017eivate u bezvremenskom do\u017eivljaju. JBL Tune 520BT slu\u0161alice su tu da vam pru\u017ee najbolji zvuk i udobnost. Ne propustite priliku i naru\u010dite ih odmah!<\/li>\n<\/ul>\n<\/div>","protected":false},"featured_media":30148,"comment_status":"closed","ping_status":"closed","template":"","meta":{"_themeisle_gutenberg_block_has_review":false},"product_brand":[],"product_cat":[355,362,320,316,361,288],"product_tag":[],"class_list":{"0":"post-4890","1":"product","2":"type-product","3":"status-publish","4":"has-post-thumbnail","6":"product_cat-mobiteli-i-oprema","7":"product_cat-bluetooth-slusalice-mobitel","8":"product_cat-bluetooth-slusalice","9":"product_cat-zvucnici-i-slusalice","10":"product_cat-mobitel-slusalice","11":"product_cat-svi-proizvodi","13":"first","14":"instock","15":"purchasable","16":"product-type-simple","17":"add-to-wishlist-after_add_to_cart"},"_links":{"self":[{"href":"https:\/\/mobishop-posusje.com\/en\/wp-json\/wp\/v2\/product\/4890","targetHints":{"allow":["GET"]}}],"collection":[{"href":"https:\/\/mobishop-posusje.com\/en\/wp-json\/wp\/v2\/product"}],"about":[{"href":"https:\/\/mobishop-posusje.com\/en\/wp-json\/wp\/v2\/types\/product"}],"replies":[{"embeddable":true,"href":"https:\/\/mobishop-posusje.com\/en\/wp-json\/wp\/v2\/comments?post=4890"}],"version-history":[{"count":3,"href":"https:\/\/mobishop-posusje.com\/en\/wp-json\/wp\/v2\/product\/4890\/revisions"}],"predecessor-version":[{"id":6281,"href":"https:\/\/mobishop-posusje.com\/en\/wp-json\/wp\/v2\/product\/4890\/revisions\/6281"}],"wp:featuredmedia":[{"embeddable":true,"href":"https:\/\/mobishop-posusje.com\/en\/wp-json\/wp\/v2\/media\/30148"}],"wp:attachment":[{"href":"https:\/\/mobishop-posusje.com\/en\/wp-json\/wp\/v2\/media?parent=4890"}],"wp:term":[{"taxonomy":"product_brand","embeddable":true,"href":"https:\/\/mobishop-posusje.com\/en\/wp-json\/wp\/v2\/product_brand?post=4890"},{"taxonomy":"product_cat","embeddable":true,"href":"https:\/\/mobishop-posusje.com\/en\/wp-json\/wp\/v2\/product_cat?post=4890"},{"taxonomy":"product_tag","embeddable":true,"href":"https:\/\/mobishop-posusje.com\/en\/wp-json\/wp\/v2\/product_tag?post=4890"}],"curies":[{"name":"wp","href":"https:\/\/api.w.org\/{rel}","templated":true}]}}