{"id":4891,"date":"2023-10-09T13:42:47","date_gmt":"2023-10-09T11:42:47","guid":{"rendered":"https:\/\/mobishop-posusje.com\/?post_type=product&#038;p=4605"},"modified":"2025-04-16T08:11:35","modified_gmt":"2025-04-16T08:11:35","slug":"jbl-horizon2-bluetooth-zvucnik-i-sat","status":"publish","type":"product","link":"https:\/\/mobishop-posusje.com\/en\/svi-proizvodi\/zvucnici-i-slusalice\/bluetooth-zvucnici\/jbl-horizon2-bluetooth-zvucnik-i-sat\/","title":{"rendered":"JBL HORIZON2 Bluetooth zvucnik i sat"},"content":{"rendered":"","protected":false},"excerpt":{"rendered":"<div class=\"gem-list gem-list-type-check-style-1 gem-list-color-14\">\n<ul>\n<li>Probudite se uz JBL Pro Sound. Sa svojim prepoznatljivim okruglim dizajnom, ambijentalnim LED svjetlom i FM radiom, JBL Horizon 2 upotpunjuje svaku spava\u0107u sobu. Veliki LCD zaslon jasno prikazuje vrijeme, postavke alarma i informacije o radiju, dok se navlaka od tkanine za \u017eivotni stil savr\u0161eno uklapa u svaki dekor. Izaberite neki od tonova alarma ili neku od svojih omiljenih FM radio stanica. Okretno kontrolno dugme koje se lako koristi omogu\u0107ava vam postavljanje i odlaganje alarma, pode\u0161avanje ja\u010dine zvuka ili uklju\u010divanje i isklju\u010divanje ambijentalnog svetla. Uz dva prakti\u010dna USB priklju\u010dka za punjenje va\u0161ih ure\u0111aja, JBL Horizon 2 je savr\u0161en suputnik uz krevet.<\/li>\n<li>Prilagodite svoj jutarnji alarm Personalizirajte svoj alarm s vi\u0161estrukim audio izborom. Odaberite svoju omiljenu radio stanicu ili jedan od ugra\u0111enih digitalnih tonova alarma. Postavite nezavisne alarme za vas i va\u0161eg partnera.<\/li>\n<li>Sna\u017ean JBL Pro zvuk Bilo da prenosite muziku putem Bluetooth-a ili slu\u0161ate svoju omiljenu radio stanicu, ispunite svoju sobu impresivnim JBL Pro Sound-om.<\/li>\n<li>Uklju\u010dite svoje omiljene radio stanice JBL Horizon 2 radio sa satom mo\u017ee da vas probudi \u2013 ili da vam pravi dru\u0161tvo \u2013 uz FM radio stanice. Tri pogodna unapred pode\u0161ena dugmeta vode vas direktno do va\u0161ih omiljenih stanica.<\/li>\n<li>Specifikacije: 3,5 mm audio kabl Ulaz: Da Bluetooth: Da Be\u017ei\u010dni: Da LCD ekran: Da<\/li>\n<\/ul>\n<\/div>","protected":false},"featured_media":30599,"comment_status":"closed","ping_status":"closed","template":"","meta":{"_themeisle_gutenberg_block_has_review":false},"product_brand":[],"product_cat":[318,316,288],"product_tag":[],"class_list":{"0":"post-4891","1":"product","2":"type-product","3":"status-publish","4":"has-post-thumbnail","6":"product_cat-bluetooth-zvucnici","7":"product_cat-zvucnici-i-slusalice","8":"product_cat-svi-proizvodi","10":"first","11":"instock","12":"purchasable","13":"product-type-simple","14":"add-to-wishlist-after_add_to_cart"},"_links":{"self":[{"href":"https:\/\/mobishop-posusje.com\/en\/wp-json\/wp\/v2\/product\/4891","targetHints":{"allow":["GET"]}}],"collection":[{"href":"https:\/\/mobishop-posusje.com\/en\/wp-json\/wp\/v2\/product"}],"about":[{"href":"https:\/\/mobishop-posusje.com\/en\/wp-json\/wp\/v2\/types\/product"}],"replies":[{"embeddable":true,"href":"https:\/\/mobishop-posusje.com\/en\/wp-json\/wp\/v2\/comments?post=4891"}],"version-history":[{"count":2,"href":"https:\/\/mobishop-posusje.com\/en\/wp-json\/wp\/v2\/product\/4891\/revisions"}],"predecessor-version":[{"id":6279,"href":"https:\/\/mobishop-posusje.com\/en\/wp-json\/wp\/v2\/product\/4891\/revisions\/6279"}],"wp:featuredmedia":[{"embeddable":true,"href":"https:\/\/mobishop-posusje.com\/en\/wp-json\/wp\/v2\/media\/30599"}],"wp:attachment":[{"href":"https:\/\/mobishop-posusje.com\/en\/wp-json\/wp\/v2\/media?parent=4891"}],"wp:term":[{"taxonomy":"product_brand","embeddable":true,"href":"https:\/\/mobishop-posusje.com\/en\/wp-json\/wp\/v2\/product_brand?post=4891"},{"taxonomy":"product_cat","embeddable":true,"href":"https:\/\/mobishop-posusje.com\/en\/wp-json\/wp\/v2\/product_cat?post=4891"},{"taxonomy":"product_tag","embeddable":true,"href":"https:\/\/mobishop-posusje.com\/en\/wp-json\/wp\/v2\/product_tag?post=4891"}],"curies":[{"name":"wp","href":"https:\/\/api.w.org\/{rel}","templated":true}]}}