{"id":4892,"date":"2023-10-10T10:38:48","date_gmt":"2023-10-10T08:38:48","guid":{"rendered":"https:\/\/mobishop-posusje.com\/?post_type=product&#038;p=4614"},"modified":"2025-12-05T12:53:46","modified_gmt":"2025-12-05T12:53:46","slug":"apple-iphone-15","status":"publish","type":"product","link":"https:\/\/mobishop-posusje.com\/en\/svi-proizvodi\/mobiteli-i-oprema\/apple\/apple-iphone-15\/","title":{"rendered":"Apple iPhone 15"},"content":{"rendered":"","protected":false},"excerpt":{"rendered":"<p><strong>Cash Payment Price<\/strong><\/p>\n<div class=\"gem-list gem-list-type-check-style-1 gem-list-color-14\">\n<ul>\n<li>iPhone 15 sti\u017ee uz 6.1 OLED ekran, a posjeduje i tzv. dinami\u010dno ostrvo (Dynamic Island). iPhone 15 modele pokre\u0107e A 1 6 Bionic chipset, sa procesorom od 6 jezgri, radnog takta do 3.46 GHz. Novost kod serije 15 je zna\u010dajno pove\u0107ana rezolucija glavne kamere, koja sada ima 48 Mp, a uz nju se straga nalazi i \u0161irokokutna kamera od 12 Mp. Uz ovu kombinaciju mo\u017eete snimati i video u 4K rezoluciji do 60 fps. Selfi kamera na seriji 15 je 12 Mp, potpomognuta sa Sl 3D senzorom dubinske o\u0161trine. Velika novost kod serije 15 je povezivanje i punjenje putem USB Type-C kabla (2.0 verzija), \u0161to \u0107e se svidjeti mnogima. Uz bateriju od 3349 mAh, iz Applea obe\u0107avaju mogu\u0107nost cjelodnevnog kori\u0161tenja uz do 20 sati gledanja video sadr\u017eaja za iPhone 15.<\/li>\n<li>Predstavljen: Septembar, 2023<\/li>\n<li>Ekran: 6.1\u2033, Super Retina XDR OLED, HDR10, 1179 x 2556px<\/li>\n<li>Chipset: Apple A 1 6 Bionic<\/li>\n<li>Procesor: Hexa-core (2x 3.46 GHz Everest i 4x 2.02 GHz Sawtooth jezgre)<\/li>\n<li>Grafika: Apple GPU (5 jezgri)<\/li>\n<li>RAM memorija: 6 GB<\/li>\n<li>Interna memorija: 128 GB<\/li>\n<li>microSD slot: NEMA<\/li>\n<li>Stra\u017enje kamere: 48 MP, f\/1.6, 26mm, 1\/1.56\u2033, 1.0\u00b5m, PDAF, opti\u010dki stabilizator slike, 12 MP, f\/2.4, 13mm, 120\u02da (\u0161irokokutna), Video 4K@60fps<\/li>\n<li>Prednja kamera: 12 MP, f\/1.9, 23mm, 1\/3.6\u2033, PDAF, SL 3D (senzor dubinske o\u0161trine\/biometric senzor), Video 4K@60fps<\/li>\n<li>Kapacitet baterije: 3349 mAh<\/li>\n<li>Dodatno: Face ID, wireless 15W (MagSafe), wireless 7.5W (Qi), mogu\u0107nost punjenja drugih ure\u0111aja snagom od 4.5W (\u017ei\u010dno)<\/li>\n<li>OS: iOS 17 ili noviji<\/li>\n<\/ul>\n<\/div>","protected":false},"featured_media":30142,"comment_status":"closed","ping_status":"closed","template":"","meta":{"_themeisle_gutenberg_block_has_review":false},"product_brand":[],"product_cat":[355,369,288],"product_tag":[],"class_list":{"0":"post-4892","1":"product","2":"type-product","3":"status-publish","4":"has-post-thumbnail","6":"product_cat-mobiteli-i-oprema","7":"product_cat-apple","8":"product_cat-svi-proizvodi","10":"first","11":"instock","12":"sale","13":"purchasable","14":"product-type-simple","15":"add-to-wishlist-after_add_to_cart"},"_links":{"self":[{"href":"https:\/\/mobishop-posusje.com\/en\/wp-json\/wp\/v2\/product\/4892","targetHints":{"allow":["GET"]}}],"collection":[{"href":"https:\/\/mobishop-posusje.com\/en\/wp-json\/wp\/v2\/product"}],"about":[{"href":"https:\/\/mobishop-posusje.com\/en\/wp-json\/wp\/v2\/types\/product"}],"replies":[{"embeddable":true,"href":"https:\/\/mobishop-posusje.com\/en\/wp-json\/wp\/v2\/comments?post=4892"}],"version-history":[{"count":4,"href":"https:\/\/mobishop-posusje.com\/en\/wp-json\/wp\/v2\/product\/4892\/revisions"}],"predecessor-version":[{"id":30754,"href":"https:\/\/mobishop-posusje.com\/en\/wp-json\/wp\/v2\/product\/4892\/revisions\/30754"}],"wp:featuredmedia":[{"embeddable":true,"href":"https:\/\/mobishop-posusje.com\/en\/wp-json\/wp\/v2\/media\/30142"}],"wp:attachment":[{"href":"https:\/\/mobishop-posusje.com\/en\/wp-json\/wp\/v2\/media?parent=4892"}],"wp:term":[{"taxonomy":"product_brand","embeddable":true,"href":"https:\/\/mobishop-posusje.com\/en\/wp-json\/wp\/v2\/product_brand?post=4892"},{"taxonomy":"product_cat","embeddable":true,"href":"https:\/\/mobishop-posusje.com\/en\/wp-json\/wp\/v2\/product_cat?post=4892"},{"taxonomy":"product_tag","embeddable":true,"href":"https:\/\/mobishop-posusje.com\/en\/wp-json\/wp\/v2\/product_tag?post=4892"}],"curies":[{"name":"wp","href":"https:\/\/api.w.org\/{rel}","templated":true}]}}