{"id":4895,"date":"2023-11-21T16:06:17","date_gmt":"2023-11-21T15:06:17","guid":{"rendered":"https:\/\/mobishop-posusje.com\/?post_type=product&#038;p=4678"},"modified":"2025-04-23T15:30:57","modified_gmt":"2025-04-23T15:30:57","slug":"xiaomi-wireless-keyboard-and-mouse-combo-hr-bezicna-tipkovnica-i-mis","status":"publish","type":"product","link":"https:\/\/mobishop-posusje.com\/en\/svi-proizvodi\/racunari\/tipkovnice\/xiaomi-wireless-keyboard-and-mouse-combo-hr-bezicna-tipkovnica-i-mis\/","title":{"rendered":"Xiaomi Wireless Keyboard and Mouse Combo (HR) &#8211; Be\u017ei\u010dna tipkovnica i mi\u0161"},"content":{"rendered":"","protected":false},"excerpt":{"rendered":"<div class=\"gem-list gem-list-type-check-style-1 gem-list-color-14\">\n<ul>\n<li>Tipkovnica dolazi sa 104 tipke te dizajnom tri zone<\/li>\n<li>12 Fn tipki i nizom funkcija koje pojednostavljuju kori\u0161tenje<\/li>\n<li>Mi\u0161 srednje veli\u010dine opremljen 1000 DPI senzorom za preciznost<\/li>\n<li>Jedan USB nano i prijemnik povezuje i mi\u0161 i tipkovnicu<\/li>\n<\/ul>\n<\/div>","protected":false},"featured_media":30365,"comment_status":"closed","ping_status":"closed","template":"","meta":{"_themeisle_gutenberg_block_has_review":false},"product_brand":[],"product_cat":[335,342,341,288],"product_tag":[],"class_list":{"0":"post-4895","1":"product","2":"type-product","3":"status-publish","4":"has-post-thumbnail","6":"product_cat-racunari","7":"product_cat-tipkovnice","8":"product_cat-misevi","9":"product_cat-svi-proizvodi","11":"first","12":"instock","13":"purchasable","14":"product-type-simple","15":"add-to-wishlist-after_add_to_cart"},"_links":{"self":[{"href":"https:\/\/mobishop-posusje.com\/en\/wp-json\/wp\/v2\/product\/4895","targetHints":{"allow":["GET"]}}],"collection":[{"href":"https:\/\/mobishop-posusje.com\/en\/wp-json\/wp\/v2\/product"}],"about":[{"href":"https:\/\/mobishop-posusje.com\/en\/wp-json\/wp\/v2\/types\/product"}],"replies":[{"embeddable":true,"href":"https:\/\/mobishop-posusje.com\/en\/wp-json\/wp\/v2\/comments?post=4895"}],"version-history":[{"count":2,"href":"https:\/\/mobishop-posusje.com\/en\/wp-json\/wp\/v2\/product\/4895\/revisions"}],"predecessor-version":[{"id":6248,"href":"https:\/\/mobishop-posusje.com\/en\/wp-json\/wp\/v2\/product\/4895\/revisions\/6248"}],"wp:featuredmedia":[{"embeddable":true,"href":"https:\/\/mobishop-posusje.com\/en\/wp-json\/wp\/v2\/media\/30365"}],"wp:attachment":[{"href":"https:\/\/mobishop-posusje.com\/en\/wp-json\/wp\/v2\/media?parent=4895"}],"wp:term":[{"taxonomy":"product_brand","embeddable":true,"href":"https:\/\/mobishop-posusje.com\/en\/wp-json\/wp\/v2\/product_brand?post=4895"},{"taxonomy":"product_cat","embeddable":true,"href":"https:\/\/mobishop-posusje.com\/en\/wp-json\/wp\/v2\/product_cat?post=4895"},{"taxonomy":"product_tag","embeddable":true,"href":"https:\/\/mobishop-posusje.com\/en\/wp-json\/wp\/v2\/product_tag?post=4895"}],"curies":[{"name":"wp","href":"https:\/\/api.w.org\/{rel}","templated":true}]}}